{"id":59,"date":"2020-06-25T19:47:47","date_gmt":"2020-06-25T19:47:47","guid":{"rendered":"http:\/\/www.baumbiologie.com\/?page_id=59"},"modified":"2024-12-09T15:09:05","modified_gmt":"2024-12-09T15:09:05","slug":"seminare","status":"publish","type":"page","link":"https:\/\/www.baumbiologie.com\/?page_id=59","title":{"rendered":"Seminare"},"content":{"rendered":"\n<figure class=\"wp-block-gallery has-nested-images columns-default is-cropped wp-block-gallery-1 is-layout-flex wp-block-gallery-is-layout-flex\">\n<figure class=\"wp-block-image size-large\"><img fetchpriority=\"high\" decoding=\"async\" width=\"1024\" height=\"768\" data-id=\"1599\" src=\"https:\/\/www.baumbiologie.com\/wp-content\/uploads\/2020\/07\/20200609_131545-1024x768.jpg\" alt=\"\" class=\"wp-image-1599\" srcset=\"https:\/\/www.baumbiologie.com\/wp-content\/uploads\/2020\/07\/20200609_131545-1024x768.jpg 1024w, https:\/\/www.baumbiologie.com\/wp-content\/uploads\/2020\/07\/20200609_131545-300x225.jpg 300w, https:\/\/www.baumbiologie.com\/wp-content\/uploads\/2020\/07\/20200609_131545-768x576.jpg 768w, https:\/\/www.baumbiologie.com\/wp-content\/uploads\/2020\/07\/20200609_131545-1536x1152.jpg 1536w, https:\/\/www.baumbiologie.com\/wp-content\/uploads\/2020\/07\/20200609_131545-2048x1536.jpg 2048w\" sizes=\"(max-width: 1024px) 100vw, 1024px\" \/><\/figure>\n\n\n\n<figure class=\"wp-block-image size-large\"><img decoding=\"async\" width=\"1024\" height=\"768\" data-id=\"1737\" data-src=\"https:\/\/www.baumbiologie.com\/wp-content\/uploads\/2020\/07\/20171204_151332-1024x768.jpg\" alt=\"\" class=\"wp-image-1737 lazyload\" data-srcset=\"https:\/\/www.baumbiologie.com\/wp-content\/uploads\/2020\/07\/20171204_151332-1024x768.jpg 1024w, https:\/\/www.baumbiologie.com\/wp-content\/uploads\/2020\/07\/20171204_151332-300x225.jpg 300w, https:\/\/www.baumbiologie.com\/wp-content\/uploads\/2020\/07\/20171204_151332-768x576.jpg 768w, https:\/\/www.baumbiologie.com\/wp-content\/uploads\/2020\/07\/20171204_151332-1536x1152.jpg 1536w, https:\/\/www.baumbiologie.com\/wp-content\/uploads\/2020\/07\/20171204_151332-2048x1536.jpg 2048w\" data-sizes=\"(max-width: 1024px) 100vw, 1024px\" src=\"data:image\/svg+xml;base64,PHN2ZyB3aWR0aD0iMSIgaGVpZ2h0PSIxIiB4bWxucz0iaHR0cDovL3d3dy53My5vcmcvMjAwMC9zdmciPjwvc3ZnPg==\" style=\"--smush-placeholder-width: 1024px; --smush-placeholder-aspect-ratio: 1024\/768;\" \/><\/figure>\n\n\n\n<figure class=\"wp-block-image size-large\"><img decoding=\"async\" width=\"1024\" height=\"768\" data-id=\"1764\" data-src=\"https:\/\/www.baumbiologie.com\/wp-content\/uploads\/2020\/07\/20171019_121100-1024x768.jpg\" alt=\"\" class=\"wp-image-1764 lazyload\" data-srcset=\"https:\/\/www.baumbiologie.com\/wp-content\/uploads\/2020\/07\/20171019_121100-1024x768.jpg 1024w, https:\/\/www.baumbiologie.com\/wp-content\/uploads\/2020\/07\/20171019_121100-300x225.jpg 300w, https:\/\/www.baumbiologie.com\/wp-content\/uploads\/2020\/07\/20171019_121100-768x576.jpg 768w, https:\/\/www.baumbiologie.com\/wp-content\/uploads\/2020\/07\/20171019_121100-1536x1152.jpg 1536w, https:\/\/www.baumbiologie.com\/wp-content\/uploads\/2020\/07\/20171019_121100-2048x1536.jpg 2048w\" data-sizes=\"(max-width: 1024px) 100vw, 1024px\" src=\"data:image\/svg+xml;base64,PHN2ZyB3aWR0aD0iMSIgaGVpZ2h0PSIxIiB4bWxucz0iaHR0cDovL3d3dy53My5vcmcvMjAwMC9zdmciPjwvc3ZnPg==\" style=\"--smush-placeholder-width: 1024px; --smush-placeholder-aspect-ratio: 1024\/768;\" \/><\/figure>\n<\/figure>\n\n\n\n<p>Gutes Baummanagement ist eine Kombination aus Wissenschaft, Praxis und Kunst. Vertiefen Sie mit unsereren Kursen Ihr Wissen \u00fcber B\u00e4ume. Aktuelle Ergebnisse aus der Forschung und bew\u00e4hrte Kenntnisse aus der Praxis geben Ihnen eine neue Perspektive f\u00fcr Ihre Arbeit mit B\u00e4umen. Verstehen Sie, warum B\u00e4ume etwas tun und handeln Sie bewusst! <\/p>\n\n\n\n<h2 class=\"wp-block-heading\"><strong>Kursangebot<\/strong><\/h2>\n\n\n\n<ul class=\"wp-block-list\">\n<li><a href=\"https:\/\/www.baumbiologie.com\/?page_id=1849\">FLL-zertifizierter Baumkontrolleur<\/a><\/li>\n\n\n\n<li><a href=\"https:\/\/www.baumbiologie.com\/?page_id=1878\">Baumbiologie<\/a><\/li>\n\n\n\n<li><a href=\"https:\/\/www.baumbiologie.com\/?page_id=2497\">Eingehende Untersuchungen<\/a><\/li>\n\n\n\n<li><a href=\"https:\/\/www.baumbiologie.com\/?page_id=1874\">Holzanatomie<\/a><\/li>\n\n\n\n<li><a href=\"https:\/\/www.baumbiologie.com\/?page_id=1872\">Holzzersetzende Pilze<\/a><\/li>\n\n\n\n<li><a href=\"https:\/\/www.baumbiologie.com\/?page_id=2709\">Kommunale Baumpflegetagung Rhein-Main<\/a><\/li>\n<\/ul>\n\n\n\n<p>Bitte <a href=\"https:\/\/www.baumbiologie.com\/?page_id=100\">kontaktieren <\/a>Sie mich f\u00fcr Ihr individuell zusammengestelltes Seminar.<\/p>\n","protected":false},"excerpt":{"rendered":"<p>Gutes Baummanagement ist eine Kombination aus Wissenschaft, Praxis und Kunst. Vertiefen Sie mit unsereren Kursen Ihr Wissen \u00fcber B\u00e4ume. Aktuelle &hellip; <\/p>\n","protected":false},"author":1,"featured_media":0,"parent":0,"menu_order":0,"comment_status":"closed","ping_status":"closed","template":"","meta":{"_monsterinsights_skip_tracking":false,"_monsterinsights_sitenote_active":false,"_monsterinsights_sitenote_note":"","_monsterinsights_sitenote_category":0,"footnotes":""},"class_list":["post-59","page","type-page","status-publish","hentry"],"yoast_head":"<!-- This site is optimized with the Yoast SEO plugin v27.5 - https:\/\/yoast.com\/product\/yoast-seo-wordpress\/ -->\n<title>Seminare - Sachverst\u00e4ndigenb\u00fcro f\u00fcr Baumbiologie<\/title>\n<meta name=\"description\" content=\"Seminare und Kurse rund um das Thema Baum: Holzanatomie, Baumbiologie, Baumpilze, Baumkontrolle, Baumgutachten, Baumstatik\" \/>\n<meta name=\"robots\" content=\"index, follow, max-snippet:-1, max-image-preview:large, max-video-preview:-1\" \/>\n<link rel=\"canonical\" href=\"https:\/\/www.baumbiologie.com\/?page_id=59\" \/>\n<meta property=\"og:locale\" content=\"de_DE\" \/>\n<meta property=\"og:type\" content=\"article\" \/>\n<meta property=\"og:title\" content=\"Seminare - Sachverst\u00e4ndigenb\u00fcro f\u00fcr Baumbiologie\" \/>\n<meta property=\"og:description\" content=\"Seminare und Kurse rund um das Thema Baum: Holzanatomie, Baumbiologie, Baumpilze, Baumkontrolle, Baumgutachten, Baumstatik\" \/>\n<meta property=\"og:url\" content=\"https:\/\/www.baumbiologie.com\/?page_id=59\" \/>\n<meta property=\"og:site_name\" content=\"Sachverst\u00e4ndigenb\u00fcro f\u00fcr Baumbiologie\" \/>\n<meta property=\"article:modified_time\" content=\"2024-12-09T15:09:05+00:00\" \/>\n<meta property=\"og:image\" content=\"https:\/\/www.baumbiologie.com\/wp-content\/uploads\/2020\/07\/20200609_131545-scaled.jpg\" \/>\n\t<meta property=\"og:image:width\" content=\"2560\" \/>\n\t<meta property=\"og:image:height\" content=\"1920\" \/>\n\t<meta property=\"og:image:type\" content=\"image\/jpeg\" \/>\n<meta name=\"twitter:card\" content=\"summary_large_image\" \/>\n<meta name=\"twitter:label1\" content=\"Gesch\u00e4tzte Lesezeit\" \/>\n\t<meta name=\"twitter:data1\" content=\"1\u00a0Minute\" \/>\n<script type=\"application\/ld+json\" class=\"yoast-schema-graph\">{\"@context\":\"https:\\\/\\\/schema.org\",\"@graph\":[{\"@type\":\"WebPage\",\"@id\":\"https:\\\/\\\/www.baumbiologie.com\\\/?page_id=59\",\"url\":\"https:\\\/\\\/www.baumbiologie.com\\\/?page_id=59\",\"name\":\"Seminare - Sachverst\u00e4ndigenb\u00fcro f\u00fcr Baumbiologie\",\"isPartOf\":{\"@id\":\"https:\\\/\\\/www.baumbiologie.com\\\/#website\"},\"primaryImageOfPage\":{\"@id\":\"https:\\\/\\\/www.baumbiologie.com\\\/?page_id=59#primaryimage\"},\"image\":{\"@id\":\"https:\\\/\\\/www.baumbiologie.com\\\/?page_id=59#primaryimage\"},\"thumbnailUrl\":\"https:\\\/\\\/www.baumbiologie.com\\\/wp-content\\\/uploads\\\/2020\\\/07\\\/20200609_131545-1024x768.jpg\",\"datePublished\":\"2020-06-25T19:47:47+00:00\",\"dateModified\":\"2024-12-09T15:09:05+00:00\",\"description\":\"Seminare und Kurse rund um das Thema Baum: Holzanatomie, Baumbiologie, Baumpilze, Baumkontrolle, Baumgutachten, Baumstatik\",\"breadcrumb\":{\"@id\":\"https:\\\/\\\/www.baumbiologie.com\\\/?page_id=59#breadcrumb\"},\"inLanguage\":\"de\",\"potentialAction\":[{\"@type\":\"ReadAction\",\"target\":[\"https:\\\/\\\/www.baumbiologie.com\\\/?page_id=59\"]}]},{\"@type\":\"ImageObject\",\"inLanguage\":\"de\",\"@id\":\"https:\\\/\\\/www.baumbiologie.com\\\/?page_id=59#primaryimage\",\"url\":\"https:\\\/\\\/www.baumbiologie.com\\\/wp-content\\\/uploads\\\/2020\\\/07\\\/20200609_131545-1024x768.jpg\",\"contentUrl\":\"https:\\\/\\\/www.baumbiologie.com\\\/wp-content\\\/uploads\\\/2020\\\/07\\\/20200609_131545-1024x768.jpg\"},{\"@type\":\"BreadcrumbList\",\"@id\":\"https:\\\/\\\/www.baumbiologie.com\\\/?page_id=59#breadcrumb\",\"itemListElement\":[{\"@type\":\"ListItem\",\"position\":1,\"name\":\"Startseite\",\"item\":\"https:\\\/\\\/www.baumbiologie.com\\\/\"},{\"@type\":\"ListItem\",\"position\":2,\"name\":\"Seminare\"}]},{\"@type\":\"WebSite\",\"@id\":\"https:\\\/\\\/www.baumbiologie.com\\\/#website\",\"url\":\"https:\\\/\\\/www.baumbiologie.com\\\/\",\"name\":\"Sachverst\u00e4ndigenb\u00fcro f\u00fcr Baumbiologie\",\"description\":\"Baumgutachten - Forschung - Seminare\",\"potentialAction\":[{\"@type\":\"SearchAction\",\"target\":{\"@type\":\"EntryPoint\",\"urlTemplate\":\"https:\\\/\\\/www.baumbiologie.com\\\/?s={search_term_string}\"},\"query-input\":{\"@type\":\"PropertyValueSpecification\",\"valueRequired\":true,\"valueName\":\"search_term_string\"}}],\"inLanguage\":\"de\"}]}<\/script>\n<!-- \/ Yoast SEO plugin. -->","yoast_head_json":{"title":"Seminare - Sachverst\u00e4ndigenb\u00fcro f\u00fcr Baumbiologie","description":"Seminare und Kurse rund um das Thema Baum: Holzanatomie, Baumbiologie, Baumpilze, Baumkontrolle, Baumgutachten, Baumstatik","robots":{"index":"index","follow":"follow","max-snippet":"max-snippet:-1","max-image-preview":"max-image-preview:large","max-video-preview":"max-video-preview:-1"},"canonical":"https:\/\/www.baumbiologie.com\/?page_id=59","og_locale":"de_DE","og_type":"article","og_title":"Seminare - Sachverst\u00e4ndigenb\u00fcro f\u00fcr Baumbiologie","og_description":"Seminare und Kurse rund um das Thema Baum: Holzanatomie, Baumbiologie, Baumpilze, Baumkontrolle, Baumgutachten, Baumstatik","og_url":"https:\/\/www.baumbiologie.com\/?page_id=59","og_site_name":"Sachverst\u00e4ndigenb\u00fcro f\u00fcr Baumbiologie","article_modified_time":"2024-12-09T15:09:05+00:00","og_image":[{"width":2560,"height":1920,"url":"https:\/\/www.baumbiologie.com\/wp-content\/uploads\/2020\/07\/20200609_131545-scaled.jpg","type":"image\/jpeg"}],"twitter_card":"summary_large_image","twitter_misc":{"Gesch\u00e4tzte Lesezeit":"1\u00a0Minute"},"schema":{"@context":"https:\/\/schema.org","@graph":[{"@type":"WebPage","@id":"https:\/\/www.baumbiologie.com\/?page_id=59","url":"https:\/\/www.baumbiologie.com\/?page_id=59","name":"Seminare - Sachverst\u00e4ndigenb\u00fcro f\u00fcr Baumbiologie","isPartOf":{"@id":"https:\/\/www.baumbiologie.com\/#website"},"primaryImageOfPage":{"@id":"https:\/\/www.baumbiologie.com\/?page_id=59#primaryimage"},"image":{"@id":"https:\/\/www.baumbiologie.com\/?page_id=59#primaryimage"},"thumbnailUrl":"https:\/\/www.baumbiologie.com\/wp-content\/uploads\/2020\/07\/20200609_131545-1024x768.jpg","datePublished":"2020-06-25T19:47:47+00:00","dateModified":"2024-12-09T15:09:05+00:00","description":"Seminare und Kurse rund um das Thema Baum: Holzanatomie, Baumbiologie, Baumpilze, Baumkontrolle, Baumgutachten, Baumstatik","breadcrumb":{"@id":"https:\/\/www.baumbiologie.com\/?page_id=59#breadcrumb"},"inLanguage":"de","potentialAction":[{"@type":"ReadAction","target":["https:\/\/www.baumbiologie.com\/?page_id=59"]}]},{"@type":"ImageObject","inLanguage":"de","@id":"https:\/\/www.baumbiologie.com\/?page_id=59#primaryimage","url":"https:\/\/www.baumbiologie.com\/wp-content\/uploads\/2020\/07\/20200609_131545-1024x768.jpg","contentUrl":"https:\/\/www.baumbiologie.com\/wp-content\/uploads\/2020\/07\/20200609_131545-1024x768.jpg"},{"@type":"BreadcrumbList","@id":"https:\/\/www.baumbiologie.com\/?page_id=59#breadcrumb","itemListElement":[{"@type":"ListItem","position":1,"name":"Startseite","item":"https:\/\/www.baumbiologie.com\/"},{"@type":"ListItem","position":2,"name":"Seminare"}]},{"@type":"WebSite","@id":"https:\/\/www.baumbiologie.com\/#website","url":"https:\/\/www.baumbiologie.com\/","name":"Sachverst\u00e4ndigenb\u00fcro f\u00fcr Baumbiologie","description":"Baumgutachten - Forschung - Seminare","potentialAction":[{"@type":"SearchAction","target":{"@type":"EntryPoint","urlTemplate":"https:\/\/www.baumbiologie.com\/?s={search_term_string}"},"query-input":{"@type":"PropertyValueSpecification","valueRequired":true,"valueName":"search_term_string"}}],"inLanguage":"de"}]}},"_links":{"self":[{"href":"https:\/\/www.baumbiologie.com\/index.php?rest_route=\/wp\/v2\/pages\/59","targetHints":{"allow":["GET"]}}],"collection":[{"href":"https:\/\/www.baumbiologie.com\/index.php?rest_route=\/wp\/v2\/pages"}],"about":[{"href":"https:\/\/www.baumbiologie.com\/index.php?rest_route=\/wp\/v2\/types\/page"}],"author":[{"embeddable":true,"href":"https:\/\/www.baumbiologie.com\/index.php?rest_route=\/wp\/v2\/users\/1"}],"replies":[{"embeddable":true,"href":"https:\/\/www.baumbiologie.com\/index.php?rest_route=%2Fwp%2Fv2%2Fcomments&post=59"}],"version-history":[{"count":69,"href":"https:\/\/www.baumbiologie.com\/index.php?rest_route=\/wp\/v2\/pages\/59\/revisions"}],"predecessor-version":[{"id":3183,"href":"https:\/\/www.baumbiologie.com\/index.php?rest_route=\/wp\/v2\/pages\/59\/revisions\/3183"}],"wp:attachment":[{"href":"https:\/\/www.baumbiologie.com\/index.php?rest_route=%2Fwp%2Fv2%2Fmedia&parent=59"}],"curies":[{"name":"wp","href":"https:\/\/api.w.org\/{rel}","templated":true}]}}