{"id":55,"date":"2020-06-25T19:46:49","date_gmt":"2020-06-25T19:46:49","guid":{"rendered":"http:\/\/www.baumbiologie.com\/?page_id=55"},"modified":"2025-08-27T11:07:24","modified_gmt":"2025-08-27T11:07:24","slug":"baumgutachten","status":"publish","type":"page","link":"https:\/\/www.baumbiologie.com\/?page_id=55","title":{"rendered":"Baumgutachten"},"content":{"rendered":"\n<figure class=\"wp-block-gallery has-nested-images columns-default is-cropped wp-block-gallery-1 is-layout-flex wp-block-gallery-is-layout-flex\">\n<figure class=\"wp-block-image size-large\"><img fetchpriority=\"high\" decoding=\"async\" width=\"1024\" height=\"768\" data-id=\"1755\" src=\"https:\/\/www.baumbiologie.com\/wp-content\/uploads\/2020\/07\/20161003_162712-1024x768.jpg\" alt=\"Baumpilz, Baum, Baumgutchten, Holzf\u00e4ule\" class=\"wp-image-1755\" srcset=\"https:\/\/www.baumbiologie.com\/wp-content\/uploads\/2020\/07\/20161003_162712-1024x768.jpg 1024w, https:\/\/www.baumbiologie.com\/wp-content\/uploads\/2020\/07\/20161003_162712-300x225.jpg 300w, https:\/\/www.baumbiologie.com\/wp-content\/uploads\/2020\/07\/20161003_162712-768x576.jpg 768w, https:\/\/www.baumbiologie.com\/wp-content\/uploads\/2020\/07\/20161003_162712-1536x1152.jpg 1536w, https:\/\/www.baumbiologie.com\/wp-content\/uploads\/2020\/07\/20161003_162712-2048x1536.jpg 2048w\" sizes=\"(max-width: 1024px) 100vw, 1024px\" \/><\/figure>\n\n\n\n<figure class=\"wp-block-image size-large\"><img decoding=\"async\" width=\"596\" height=\"596\" data-id=\"1756\" data-src=\"https:\/\/www.baumbiologie.com\/wp-content\/uploads\/2020\/07\/H\u00e4ngebuche_20_SoT-1.jpg\" alt=\"\" class=\"wp-image-1756 lazyload\" data-srcset=\"https:\/\/www.baumbiologie.com\/wp-content\/uploads\/2020\/07\/H\u00e4ngebuche_20_SoT-1.jpg 596w, https:\/\/www.baumbiologie.com\/wp-content\/uploads\/2020\/07\/H\u00e4ngebuche_20_SoT-1-300x300.jpg 300w, https:\/\/www.baumbiologie.com\/wp-content\/uploads\/2020\/07\/H\u00e4ngebuche_20_SoT-1-150x150.jpg 150w, https:\/\/www.baumbiologie.com\/wp-content\/uploads\/2020\/07\/H\u00e4ngebuche_20_SoT-1-70x70.jpg 70w, https:\/\/www.baumbiologie.com\/wp-content\/uploads\/2020\/07\/H\u00e4ngebuche_20_SoT-1-246x246.jpg 246w, https:\/\/www.baumbiologie.com\/wp-content\/uploads\/2020\/07\/H\u00e4ngebuche_20_SoT-1-276x276.jpg 276w, https:\/\/www.baumbiologie.com\/wp-content\/uploads\/2020\/07\/H\u00e4ngebuche_20_SoT-1-125x125.jpg 125w\" data-sizes=\"(max-width: 596px) 100vw, 596px\" src=\"data:image\/svg+xml;base64,PHN2ZyB3aWR0aD0iMSIgaGVpZ2h0PSIxIiB4bWxucz0iaHR0cDovL3d3dy53My5vcmcvMjAwMC9zdmciPjwvc3ZnPg==\" style=\"--smush-placeholder-width: 596px; --smush-placeholder-aspect-ratio: 596\/596;\" \/><\/figure>\n\n\n\n<figure class=\"wp-block-image size-large\"><img decoding=\"async\" width=\"1024\" height=\"768\" data-id=\"1705\" data-src=\"https:\/\/www.baumbiologie.com\/wp-content\/uploads\/2020\/07\/20170703_090153-1024x768.jpg\" alt=\"Baumuntersuchung, Baumgutachten, Linde, Schalltomographie\" class=\"wp-image-1705 lazyload\" data-srcset=\"https:\/\/www.baumbiologie.com\/wp-content\/uploads\/2020\/07\/20170703_090153-1024x768.jpg 1024w, https:\/\/www.baumbiologie.com\/wp-content\/uploads\/2020\/07\/20170703_090153-300x225.jpg 300w, https:\/\/www.baumbiologie.com\/wp-content\/uploads\/2020\/07\/20170703_090153-768x576.jpg 768w, https:\/\/www.baumbiologie.com\/wp-content\/uploads\/2020\/07\/20170703_090153-1536x1152.jpg 1536w, https:\/\/www.baumbiologie.com\/wp-content\/uploads\/2020\/07\/20170703_090153-2048x1536.jpg 2048w\" data-sizes=\"(max-width: 1024px) 100vw, 1024px\" src=\"data:image\/svg+xml;base64,PHN2ZyB3aWR0aD0iMSIgaGVpZ2h0PSIxIiB4bWxucz0iaHR0cDovL3d3dy53My5vcmcvMjAwMC9zdmciPjwvc3ZnPg==\" style=\"--smush-placeholder-width: 1024px; --smush-placeholder-aspect-ratio: 1024\/768;\" \/><\/figure>\n<\/figure>\n\n\n\n<p><strong><a href=\"http:\/\/baumbiologie.com\/?page_id=2534\">Angebotskonfigurator<\/a><\/strong> <strong>\/ <a href=\"http:\/\/baumbiologie.com\/?page_id=100\">Kontakt<\/a><\/strong><\/p>\n\n\n\n<p><strong>Wozu ein Baumgutachten?<\/strong><\/p>\n\n\n\n<p>Ist Ihr Baum noch verkehrssicher? Sie wollen wissen, wie sich ein Pilzbefall auf die Lebensdauer Ihres Baumes auswirkt?  Welche Ma\u00dfnahmen m\u00fcssen Sie ergreifen, um Ihren Baum langfristig zu erhalten? Ein Baumgutachten beantwortet Ihnen diese Fragen. <\/p>\n\n\n\n<p><strong>Ihre Vorteile<\/strong><\/p>\n\n\n\n<ul class=\"wp-block-list\">\n<li>\u00f6ffentlich bestellter und vereidigter Sachverst\u00e4ndiger f\u00fcr Baumpflege, Verkehrssicherheit von B\u00e4umen und Baumwertermittlung (Bestellungsbeh\u00f6rde: Regierungspr\u00e4sidium Kassel)<\/li>\n\n\n\n<li>Mehr als <a href=\"http:\/\/baumbiologie.com\/?page_id=111\">20 Jahre Erfahrung<\/a> im Umgang mit B\u00e4umen<\/li>\n\n\n\n<li>Moderne, baumschonende <a href=\"https:\/\/www.baumbiologie.com\/?page_id=9\">Messger\u00e4te<\/a><\/li>\n\n\n\n<li>Begutachtung der Krone mit <a href=\"https:\/\/www.baumbiologie.com\/?page_id=45\">Seilklettertechnik<\/a><\/li>\n\n\n\n<li>Bei Bedarf: Einsatz von Methoden direkt aus der <a href=\"https:\/\/www.baumbiologie.com\/?page_id=57\">Forschung <\/a><\/li>\n<\/ul>\n\n\n\n<p>Bitte <a href=\"https:\/\/www.baumbiologie.com\/?page_id=100\">kontaktieren <\/a>Sie mich, um f\u00fcr Ihren Baum die optimale L\u00f6sung zu finden.<\/p>\n\n\n\n<p><strong>Ablauf eines Baumgutachtens<\/strong><\/p>\n\n\n\n<p>Zuerst wird der Baum gr\u00fcndlich <a href=\"https:\/\/www.baumbiologie.com\/?page_id=47\">visuell untersucht<\/a> und vermessen. In vielen F\u00e4llen sind danach keine weiteren Untersuchungen n\u00f6tig. Bei Unklarheiten werden im Anschlu\u00df ger\u00e4tetechnische Verfahren eingesetzt. Dazu geh\u00f6ren die <a href=\"https:\/\/www.baumbiologie.com\/?page_id=43\">Impulstomographie <\/a>oder <a href=\"https:\/\/www.baumbiologie.com\/?page_id=51\">Bohrwiderstandsmessungen<\/a>. Mit diesen Verfahren wird der Anteil an gesundem Holz ermittelt.<\/p>\n\n\n\n<p>Anhand des Anteils an gesundem Holz und den Ergebnissen der Baumvermessung werden baummechanische Berechnungen durchgef\u00fchrt. Als Ergebnis wird der aktuelle Zustand des Baumes pr\u00e4zise beschrieben und eine Prognose f\u00fcr die Zukunft gegeben.<\/p>\n\n\n\n<p>Unter Ber\u00fccksichtigung aller ermittelten Umst\u00e4nde werden Ma\u00dfnahmen-Empfehlungen gegeben. Je nachdem ob der Baum kurz- oder langfristig erhalten werden kann, reicht das Spektrum vom Baumschnitt und Kronensicherungen nach <a href=\"https:\/\/shop.fll.de\/de\/ztv-baumpflege.html\">ZTV-Baumpflege<\/a> bis hin zu individuelle Sonderma\u00dfnahmen. Es kommt auch vor, dass es am besten ist, nichts zu tun.<\/p>\n\n\n\n<p><strong>Kosten eines Baumgutachtens<\/strong><\/p>\n\n\n\n<p>Die Kosten eines Gutachtens h\u00e4ngen stark davon ab, welche Untersuchungen durchgef\u00fchrt werden m\u00fcssen, an welcher Stelle die Untersuchungen stattfinden und welche Zugangstechniken daf\u00fcr zum Einsatz kommen. Auch die H\u00f6he und der Umfang des Baumes spielen eine Rolle. Bitte <a href=\"https:\/\/www.baumbiologie.com\/?page_id=100\">kontaktieren<\/a> Sie mich f\u00fcr ein individuelles Angebot oder nutzen den <a href=\"https:\/\/www.baumbiologie.com\/?page_id=2534\">Angebotskonfigurator<\/a>.<\/p>\n","protected":false},"excerpt":{"rendered":"<p>Angebotskonfigurator \/ Kontakt Wozu ein Baumgutachten? Ist Ihr Baum noch verkehrssicher? Sie wollen wissen, wie sich ein Pilzbefall auf die &hellip; <\/p>\n","protected":false},"author":1,"featured_media":0,"parent":0,"menu_order":0,"comment_status":"closed","ping_status":"closed","template":"","meta":{"_monsterinsights_skip_tracking":false,"_monsterinsights_sitenote_active":false,"_monsterinsights_sitenote_note":"","_monsterinsights_sitenote_category":0,"footnotes":""},"class_list":["post-55","page","type-page","status-publish","hentry"],"yoast_head":"<!-- This site is optimized with the Yoast SEO plugin v27.5 - https:\/\/yoast.com\/product\/yoast-seo-wordpress\/ -->\n<title>Baumgutachten - Sachverst\u00e4ndigenb\u00fcro f\u00fcr Baumbiologie<\/title>\n<meta name=\"description\" content=\"Baumgutachten, Forschung und Seminare - Dr. Martin Leberecht - Wissenschaftlich fundiert - Baumschonend - Schnell. Im Rhein-Main-Gebiet und dar\u00fcber hinaus: Rheingau, Taunus, Wiesbaden, Mainz, Frankfurt, Gie\u00dfen, Marburg, Darmstadt, Hessen.\" \/>\n<meta name=\"robots\" content=\"index, follow, max-snippet:-1, max-image-preview:large, max-video-preview:-1\" \/>\n<link rel=\"canonical\" href=\"https:\/\/www.baumbiologie.com\/?page_id=55\" \/>\n<meta property=\"og:locale\" content=\"de_DE\" \/>\n<meta property=\"og:type\" content=\"article\" \/>\n<meta property=\"og:title\" content=\"Baumgutachten - Sachverst\u00e4ndigenb\u00fcro f\u00fcr Baumbiologie\" \/>\n<meta property=\"og:description\" content=\"Baumgutachten, Forschung und Seminare - Dr. Martin Leberecht - Wissenschaftlich fundiert - Baumschonend - Schnell. Im Rhein-Main-Gebiet und dar\u00fcber hinaus: Rheingau, Taunus, Wiesbaden, Mainz, Frankfurt, Gie\u00dfen, Marburg, Darmstadt, Hessen.\" \/>\n<meta property=\"og:url\" content=\"https:\/\/www.baumbiologie.com\/?page_id=55\" \/>\n<meta property=\"og:site_name\" content=\"Sachverst\u00e4ndigenb\u00fcro f\u00fcr Baumbiologie\" \/>\n<meta property=\"article:modified_time\" content=\"2025-08-27T11:07:24+00:00\" \/>\n<meta property=\"og:image\" content=\"https:\/\/www.baumbiologie.com\/wp-content\/uploads\/2020\/07\/20161003_162712-scaled.jpg\" \/>\n\t<meta property=\"og:image:width\" content=\"2560\" \/>\n\t<meta property=\"og:image:height\" content=\"1920\" \/>\n\t<meta property=\"og:image:type\" content=\"image\/jpeg\" \/>\n<meta name=\"twitter:card\" content=\"summary_large_image\" \/>\n<meta name=\"twitter:label1\" content=\"Gesch\u00e4tzte Lesezeit\" \/>\n\t<meta name=\"twitter:data1\" content=\"3\u00a0Minuten\" \/>\n<script type=\"application\/ld+json\" class=\"yoast-schema-graph\">{\"@context\":\"https:\\\/\\\/schema.org\",\"@graph\":[{\"@type\":\"WebPage\",\"@id\":\"https:\\\/\\\/www.baumbiologie.com\\\/?page_id=55\",\"url\":\"https:\\\/\\\/www.baumbiologie.com\\\/?page_id=55\",\"name\":\"Baumgutachten - Sachverst\u00e4ndigenb\u00fcro f\u00fcr Baumbiologie\",\"isPartOf\":{\"@id\":\"https:\\\/\\\/www.baumbiologie.com\\\/#website\"},\"primaryImageOfPage\":{\"@id\":\"https:\\\/\\\/www.baumbiologie.com\\\/?page_id=55#primaryimage\"},\"image\":{\"@id\":\"https:\\\/\\\/www.baumbiologie.com\\\/?page_id=55#primaryimage\"},\"thumbnailUrl\":\"https:\\\/\\\/www.baumbiologie.com\\\/wp-content\\\/uploads\\\/2020\\\/07\\\/20161003_162712-1024x768.jpg\",\"datePublished\":\"2020-06-25T19:46:49+00:00\",\"dateModified\":\"2025-08-27T11:07:24+00:00\",\"description\":\"Baumgutachten, Forschung und Seminare - Dr. Martin Leberecht - Wissenschaftlich fundiert - Baumschonend - Schnell. Im Rhein-Main-Gebiet und dar\u00fcber hinaus: Rheingau, Taunus, Wiesbaden, Mainz, Frankfurt, Gie\u00dfen, Marburg, Darmstadt, Hessen.\",\"breadcrumb\":{\"@id\":\"https:\\\/\\\/www.baumbiologie.com\\\/?page_id=55#breadcrumb\"},\"inLanguage\":\"de\",\"potentialAction\":[{\"@type\":\"ReadAction\",\"target\":[\"https:\\\/\\\/www.baumbiologie.com\\\/?page_id=55\"]}]},{\"@type\":\"ImageObject\",\"inLanguage\":\"de\",\"@id\":\"https:\\\/\\\/www.baumbiologie.com\\\/?page_id=55#primaryimage\",\"url\":\"https:\\\/\\\/www.baumbiologie.com\\\/wp-content\\\/uploads\\\/2020\\\/07\\\/20161003_162712-1024x768.jpg\",\"contentUrl\":\"https:\\\/\\\/www.baumbiologie.com\\\/wp-content\\\/uploads\\\/2020\\\/07\\\/20161003_162712-1024x768.jpg\"},{\"@type\":\"BreadcrumbList\",\"@id\":\"https:\\\/\\\/www.baumbiologie.com\\\/?page_id=55#breadcrumb\",\"itemListElement\":[{\"@type\":\"ListItem\",\"position\":1,\"name\":\"Startseite\",\"item\":\"https:\\\/\\\/www.baumbiologie.com\\\/\"},{\"@type\":\"ListItem\",\"position\":2,\"name\":\"Baumgutachten\"}]},{\"@type\":\"WebSite\",\"@id\":\"https:\\\/\\\/www.baumbiologie.com\\\/#website\",\"url\":\"https:\\\/\\\/www.baumbiologie.com\\\/\",\"name\":\"Sachverst\u00e4ndigenb\u00fcro f\u00fcr Baumbiologie\",\"description\":\"Baumgutachten - Forschung - Seminare\",\"potentialAction\":[{\"@type\":\"SearchAction\",\"target\":{\"@type\":\"EntryPoint\",\"urlTemplate\":\"https:\\\/\\\/www.baumbiologie.com\\\/?s={search_term_string}\"},\"query-input\":{\"@type\":\"PropertyValueSpecification\",\"valueRequired\":true,\"valueName\":\"search_term_string\"}}],\"inLanguage\":\"de\"}]}<\/script>\n<!-- \/ Yoast SEO plugin. -->","yoast_head_json":{"title":"Baumgutachten - Sachverst\u00e4ndigenb\u00fcro f\u00fcr Baumbiologie","description":"Baumgutachten, Forschung und Seminare - Dr. Martin Leberecht - Wissenschaftlich fundiert - Baumschonend - Schnell. Im Rhein-Main-Gebiet und dar\u00fcber hinaus: Rheingau, Taunus, Wiesbaden, Mainz, Frankfurt, Gie\u00dfen, Marburg, Darmstadt, Hessen.","robots":{"index":"index","follow":"follow","max-snippet":"max-snippet:-1","max-image-preview":"max-image-preview:large","max-video-preview":"max-video-preview:-1"},"canonical":"https:\/\/www.baumbiologie.com\/?page_id=55","og_locale":"de_DE","og_type":"article","og_title":"Baumgutachten - Sachverst\u00e4ndigenb\u00fcro f\u00fcr Baumbiologie","og_description":"Baumgutachten, Forschung und Seminare - Dr. Martin Leberecht - Wissenschaftlich fundiert - Baumschonend - Schnell. Im Rhein-Main-Gebiet und dar\u00fcber hinaus: Rheingau, Taunus, Wiesbaden, Mainz, Frankfurt, Gie\u00dfen, Marburg, Darmstadt, Hessen.","og_url":"https:\/\/www.baumbiologie.com\/?page_id=55","og_site_name":"Sachverst\u00e4ndigenb\u00fcro f\u00fcr Baumbiologie","article_modified_time":"2025-08-27T11:07:24+00:00","og_image":[{"width":2560,"height":1920,"url":"https:\/\/www.baumbiologie.com\/wp-content\/uploads\/2020\/07\/20161003_162712-scaled.jpg","type":"image\/jpeg"}],"twitter_card":"summary_large_image","twitter_misc":{"Gesch\u00e4tzte Lesezeit":"3\u00a0Minuten"},"schema":{"@context":"https:\/\/schema.org","@graph":[{"@type":"WebPage","@id":"https:\/\/www.baumbiologie.com\/?page_id=55","url":"https:\/\/www.baumbiologie.com\/?page_id=55","name":"Baumgutachten - Sachverst\u00e4ndigenb\u00fcro f\u00fcr Baumbiologie","isPartOf":{"@id":"https:\/\/www.baumbiologie.com\/#website"},"primaryImageOfPage":{"@id":"https:\/\/www.baumbiologie.com\/?page_id=55#primaryimage"},"image":{"@id":"https:\/\/www.baumbiologie.com\/?page_id=55#primaryimage"},"thumbnailUrl":"https:\/\/www.baumbiologie.com\/wp-content\/uploads\/2020\/07\/20161003_162712-1024x768.jpg","datePublished":"2020-06-25T19:46:49+00:00","dateModified":"2025-08-27T11:07:24+00:00","description":"Baumgutachten, Forschung und Seminare - Dr. Martin Leberecht - Wissenschaftlich fundiert - Baumschonend - Schnell. Im Rhein-Main-Gebiet und dar\u00fcber hinaus: Rheingau, Taunus, Wiesbaden, Mainz, Frankfurt, Gie\u00dfen, Marburg, Darmstadt, Hessen.","breadcrumb":{"@id":"https:\/\/www.baumbiologie.com\/?page_id=55#breadcrumb"},"inLanguage":"de","potentialAction":[{"@type":"ReadAction","target":["https:\/\/www.baumbiologie.com\/?page_id=55"]}]},{"@type":"ImageObject","inLanguage":"de","@id":"https:\/\/www.baumbiologie.com\/?page_id=55#primaryimage","url":"https:\/\/www.baumbiologie.com\/wp-content\/uploads\/2020\/07\/20161003_162712-1024x768.jpg","contentUrl":"https:\/\/www.baumbiologie.com\/wp-content\/uploads\/2020\/07\/20161003_162712-1024x768.jpg"},{"@type":"BreadcrumbList","@id":"https:\/\/www.baumbiologie.com\/?page_id=55#breadcrumb","itemListElement":[{"@type":"ListItem","position":1,"name":"Startseite","item":"https:\/\/www.baumbiologie.com\/"},{"@type":"ListItem","position":2,"name":"Baumgutachten"}]},{"@type":"WebSite","@id":"https:\/\/www.baumbiologie.com\/#website","url":"https:\/\/www.baumbiologie.com\/","name":"Sachverst\u00e4ndigenb\u00fcro f\u00fcr Baumbiologie","description":"Baumgutachten - Forschung - Seminare","potentialAction":[{"@type":"SearchAction","target":{"@type":"EntryPoint","urlTemplate":"https:\/\/www.baumbiologie.com\/?s={search_term_string}"},"query-input":{"@type":"PropertyValueSpecification","valueRequired":true,"valueName":"search_term_string"}}],"inLanguage":"de"}]}},"_links":{"self":[{"href":"https:\/\/www.baumbiologie.com\/index.php?rest_route=\/wp\/v2\/pages\/55","targetHints":{"allow":["GET"]}}],"collection":[{"href":"https:\/\/www.baumbiologie.com\/index.php?rest_route=\/wp\/v2\/pages"}],"about":[{"href":"https:\/\/www.baumbiologie.com\/index.php?rest_route=\/wp\/v2\/types\/page"}],"author":[{"embeddable":true,"href":"https:\/\/www.baumbiologie.com\/index.php?rest_route=\/wp\/v2\/users\/1"}],"replies":[{"embeddable":true,"href":"https:\/\/www.baumbiologie.com\/index.php?rest_route=%2Fwp%2Fv2%2Fcomments&post=55"}],"version-history":[{"count":26,"href":"https:\/\/www.baumbiologie.com\/index.php?rest_route=\/wp\/v2\/pages\/55\/revisions"}],"predecessor-version":[{"id":3226,"href":"https:\/\/www.baumbiologie.com\/index.php?rest_route=\/wp\/v2\/pages\/55\/revisions\/3226"}],"wp:attachment":[{"href":"https:\/\/www.baumbiologie.com\/index.php?rest_route=%2Fwp%2Fv2%2Fmedia&parent=55"}],"curies":[{"name":"wp","href":"https:\/\/api.w.org\/{rel}","templated":true}]}}