{"id":49,"date":"2020-06-25T19:44:49","date_gmt":"2020-06-25T19:44:49","guid":{"rendered":"http:\/\/www.baumbiologie.com\/?page_id=49"},"modified":"2024-02-22T08:41:15","modified_gmt":"2024-02-22T08:41:15","slug":"sonderverfahren-fuer-die-forschung","status":"publish","type":"page","link":"https:\/\/www.baumbiologie.com\/?page_id=49","title":{"rendered":"Sonderverfahren aus der Forschung"},"content":{"rendered":"\n<figure class=\"wp-block-gallery has-nested-images columns-default is-cropped wp-block-gallery-1 is-layout-flex wp-block-gallery-is-layout-flex\">\n<figure class=\"wp-block-image size-large\"><img fetchpriority=\"high\" decoding=\"async\" width=\"1024\" height=\"768\" data-id=\"1600\" src=\"https:\/\/www.baumbiologie.com\/wp-content\/uploads\/2020\/07\/20200615_133108-1024x768.jpg\" alt=\"\" class=\"wp-image-1600\" srcset=\"https:\/\/www.baumbiologie.com\/wp-content\/uploads\/2020\/07\/20200615_133108-1024x768.jpg 1024w, https:\/\/www.baumbiologie.com\/wp-content\/uploads\/2020\/07\/20200615_133108-300x225.jpg 300w, https:\/\/www.baumbiologie.com\/wp-content\/uploads\/2020\/07\/20200615_133108-768x576.jpg 768w, https:\/\/www.baumbiologie.com\/wp-content\/uploads\/2020\/07\/20200615_133108-1536x1152.jpg 1536w, https:\/\/www.baumbiologie.com\/wp-content\/uploads\/2020\/07\/20200615_133108-2048x1536.jpg 2048w\" sizes=\"(max-width: 1024px) 100vw, 1024px\" \/><\/figure>\n\n\n\n<figure class=\"wp-block-image size-large\"><img decoding=\"async\" width=\"1024\" height=\"764\" data-id=\"1733\" data-src=\"https:\/\/www.baumbiologie.com\/wp-content\/uploads\/2020\/07\/WP_20160505_14_15_21_Pro-1024x764.jpg\" alt=\"\" class=\"wp-image-1733 lazyload\" data-srcset=\"https:\/\/www.baumbiologie.com\/wp-content\/uploads\/2020\/07\/WP_20160505_14_15_21_Pro-1024x764.jpg 1024w, https:\/\/www.baumbiologie.com\/wp-content\/uploads\/2020\/07\/WP_20160505_14_15_21_Pro-300x224.jpg 300w, https:\/\/www.baumbiologie.com\/wp-content\/uploads\/2020\/07\/WP_20160505_14_15_21_Pro-768x573.jpg 768w, https:\/\/www.baumbiologie.com\/wp-content\/uploads\/2020\/07\/WP_20160505_14_15_21_Pro-1536x1146.jpg 1536w, https:\/\/www.baumbiologie.com\/wp-content\/uploads\/2020\/07\/WP_20160505_14_15_21_Pro.jpg 1632w\" data-sizes=\"(max-width: 1024px) 100vw, 1024px\" src=\"data:image\/svg+xml;base64,PHN2ZyB3aWR0aD0iMSIgaGVpZ2h0PSIxIiB4bWxucz0iaHR0cDovL3d3dy53My5vcmcvMjAwMC9zdmciPjwvc3ZnPg==\" style=\"--smush-placeholder-width: 1024px; --smush-placeholder-aspect-ratio: 1024\/764;\" \/><\/figure>\n\n\n\n<figure class=\"wp-block-image size-large\"><img decoding=\"async\" width=\"1024\" height=\"768\" data-id=\"1735\" data-src=\"https:\/\/www.baumbiologie.com\/wp-content\/uploads\/2020\/07\/20200622_105253-1024x768.jpg\" alt=\"\" class=\"wp-image-1735 lazyload\" data-srcset=\"https:\/\/www.baumbiologie.com\/wp-content\/uploads\/2020\/07\/20200622_105253-1024x768.jpg 1024w, https:\/\/www.baumbiologie.com\/wp-content\/uploads\/2020\/07\/20200622_105253-300x225.jpg 300w, https:\/\/www.baumbiologie.com\/wp-content\/uploads\/2020\/07\/20200622_105253-768x576.jpg 768w, https:\/\/www.baumbiologie.com\/wp-content\/uploads\/2020\/07\/20200622_105253-1536x1152.jpg 1536w, https:\/\/www.baumbiologie.com\/wp-content\/uploads\/2020\/07\/20200622_105253-2048x1536.jpg 2048w\" data-sizes=\"(max-width: 1024px) 100vw, 1024px\" src=\"data:image\/svg+xml;base64,PHN2ZyB3aWR0aD0iMSIgaGVpZ2h0PSIxIiB4bWxucz0iaHR0cDovL3d3dy53My5vcmcvMjAwMC9zdmciPjwvc3ZnPg==\" style=\"--smush-placeholder-width: 1024px; --smush-placeholder-aspect-ratio: 1024\/768;\" \/><\/figure>\n<\/figure>\n\n\n\n<p>An B\u00e4umen k\u00f6nnen unterschiedlichste Techniken eingesetzt werden, um Ergebnisse f\u00fcr die Verwendung in Forschungsprojekten zu generieren. Erfahrungen bestehen u.a. mit folgenden Verfahren:<\/p>\n\n\n\n<p><\/p>\n\n\n\n<ul class=\"wp-block-list\">\n<li>Einsatz von IoT-Sensorboxen f\u00fcr baumphysiologische Messungen <\/li>\n\n\n\n<li>Monitoring des Baum-Wasserhaushalts mit Treesense-Sensoren<\/li>\n\n\n\n<li>Saftflussmessungen<\/li>\n\n\n\n<li>Dendrometer-Messungen<\/li>\n\n\n\n<li>Blatternten aus der Baumkrone inkl. Analysen (SLA, Blattchemie, Herbivorie, Stomatadichte, DNA\/RNA-Proben)<\/li>\n\n\n\n<li>Ultraschallemissionsanalysen<\/li>\n\n\n\n<li>Photosynthesemessungen<\/li>\n\n\n\n<li>Vermessung von Stamm und Kronen\u00e4sten<\/li>\n\n\n\n<li>Einmessen von B\u00e4umen im Wald<\/li>\n\n\n\n<li>Absch\u00e4tzung der Frucht- und Blattbiomasse am stehenden Baum<\/li>\n\n\n\n<li>Vermessung von Baumh\u00f6hlen<\/li>\n\n\n\n<li>Endoskopie von Baumh\u00f6hlen<\/li>\n\n\n\n<li>Einsatz von Ph\u00e4nologie-Kameras<\/li>\n\n\n\n<li>Einsatz von Flugfensterfallen in der Krone<\/li>\n\n\n\n<li>Dendrochronologische Untersuchungen<\/li>\n\n\n\n<li>Quantitative und qualitative Analyse von Mykorrhizagesellschaften<\/li>\n\n\n\n<li>Einsatz von stabilen Isotopen<\/li>\n\n\n\n<li>Mikroskopie von Wurzel- und Stammholz<\/li>\n\n\n\n<li>Mikroskopie von holzzersetzenden Pilzen<\/li>\n<\/ul>\n","protected":false},"excerpt":{"rendered":"<p>An B\u00e4umen k\u00f6nnen unterschiedlichste Techniken eingesetzt werden, um Ergebnisse f\u00fcr die Verwendung in Forschungsprojekten zu generieren. Erfahrungen bestehen u.a. mit &hellip; <\/p>\n","protected":false},"author":1,"featured_media":0,"parent":0,"menu_order":0,"comment_status":"closed","ping_status":"closed","template":"","meta":{"_monsterinsights_skip_tracking":false,"_monsterinsights_sitenote_active":false,"_monsterinsights_sitenote_note":"","_monsterinsights_sitenote_category":0,"footnotes":""},"class_list":["post-49","page","type-page","status-publish","hentry"],"yoast_head":"<!-- This site is optimized with the Yoast SEO plugin v27.4 - https:\/\/yoast.com\/product\/yoast-seo-wordpress\/ -->\n<title>Sonderverfahren aus der Forschung - Sachverst\u00e4ndigenb\u00fcro f\u00fcr Baumbiologie<\/title>\n<meta name=\"robots\" content=\"index, follow, max-snippet:-1, max-image-preview:large, max-video-preview:-1\" \/>\n<link rel=\"canonical\" href=\"https:\/\/www.baumbiologie.com\/?page_id=49\" \/>\n<meta property=\"og:locale\" content=\"de_DE\" \/>\n<meta property=\"og:type\" content=\"article\" \/>\n<meta property=\"og:title\" content=\"Sonderverfahren aus der Forschung - Sachverst\u00e4ndigenb\u00fcro f\u00fcr Baumbiologie\" \/>\n<meta property=\"og:description\" content=\"An B\u00e4umen k\u00f6nnen unterschiedlichste Techniken eingesetzt werden, um Ergebnisse f\u00fcr die Verwendung in Forschungsprojekten zu generieren. Erfahrungen bestehen u.a. mit &hellip;\" \/>\n<meta property=\"og:url\" content=\"https:\/\/www.baumbiologie.com\/?page_id=49\" \/>\n<meta property=\"og:site_name\" content=\"Sachverst\u00e4ndigenb\u00fcro f\u00fcr Baumbiologie\" \/>\n<meta property=\"article:modified_time\" content=\"2024-02-22T08:41:15+00:00\" \/>\n<meta property=\"og:image\" content=\"https:\/\/www.baumbiologie.com\/wp-content\/uploads\/2020\/07\/20200615_133108-1024x768.jpg\" \/>\n<meta name=\"twitter:card\" content=\"summary_large_image\" \/>\n<meta name=\"twitter:label1\" content=\"Gesch\u00e4tzte Lesezeit\" \/>\n\t<meta name=\"twitter:data1\" content=\"2\u00a0Minuten\" \/>\n<script type=\"application\/ld+json\" class=\"yoast-schema-graph\">{\"@context\":\"https:\\\/\\\/schema.org\",\"@graph\":[{\"@type\":\"WebPage\",\"@id\":\"https:\\\/\\\/www.baumbiologie.com\\\/?page_id=49\",\"url\":\"https:\\\/\\\/www.baumbiologie.com\\\/?page_id=49\",\"name\":\"Sonderverfahren aus der Forschung - Sachverst\u00e4ndigenb\u00fcro f\u00fcr Baumbiologie\",\"isPartOf\":{\"@id\":\"https:\\\/\\\/www.baumbiologie.com\\\/#website\"},\"primaryImageOfPage\":{\"@id\":\"https:\\\/\\\/www.baumbiologie.com\\\/?page_id=49#primaryimage\"},\"image\":{\"@id\":\"https:\\\/\\\/www.baumbiologie.com\\\/?page_id=49#primaryimage\"},\"thumbnailUrl\":\"https:\\\/\\\/www.baumbiologie.com\\\/wp-content\\\/uploads\\\/2020\\\/07\\\/20200615_133108-1024x768.jpg\",\"datePublished\":\"2020-06-25T19:44:49+00:00\",\"dateModified\":\"2024-02-22T08:41:15+00:00\",\"breadcrumb\":{\"@id\":\"https:\\\/\\\/www.baumbiologie.com\\\/?page_id=49#breadcrumb\"},\"inLanguage\":\"de\",\"potentialAction\":[{\"@type\":\"ReadAction\",\"target\":[\"https:\\\/\\\/www.baumbiologie.com\\\/?page_id=49\"]}]},{\"@type\":\"ImageObject\",\"inLanguage\":\"de\",\"@id\":\"https:\\\/\\\/www.baumbiologie.com\\\/?page_id=49#primaryimage\",\"url\":\"https:\\\/\\\/www.baumbiologie.com\\\/wp-content\\\/uploads\\\/2020\\\/07\\\/20200615_133108-1024x768.jpg\",\"contentUrl\":\"https:\\\/\\\/www.baumbiologie.com\\\/wp-content\\\/uploads\\\/2020\\\/07\\\/20200615_133108-1024x768.jpg\"},{\"@type\":\"BreadcrumbList\",\"@id\":\"https:\\\/\\\/www.baumbiologie.com\\\/?page_id=49#breadcrumb\",\"itemListElement\":[{\"@type\":\"ListItem\",\"position\":1,\"name\":\"Startseite\",\"item\":\"https:\\\/\\\/www.baumbiologie.com\\\/\"},{\"@type\":\"ListItem\",\"position\":2,\"name\":\"Sonderverfahren aus der Forschung\"}]},{\"@type\":\"WebSite\",\"@id\":\"https:\\\/\\\/www.baumbiologie.com\\\/#website\",\"url\":\"https:\\\/\\\/www.baumbiologie.com\\\/\",\"name\":\"Sachverst\u00e4ndigenb\u00fcro f\u00fcr Baumbiologie\",\"description\":\"Baumgutachten - Forschung - Seminare\",\"potentialAction\":[{\"@type\":\"SearchAction\",\"target\":{\"@type\":\"EntryPoint\",\"urlTemplate\":\"https:\\\/\\\/www.baumbiologie.com\\\/?s={search_term_string}\"},\"query-input\":{\"@type\":\"PropertyValueSpecification\",\"valueRequired\":true,\"valueName\":\"search_term_string\"}}],\"inLanguage\":\"de\"}]}<\/script>\n<!-- \/ Yoast SEO plugin. -->","yoast_head_json":{"title":"Sonderverfahren aus der Forschung - Sachverst\u00e4ndigenb\u00fcro f\u00fcr Baumbiologie","robots":{"index":"index","follow":"follow","max-snippet":"max-snippet:-1","max-image-preview":"max-image-preview:large","max-video-preview":"max-video-preview:-1"},"canonical":"https:\/\/www.baumbiologie.com\/?page_id=49","og_locale":"de_DE","og_type":"article","og_title":"Sonderverfahren aus der Forschung - Sachverst\u00e4ndigenb\u00fcro f\u00fcr Baumbiologie","og_description":"An B\u00e4umen k\u00f6nnen unterschiedlichste Techniken eingesetzt werden, um Ergebnisse f\u00fcr die Verwendung in Forschungsprojekten zu generieren. Erfahrungen bestehen u.a. mit &hellip;","og_url":"https:\/\/www.baumbiologie.com\/?page_id=49","og_site_name":"Sachverst\u00e4ndigenb\u00fcro f\u00fcr Baumbiologie","article_modified_time":"2024-02-22T08:41:15+00:00","og_image":[{"url":"https:\/\/www.baumbiologie.com\/wp-content\/uploads\/2020\/07\/20200615_133108-1024x768.jpg","type":"","width":"","height":""}],"twitter_card":"summary_large_image","twitter_misc":{"Gesch\u00e4tzte Lesezeit":"2\u00a0Minuten"},"schema":{"@context":"https:\/\/schema.org","@graph":[{"@type":"WebPage","@id":"https:\/\/www.baumbiologie.com\/?page_id=49","url":"https:\/\/www.baumbiologie.com\/?page_id=49","name":"Sonderverfahren aus der Forschung - Sachverst\u00e4ndigenb\u00fcro f\u00fcr Baumbiologie","isPartOf":{"@id":"https:\/\/www.baumbiologie.com\/#website"},"primaryImageOfPage":{"@id":"https:\/\/www.baumbiologie.com\/?page_id=49#primaryimage"},"image":{"@id":"https:\/\/www.baumbiologie.com\/?page_id=49#primaryimage"},"thumbnailUrl":"https:\/\/www.baumbiologie.com\/wp-content\/uploads\/2020\/07\/20200615_133108-1024x768.jpg","datePublished":"2020-06-25T19:44:49+00:00","dateModified":"2024-02-22T08:41:15+00:00","breadcrumb":{"@id":"https:\/\/www.baumbiologie.com\/?page_id=49#breadcrumb"},"inLanguage":"de","potentialAction":[{"@type":"ReadAction","target":["https:\/\/www.baumbiologie.com\/?page_id=49"]}]},{"@type":"ImageObject","inLanguage":"de","@id":"https:\/\/www.baumbiologie.com\/?page_id=49#primaryimage","url":"https:\/\/www.baumbiologie.com\/wp-content\/uploads\/2020\/07\/20200615_133108-1024x768.jpg","contentUrl":"https:\/\/www.baumbiologie.com\/wp-content\/uploads\/2020\/07\/20200615_133108-1024x768.jpg"},{"@type":"BreadcrumbList","@id":"https:\/\/www.baumbiologie.com\/?page_id=49#breadcrumb","itemListElement":[{"@type":"ListItem","position":1,"name":"Startseite","item":"https:\/\/www.baumbiologie.com\/"},{"@type":"ListItem","position":2,"name":"Sonderverfahren aus der Forschung"}]},{"@type":"WebSite","@id":"https:\/\/www.baumbiologie.com\/#website","url":"https:\/\/www.baumbiologie.com\/","name":"Sachverst\u00e4ndigenb\u00fcro f\u00fcr Baumbiologie","description":"Baumgutachten - Forschung - Seminare","potentialAction":[{"@type":"SearchAction","target":{"@type":"EntryPoint","urlTemplate":"https:\/\/www.baumbiologie.com\/?s={search_term_string}"},"query-input":{"@type":"PropertyValueSpecification","valueRequired":true,"valueName":"search_term_string"}}],"inLanguage":"de"}]}},"_links":{"self":[{"href":"https:\/\/www.baumbiologie.com\/index.php?rest_route=\/wp\/v2\/pages\/49","targetHints":{"allow":["GET"]}}],"collection":[{"href":"https:\/\/www.baumbiologie.com\/index.php?rest_route=\/wp\/v2\/pages"}],"about":[{"href":"https:\/\/www.baumbiologie.com\/index.php?rest_route=\/wp\/v2\/types\/page"}],"author":[{"embeddable":true,"href":"https:\/\/www.baumbiologie.com\/index.php?rest_route=\/wp\/v2\/users\/1"}],"replies":[{"embeddable":true,"href":"https:\/\/www.baumbiologie.com\/index.php?rest_route=%2Fwp%2Fv2%2Fcomments&post=49"}],"version-history":[{"count":16,"href":"https:\/\/www.baumbiologie.com\/index.php?rest_route=\/wp\/v2\/pages\/49\/revisions"}],"predecessor-version":[{"id":3019,"href":"https:\/\/www.baumbiologie.com\/index.php?rest_route=\/wp\/v2\/pages\/49\/revisions\/3019"}],"wp:attachment":[{"href":"https:\/\/www.baumbiologie.com\/index.php?rest_route=%2Fwp%2Fv2%2Fmedia&parent=49"}],"curies":[{"name":"wp","href":"https:\/\/api.w.org\/{rel}","templated":true}]}}