{"id":47,"date":"2020-06-25T19:43:52","date_gmt":"2020-06-25T19:43:52","guid":{"rendered":"http:\/\/www.baumbiologie.com\/?page_id=47"},"modified":"2024-02-22T08:31:40","modified_gmt":"2024-02-22T08:31:40","slug":"visuelle-baumdiagnose","status":"publish","type":"page","link":"https:\/\/www.baumbiologie.com\/?page_id=47","title":{"rendered":"Visuelle Baumdiagnose"},"content":{"rendered":"\n<figure class=\"wp-block-gallery has-nested-images columns-default is-cropped wp-block-gallery-1 is-layout-flex wp-block-gallery-is-layout-flex\">\n<figure class=\"wp-block-image size-large\"><img fetchpriority=\"high\" decoding=\"async\" width=\"1024\" height=\"768\" data-id=\"1694\" src=\"https:\/\/www.baumbiologie.com\/wp-content\/uploads\/2020\/07\/20180326_171858-1024x768.jpg\" alt=\"\" class=\"wp-image-1694\" srcset=\"https:\/\/www.baumbiologie.com\/wp-content\/uploads\/2020\/07\/20180326_171858-1024x768.jpg 1024w, https:\/\/www.baumbiologie.com\/wp-content\/uploads\/2020\/07\/20180326_171858-300x225.jpg 300w, https:\/\/www.baumbiologie.com\/wp-content\/uploads\/2020\/07\/20180326_171858-768x576.jpg 768w, https:\/\/www.baumbiologie.com\/wp-content\/uploads\/2020\/07\/20180326_171858-1536x1152.jpg 1536w, https:\/\/www.baumbiologie.com\/wp-content\/uploads\/2020\/07\/20180326_171858-2048x1536.jpg 2048w\" sizes=\"(max-width: 1024px) 100vw, 1024px\" \/><\/figure>\n\n\n\n<figure class=\"wp-block-image size-large\"><img decoding=\"async\" width=\"1920\" height=\"2560\" data-id=\"1696\" data-src=\"https:\/\/www.baumbiologie.com\/wp-content\/uploads\/2020\/07\/20171023_095603-scaled.jpg\" alt=\"\" class=\"wp-image-1696 lazyload\" data-srcset=\"https:\/\/www.baumbiologie.com\/wp-content\/uploads\/2020\/07\/20171023_095603-scaled.jpg 1920w, https:\/\/www.baumbiologie.com\/wp-content\/uploads\/2020\/07\/20171023_095603-225x300.jpg 225w, https:\/\/www.baumbiologie.com\/wp-content\/uploads\/2020\/07\/20171023_095603-1152x1536.jpg 1152w, https:\/\/www.baumbiologie.com\/wp-content\/uploads\/2020\/07\/20171023_095603-1536x2048.jpg 1536w\" data-sizes=\"(max-width: 1920px) 100vw, 1920px\" src=\"data:image\/svg+xml;base64,PHN2ZyB3aWR0aD0iMSIgaGVpZ2h0PSIxIiB4bWxucz0iaHR0cDovL3d3dy53My5vcmcvMjAwMC9zdmciPjwvc3ZnPg==\" style=\"--smush-placeholder-width: 1920px; --smush-placeholder-aspect-ratio: 1920\/2560;\" \/><\/figure>\n\n\n\n<figure class=\"wp-block-image size-large\"><img decoding=\"async\" width=\"1920\" height=\"2560\" data-id=\"1700\" data-src=\"https:\/\/www.baumbiologie.com\/wp-content\/uploads\/2020\/07\/20190909_100253-1-scaled.jpg\" alt=\"\" class=\"wp-image-1700 lazyload\" data-srcset=\"https:\/\/www.baumbiologie.com\/wp-content\/uploads\/2020\/07\/20190909_100253-1-scaled.jpg 1920w, https:\/\/www.baumbiologie.com\/wp-content\/uploads\/2020\/07\/20190909_100253-1-225x300.jpg 225w, https:\/\/www.baumbiologie.com\/wp-content\/uploads\/2020\/07\/20190909_100253-1-1152x1536.jpg 1152w, https:\/\/www.baumbiologie.com\/wp-content\/uploads\/2020\/07\/20190909_100253-1-1536x2048.jpg 1536w\" data-sizes=\"(max-width: 1920px) 100vw, 1920px\" src=\"data:image\/svg+xml;base64,PHN2ZyB3aWR0aD0iMSIgaGVpZ2h0PSIxIiB4bWxucz0iaHR0cDovL3d3dy53My5vcmcvMjAwMC9zdmciPjwvc3ZnPg==\" style=\"--smush-placeholder-width: 1920px; --smush-placeholder-aspect-ratio: 1920\/2560;\" \/><\/figure>\n<\/figure>\n\n\n\n<p>Die Basis eines jeden Baumgutachtens ist eine gr\u00fcndliche visuelle \u00dcberpr\u00fcfung des Baumes. Von der Krone \u00fcber das Astger\u00fcst, den Stamm und den Stammfu\u00df bis hin zu den Wurzeln wird der Baum nach Schwachstellen abgesucht. Als wichtigstes Hilfsmittel dient ein Fernglas. Bei Bedarf werden auch einfache Ger\u00e4te wie Schonhammer, Sondierstab, Taschenlampe und Lupe verwendet. Durch den Einsatz von High-End-Optiken k\u00f6nnen vor Ort auch bei nicht optimalen Witterungsverh\u00e4ltnissen zuverl\u00e4ssige Ergebnisse erzielt werden. Weiterhin werden auch das Baumumfeld und die Bodeneigenschaften in die Analyse einbezogen. <\/p>\n\n\n\n<p>Auf der Basis dieser Analysen wird entschieden, ob eine ger\u00e4tetechnische Untersuchung notwendig ist und welche Verfahren ggf. in Frage kommen.<\/p>\n\n\n\n<div class=\"wp-block-group\"><div class=\"wp-block-group__inner-container is-layout-flow wp-block-group-is-layout-flow\"><\/div><\/div>\n\n\n","protected":false},"excerpt":{"rendered":"<p>Die Basis eines jeden Baumgutachtens ist eine gr\u00fcndliche visuelle \u00dcberpr\u00fcfung des Baumes. Von der Krone \u00fcber das Astger\u00fcst, den Stamm &hellip; <\/p>\n","protected":false},"author":1,"featured_media":0,"parent":0,"menu_order":0,"comment_status":"closed","ping_status":"closed","template":"","meta":{"_monsterinsights_skip_tracking":false,"_monsterinsights_sitenote_active":false,"_monsterinsights_sitenote_note":"","_monsterinsights_sitenote_category":0,"footnotes":""},"class_list":["post-47","page","type-page","status-publish","hentry"],"yoast_head":"<!-- This site is optimized with the Yoast SEO plugin v27.4 - https:\/\/yoast.com\/product\/yoast-seo-wordpress\/ -->\n<title>Visuelle Baumdiagnose - Sachverst\u00e4ndigenb\u00fcro f\u00fcr Baumbiologie<\/title>\n<meta name=\"robots\" content=\"index, follow, max-snippet:-1, max-image-preview:large, max-video-preview:-1\" \/>\n<link rel=\"canonical\" href=\"https:\/\/www.baumbiologie.com\/?page_id=47\" \/>\n<meta property=\"og:locale\" content=\"de_DE\" \/>\n<meta property=\"og:type\" content=\"article\" \/>\n<meta property=\"og:title\" content=\"Visuelle Baumdiagnose - Sachverst\u00e4ndigenb\u00fcro f\u00fcr Baumbiologie\" \/>\n<meta property=\"og:description\" content=\"Die Basis eines jeden Baumgutachtens ist eine gr\u00fcndliche visuelle \u00dcberpr\u00fcfung des Baumes. Von der Krone \u00fcber das Astger\u00fcst, den Stamm &hellip;\" \/>\n<meta property=\"og:url\" content=\"https:\/\/www.baumbiologie.com\/?page_id=47\" \/>\n<meta property=\"og:site_name\" content=\"Sachverst\u00e4ndigenb\u00fcro f\u00fcr Baumbiologie\" \/>\n<meta property=\"article:modified_time\" content=\"2024-02-22T08:31:40+00:00\" \/>\n<meta property=\"og:image\" content=\"https:\/\/www.baumbiologie.com\/wp-content\/uploads\/2020\/07\/20180326_171858-1024x768.jpg\" \/>\n<meta name=\"twitter:card\" content=\"summary_large_image\" \/>\n<meta name=\"twitter:label1\" content=\"Gesch\u00e4tzte Lesezeit\" \/>\n\t<meta name=\"twitter:data1\" content=\"2\u00a0Minuten\" \/>\n<script type=\"application\/ld+json\" class=\"yoast-schema-graph\">{\"@context\":\"https:\\\/\\\/schema.org\",\"@graph\":[{\"@type\":\"WebPage\",\"@id\":\"https:\\\/\\\/www.baumbiologie.com\\\/?page_id=47\",\"url\":\"https:\\\/\\\/www.baumbiologie.com\\\/?page_id=47\",\"name\":\"Visuelle Baumdiagnose - Sachverst\u00e4ndigenb\u00fcro f\u00fcr Baumbiologie\",\"isPartOf\":{\"@id\":\"https:\\\/\\\/www.baumbiologie.com\\\/#website\"},\"primaryImageOfPage\":{\"@id\":\"https:\\\/\\\/www.baumbiologie.com\\\/?page_id=47#primaryimage\"},\"image\":{\"@id\":\"https:\\\/\\\/www.baumbiologie.com\\\/?page_id=47#primaryimage\"},\"thumbnailUrl\":\"https:\\\/\\\/www.baumbiologie.com\\\/wp-content\\\/uploads\\\/2020\\\/07\\\/20180326_171858-1024x768.jpg\",\"datePublished\":\"2020-06-25T19:43:52+00:00\",\"dateModified\":\"2024-02-22T08:31:40+00:00\",\"breadcrumb\":{\"@id\":\"https:\\\/\\\/www.baumbiologie.com\\\/?page_id=47#breadcrumb\"},\"inLanguage\":\"de\",\"potentialAction\":[{\"@type\":\"ReadAction\",\"target\":[\"https:\\\/\\\/www.baumbiologie.com\\\/?page_id=47\"]}]},{\"@type\":\"ImageObject\",\"inLanguage\":\"de\",\"@id\":\"https:\\\/\\\/www.baumbiologie.com\\\/?page_id=47#primaryimage\",\"url\":\"https:\\\/\\\/www.baumbiologie.com\\\/wp-content\\\/uploads\\\/2020\\\/07\\\/20180326_171858-1024x768.jpg\",\"contentUrl\":\"https:\\\/\\\/www.baumbiologie.com\\\/wp-content\\\/uploads\\\/2020\\\/07\\\/20180326_171858-1024x768.jpg\"},{\"@type\":\"BreadcrumbList\",\"@id\":\"https:\\\/\\\/www.baumbiologie.com\\\/?page_id=47#breadcrumb\",\"itemListElement\":[{\"@type\":\"ListItem\",\"position\":1,\"name\":\"Startseite\",\"item\":\"https:\\\/\\\/www.baumbiologie.com\\\/\"},{\"@type\":\"ListItem\",\"position\":2,\"name\":\"Visuelle Baumdiagnose\"}]},{\"@type\":\"WebSite\",\"@id\":\"https:\\\/\\\/www.baumbiologie.com\\\/#website\",\"url\":\"https:\\\/\\\/www.baumbiologie.com\\\/\",\"name\":\"Sachverst\u00e4ndigenb\u00fcro f\u00fcr Baumbiologie\",\"description\":\"Baumgutachten - Forschung - Seminare\",\"potentialAction\":[{\"@type\":\"SearchAction\",\"target\":{\"@type\":\"EntryPoint\",\"urlTemplate\":\"https:\\\/\\\/www.baumbiologie.com\\\/?s={search_term_string}\"},\"query-input\":{\"@type\":\"PropertyValueSpecification\",\"valueRequired\":true,\"valueName\":\"search_term_string\"}}],\"inLanguage\":\"de\"}]}<\/script>\n<!-- \/ Yoast SEO plugin. -->","yoast_head_json":{"title":"Visuelle Baumdiagnose - Sachverst\u00e4ndigenb\u00fcro f\u00fcr Baumbiologie","robots":{"index":"index","follow":"follow","max-snippet":"max-snippet:-1","max-image-preview":"max-image-preview:large","max-video-preview":"max-video-preview:-1"},"canonical":"https:\/\/www.baumbiologie.com\/?page_id=47","og_locale":"de_DE","og_type":"article","og_title":"Visuelle Baumdiagnose - Sachverst\u00e4ndigenb\u00fcro f\u00fcr Baumbiologie","og_description":"Die Basis eines jeden Baumgutachtens ist eine gr\u00fcndliche visuelle \u00dcberpr\u00fcfung des Baumes. Von der Krone \u00fcber das Astger\u00fcst, den Stamm &hellip;","og_url":"https:\/\/www.baumbiologie.com\/?page_id=47","og_site_name":"Sachverst\u00e4ndigenb\u00fcro f\u00fcr Baumbiologie","article_modified_time":"2024-02-22T08:31:40+00:00","og_image":[{"url":"https:\/\/www.baumbiologie.com\/wp-content\/uploads\/2020\/07\/20180326_171858-1024x768.jpg","type":"","width":"","height":""}],"twitter_card":"summary_large_image","twitter_misc":{"Gesch\u00e4tzte Lesezeit":"2\u00a0Minuten"},"schema":{"@context":"https:\/\/schema.org","@graph":[{"@type":"WebPage","@id":"https:\/\/www.baumbiologie.com\/?page_id=47","url":"https:\/\/www.baumbiologie.com\/?page_id=47","name":"Visuelle Baumdiagnose - Sachverst\u00e4ndigenb\u00fcro f\u00fcr Baumbiologie","isPartOf":{"@id":"https:\/\/www.baumbiologie.com\/#website"},"primaryImageOfPage":{"@id":"https:\/\/www.baumbiologie.com\/?page_id=47#primaryimage"},"image":{"@id":"https:\/\/www.baumbiologie.com\/?page_id=47#primaryimage"},"thumbnailUrl":"https:\/\/www.baumbiologie.com\/wp-content\/uploads\/2020\/07\/20180326_171858-1024x768.jpg","datePublished":"2020-06-25T19:43:52+00:00","dateModified":"2024-02-22T08:31:40+00:00","breadcrumb":{"@id":"https:\/\/www.baumbiologie.com\/?page_id=47#breadcrumb"},"inLanguage":"de","potentialAction":[{"@type":"ReadAction","target":["https:\/\/www.baumbiologie.com\/?page_id=47"]}]},{"@type":"ImageObject","inLanguage":"de","@id":"https:\/\/www.baumbiologie.com\/?page_id=47#primaryimage","url":"https:\/\/www.baumbiologie.com\/wp-content\/uploads\/2020\/07\/20180326_171858-1024x768.jpg","contentUrl":"https:\/\/www.baumbiologie.com\/wp-content\/uploads\/2020\/07\/20180326_171858-1024x768.jpg"},{"@type":"BreadcrumbList","@id":"https:\/\/www.baumbiologie.com\/?page_id=47#breadcrumb","itemListElement":[{"@type":"ListItem","position":1,"name":"Startseite","item":"https:\/\/www.baumbiologie.com\/"},{"@type":"ListItem","position":2,"name":"Visuelle Baumdiagnose"}]},{"@type":"WebSite","@id":"https:\/\/www.baumbiologie.com\/#website","url":"https:\/\/www.baumbiologie.com\/","name":"Sachverst\u00e4ndigenb\u00fcro f\u00fcr Baumbiologie","description":"Baumgutachten - Forschung - Seminare","potentialAction":[{"@type":"SearchAction","target":{"@type":"EntryPoint","urlTemplate":"https:\/\/www.baumbiologie.com\/?s={search_term_string}"},"query-input":{"@type":"PropertyValueSpecification","valueRequired":true,"valueName":"search_term_string"}}],"inLanguage":"de"}]}},"_links":{"self":[{"href":"https:\/\/www.baumbiologie.com\/index.php?rest_route=\/wp\/v2\/pages\/47","targetHints":{"allow":["GET"]}}],"collection":[{"href":"https:\/\/www.baumbiologie.com\/index.php?rest_route=\/wp\/v2\/pages"}],"about":[{"href":"https:\/\/www.baumbiologie.com\/index.php?rest_route=\/wp\/v2\/types\/page"}],"author":[{"embeddable":true,"href":"https:\/\/www.baumbiologie.com\/index.php?rest_route=\/wp\/v2\/users\/1"}],"replies":[{"embeddable":true,"href":"https:\/\/www.baumbiologie.com\/index.php?rest_route=%2Fwp%2Fv2%2Fcomments&post=47"}],"version-history":[{"count":8,"href":"https:\/\/www.baumbiologie.com\/index.php?rest_route=\/wp\/v2\/pages\/47\/revisions"}],"predecessor-version":[{"id":3013,"href":"https:\/\/www.baumbiologie.com\/index.php?rest_route=\/wp\/v2\/pages\/47\/revisions\/3013"}],"wp:attachment":[{"href":"https:\/\/www.baumbiologie.com\/index.php?rest_route=%2Fwp%2Fv2%2Fmedia&parent=47"}],"curies":[{"name":"wp","href":"https:\/\/api.w.org\/{rel}","templated":true}]}}