{"id":45,"date":"2020-06-25T19:43:12","date_gmt":"2020-06-25T19:43:12","guid":{"rendered":"http:\/\/www.baumbiologie.com\/?page_id=45"},"modified":"2022-08-11T13:16:08","modified_gmt":"2022-08-11T13:16:08","slug":"seilklettertechnik","status":"publish","type":"page","link":"https:\/\/www.baumbiologie.com\/?page_id=45","title":{"rendered":"Seilklettertechnik"},"content":{"rendered":"\n<figure class=\"wp-block-gallery has-nested-images columns-default is-cropped wp-block-gallery-1 is-layout-flex wp-block-gallery-is-layout-flex\">\n<figure class=\"wp-block-image size-large\"><img fetchpriority=\"high\" decoding=\"async\" width=\"1920\" height=\"2560\" data-id=\"1729\" src=\"https:\/\/www.baumbiologie.com\/wp-content\/uploads\/2020\/07\/IMG_0745-Kopie-scaled.jpg\" alt=\"\" class=\"wp-image-1729\" srcset=\"https:\/\/www.baumbiologie.com\/wp-content\/uploads\/2020\/07\/IMG_0745-Kopie-scaled.jpg 1920w, https:\/\/www.baumbiologie.com\/wp-content\/uploads\/2020\/07\/IMG_0745-Kopie-225x300.jpg 225w, https:\/\/www.baumbiologie.com\/wp-content\/uploads\/2020\/07\/IMG_0745-Kopie-1536x2048.jpg 1536w\" sizes=\"(max-width: 1920px) 100vw, 1920px\" \/><\/figure>\n\n\n\n<figure class=\"wp-block-image size-large\"><img decoding=\"async\" width=\"2560\" height=\"1920\" data-id=\"1728\" data-src=\"https:\/\/www.baumbiologie.com\/wp-content\/uploads\/2020\/07\/IMG_0586-scaled.jpg\" alt=\"\" class=\"wp-image-1728 lazyload\" data-srcset=\"https:\/\/www.baumbiologie.com\/wp-content\/uploads\/2020\/07\/IMG_0586-scaled.jpg 2560w, https:\/\/www.baumbiologie.com\/wp-content\/uploads\/2020\/07\/IMG_0586-300x225.jpg 300w, https:\/\/www.baumbiologie.com\/wp-content\/uploads\/2020\/07\/IMG_0586-768x576.jpg 768w, https:\/\/www.baumbiologie.com\/wp-content\/uploads\/2020\/07\/IMG_0586-2048x1536.jpg 2048w\" data-sizes=\"(max-width: 2560px) 100vw, 2560px\" src=\"data:image\/svg+xml;base64,PHN2ZyB3aWR0aD0iMSIgaGVpZ2h0PSIxIiB4bWxucz0iaHR0cDovL3d3dy53My5vcmcvMjAwMC9zdmciPjwvc3ZnPg==\" style=\"--smush-placeholder-width: 2560px; --smush-placeholder-aspect-ratio: 2560\/1920;\" \/><\/figure>\n<\/figure>\n\n\n\n<p>Mit Hilfe seilklettertechnischer Zugangsverfahren ist es m\u00f6glich, an nahezu jedem Punkt in der Krone Messungen durchzuf\u00fchren oder Proben zu nehmen. Zudem ist die Seilklettertechnik baumschonend und zus\u00e4tzlich bodenschonend, da Bodenverdichtungen vermieden werden. Diese Technik eignet sich daher besonders f\u00fcr sehr enge oder empfindliche Standorte. An solchen Standorten k\u00f6nnen Hubarbeitsb\u00fchnen oft nicht eingesetzt werden. <\/p>\n\n\n\n<p>Es bestehen umfangreiche Erfahrungen im Einsatz dieser Technik. Neben dem Einsatz bei Verkehrssicherheitsgutachten wurden bereits Fledermaush\u00f6hlen mittels Impulstomographie vermessen, Proben aus dem Au\u00dfenastbereich von Waldb\u00e4umen gesammelt und stressphysiologische Messungen an einer \u00fcber 60 m hohen Douglasie durchgef\u00fchrt.<\/p>\n\n\n\n<p>Die Ausbildung erfolgte \u00fcber die <a href=\"https:\/\/baumkletterschule.de\/cms\/\" target=\"_blank\" rel=\"noreferrer noopener\">M\u00fcnchner Baumkletterschule<\/a> (SKT A, PSA Sachkunde) und <a href=\"https:\/\/www.sylvanaalta.com\/\" target=\"_blank\" rel=\"noreferrer noopener\">SylvanaAlta<\/a> (Advanced Techniques in Tree Climbing for Research).<\/p>\n","protected":false},"excerpt":{"rendered":"<p>Mit Hilfe seilklettertechnischer Zugangsverfahren ist es m\u00f6glich, an nahezu jedem Punkt in der Krone Messungen durchzuf\u00fchren oder Proben zu nehmen. &hellip; <\/p>\n","protected":false},"author":1,"featured_media":0,"parent":0,"menu_order":0,"comment_status":"closed","ping_status":"closed","template":"","meta":{"_monsterinsights_skip_tracking":false,"_monsterinsights_sitenote_active":false,"_monsterinsights_sitenote_note":"","_monsterinsights_sitenote_category":0,"footnotes":""},"class_list":["post-45","page","type-page","status-publish","hentry"],"yoast_head":"<!-- This site is optimized with the Yoast SEO plugin v27.4 - https:\/\/yoast.com\/product\/yoast-seo-wordpress\/ -->\n<title>Seilklettertechnik - Sachverst\u00e4ndigenb\u00fcro f\u00fcr Baumbiologie<\/title>\n<meta name=\"robots\" content=\"index, follow, max-snippet:-1, max-image-preview:large, max-video-preview:-1\" \/>\n<link rel=\"canonical\" href=\"https:\/\/www.baumbiologie.com\/?page_id=45\" \/>\n<meta property=\"og:locale\" content=\"de_DE\" \/>\n<meta property=\"og:type\" content=\"article\" \/>\n<meta property=\"og:title\" content=\"Seilklettertechnik - Sachverst\u00e4ndigenb\u00fcro f\u00fcr Baumbiologie\" \/>\n<meta property=\"og:description\" content=\"Mit Hilfe seilklettertechnischer Zugangsverfahren ist es m\u00f6glich, an nahezu jedem Punkt in der Krone Messungen durchzuf\u00fchren oder Proben zu nehmen. &hellip;\" \/>\n<meta property=\"og:url\" content=\"https:\/\/www.baumbiologie.com\/?page_id=45\" \/>\n<meta property=\"og:site_name\" content=\"Sachverst\u00e4ndigenb\u00fcro f\u00fcr Baumbiologie\" \/>\n<meta property=\"article:modified_time\" content=\"2022-08-11T13:16:08+00:00\" \/>\n<meta property=\"og:image\" content=\"https:\/\/www.baumbiologie.com\/wp-content\/uploads\/2020\/07\/IMG_0745-Kopie-scaled.jpg\" \/>\n<meta name=\"twitter:card\" content=\"summary_large_image\" \/>\n<meta name=\"twitter:label1\" content=\"Gesch\u00e4tzte Lesezeit\" \/>\n\t<meta name=\"twitter:data1\" content=\"2\u00a0Minuten\" \/>\n<script type=\"application\/ld+json\" class=\"yoast-schema-graph\">{\"@context\":\"https:\\\/\\\/schema.org\",\"@graph\":[{\"@type\":\"WebPage\",\"@id\":\"https:\\\/\\\/www.baumbiologie.com\\\/?page_id=45\",\"url\":\"https:\\\/\\\/www.baumbiologie.com\\\/?page_id=45\",\"name\":\"Seilklettertechnik - Sachverst\u00e4ndigenb\u00fcro f\u00fcr Baumbiologie\",\"isPartOf\":{\"@id\":\"https:\\\/\\\/www.baumbiologie.com\\\/#website\"},\"primaryImageOfPage\":{\"@id\":\"https:\\\/\\\/www.baumbiologie.com\\\/?page_id=45#primaryimage\"},\"image\":{\"@id\":\"https:\\\/\\\/www.baumbiologie.com\\\/?page_id=45#primaryimage\"},\"thumbnailUrl\":\"https:\\\/\\\/www.baumbiologie.com\\\/wp-content\\\/uploads\\\/2020\\\/07\\\/IMG_0745-Kopie-scaled.jpg\",\"datePublished\":\"2020-06-25T19:43:12+00:00\",\"dateModified\":\"2022-08-11T13:16:08+00:00\",\"breadcrumb\":{\"@id\":\"https:\\\/\\\/www.baumbiologie.com\\\/?page_id=45#breadcrumb\"},\"inLanguage\":\"de\",\"potentialAction\":[{\"@type\":\"ReadAction\",\"target\":[\"https:\\\/\\\/www.baumbiologie.com\\\/?page_id=45\"]}]},{\"@type\":\"ImageObject\",\"inLanguage\":\"de\",\"@id\":\"https:\\\/\\\/www.baumbiologie.com\\\/?page_id=45#primaryimage\",\"url\":\"https:\\\/\\\/www.baumbiologie.com\\\/wp-content\\\/uploads\\\/2020\\\/07\\\/IMG_0745-Kopie-scaled.jpg\",\"contentUrl\":\"https:\\\/\\\/www.baumbiologie.com\\\/wp-content\\\/uploads\\\/2020\\\/07\\\/IMG_0745-Kopie-scaled.jpg\",\"width\":1920,\"height\":2560},{\"@type\":\"BreadcrumbList\",\"@id\":\"https:\\\/\\\/www.baumbiologie.com\\\/?page_id=45#breadcrumb\",\"itemListElement\":[{\"@type\":\"ListItem\",\"position\":1,\"name\":\"Startseite\",\"item\":\"https:\\\/\\\/www.baumbiologie.com\\\/\"},{\"@type\":\"ListItem\",\"position\":2,\"name\":\"Seilklettertechnik\"}]},{\"@type\":\"WebSite\",\"@id\":\"https:\\\/\\\/www.baumbiologie.com\\\/#website\",\"url\":\"https:\\\/\\\/www.baumbiologie.com\\\/\",\"name\":\"Sachverst\u00e4ndigenb\u00fcro f\u00fcr Baumbiologie\",\"description\":\"Baumgutachten - Forschung - Seminare\",\"potentialAction\":[{\"@type\":\"SearchAction\",\"target\":{\"@type\":\"EntryPoint\",\"urlTemplate\":\"https:\\\/\\\/www.baumbiologie.com\\\/?s={search_term_string}\"},\"query-input\":{\"@type\":\"PropertyValueSpecification\",\"valueRequired\":true,\"valueName\":\"search_term_string\"}}],\"inLanguage\":\"de\"}]}<\/script>\n<!-- \/ Yoast SEO plugin. -->","yoast_head_json":{"title":"Seilklettertechnik - Sachverst\u00e4ndigenb\u00fcro f\u00fcr Baumbiologie","robots":{"index":"index","follow":"follow","max-snippet":"max-snippet:-1","max-image-preview":"max-image-preview:large","max-video-preview":"max-video-preview:-1"},"canonical":"https:\/\/www.baumbiologie.com\/?page_id=45","og_locale":"de_DE","og_type":"article","og_title":"Seilklettertechnik - Sachverst\u00e4ndigenb\u00fcro f\u00fcr Baumbiologie","og_description":"Mit Hilfe seilklettertechnischer Zugangsverfahren ist es m\u00f6glich, an nahezu jedem Punkt in der Krone Messungen durchzuf\u00fchren oder Proben zu nehmen. &hellip;","og_url":"https:\/\/www.baumbiologie.com\/?page_id=45","og_site_name":"Sachverst\u00e4ndigenb\u00fcro f\u00fcr Baumbiologie","article_modified_time":"2022-08-11T13:16:08+00:00","og_image":[{"url":"https:\/\/www.baumbiologie.com\/wp-content\/uploads\/2020\/07\/IMG_0745-Kopie-scaled.jpg","type":"","width":"","height":""}],"twitter_card":"summary_large_image","twitter_misc":{"Gesch\u00e4tzte Lesezeit":"2\u00a0Minuten"},"schema":{"@context":"https:\/\/schema.org","@graph":[{"@type":"WebPage","@id":"https:\/\/www.baumbiologie.com\/?page_id=45","url":"https:\/\/www.baumbiologie.com\/?page_id=45","name":"Seilklettertechnik - Sachverst\u00e4ndigenb\u00fcro f\u00fcr Baumbiologie","isPartOf":{"@id":"https:\/\/www.baumbiologie.com\/#website"},"primaryImageOfPage":{"@id":"https:\/\/www.baumbiologie.com\/?page_id=45#primaryimage"},"image":{"@id":"https:\/\/www.baumbiologie.com\/?page_id=45#primaryimage"},"thumbnailUrl":"https:\/\/www.baumbiologie.com\/wp-content\/uploads\/2020\/07\/IMG_0745-Kopie-scaled.jpg","datePublished":"2020-06-25T19:43:12+00:00","dateModified":"2022-08-11T13:16:08+00:00","breadcrumb":{"@id":"https:\/\/www.baumbiologie.com\/?page_id=45#breadcrumb"},"inLanguage":"de","potentialAction":[{"@type":"ReadAction","target":["https:\/\/www.baumbiologie.com\/?page_id=45"]}]},{"@type":"ImageObject","inLanguage":"de","@id":"https:\/\/www.baumbiologie.com\/?page_id=45#primaryimage","url":"https:\/\/www.baumbiologie.com\/wp-content\/uploads\/2020\/07\/IMG_0745-Kopie-scaled.jpg","contentUrl":"https:\/\/www.baumbiologie.com\/wp-content\/uploads\/2020\/07\/IMG_0745-Kopie-scaled.jpg","width":1920,"height":2560},{"@type":"BreadcrumbList","@id":"https:\/\/www.baumbiologie.com\/?page_id=45#breadcrumb","itemListElement":[{"@type":"ListItem","position":1,"name":"Startseite","item":"https:\/\/www.baumbiologie.com\/"},{"@type":"ListItem","position":2,"name":"Seilklettertechnik"}]},{"@type":"WebSite","@id":"https:\/\/www.baumbiologie.com\/#website","url":"https:\/\/www.baumbiologie.com\/","name":"Sachverst\u00e4ndigenb\u00fcro f\u00fcr Baumbiologie","description":"Baumgutachten - Forschung - Seminare","potentialAction":[{"@type":"SearchAction","target":{"@type":"EntryPoint","urlTemplate":"https:\/\/www.baumbiologie.com\/?s={search_term_string}"},"query-input":{"@type":"PropertyValueSpecification","valueRequired":true,"valueName":"search_term_string"}}],"inLanguage":"de"}]}},"_links":{"self":[{"href":"https:\/\/www.baumbiologie.com\/index.php?rest_route=\/wp\/v2\/pages\/45","targetHints":{"allow":["GET"]}}],"collection":[{"href":"https:\/\/www.baumbiologie.com\/index.php?rest_route=\/wp\/v2\/pages"}],"about":[{"href":"https:\/\/www.baumbiologie.com\/index.php?rest_route=\/wp\/v2\/types\/page"}],"author":[{"embeddable":true,"href":"https:\/\/www.baumbiologie.com\/index.php?rest_route=\/wp\/v2\/users\/1"}],"replies":[{"embeddable":true,"href":"https:\/\/www.baumbiologie.com\/index.php?rest_route=%2Fwp%2Fv2%2Fcomments&post=45"}],"version-history":[{"count":7,"href":"https:\/\/www.baumbiologie.com\/index.php?rest_route=\/wp\/v2\/pages\/45\/revisions"}],"predecessor-version":[{"id":2515,"href":"https:\/\/www.baumbiologie.com\/index.php?rest_route=\/wp\/v2\/pages\/45\/revisions\/2515"}],"wp:attachment":[{"href":"https:\/\/www.baumbiologie.com\/index.php?rest_route=%2Fwp%2Fv2%2Fmedia&parent=45"}],"curies":[{"name":"wp","href":"https:\/\/api.w.org\/{rel}","templated":true}]}}