{"id":43,"date":"2020-06-25T19:42:45","date_gmt":"2020-06-25T19:42:45","guid":{"rendered":"http:\/\/www.baumbiologie.com\/?page_id=43"},"modified":"2025-12-11T12:47:17","modified_gmt":"2025-12-11T12:47:17","slug":"impulstomographie","status":"publish","type":"page","link":"https:\/\/www.baumbiologie.com\/?page_id=43","title":{"rendered":"Impulstomographie"},"content":{"rendered":"\n<figure class=\"wp-block-gallery has-nested-images columns-default is-cropped wp-block-gallery-1 is-layout-flex wp-block-gallery-is-layout-flex\">\n<figure class=\"wp-block-image size-large\"><img fetchpriority=\"high\" decoding=\"async\" width=\"1024\" height=\"768\" data-id=\"1703\" src=\"https:\/\/www.baumbiologie.com\/wp-content\/uploads\/2020\/07\/20170802_150438-1024x768.jpg\" alt=\"\" class=\"wp-image-1703\" srcset=\"https:\/\/www.baumbiologie.com\/wp-content\/uploads\/2020\/07\/20170802_150438-1024x768.jpg 1024w, https:\/\/www.baumbiologie.com\/wp-content\/uploads\/2020\/07\/20170802_150438-300x225.jpg 300w, https:\/\/www.baumbiologie.com\/wp-content\/uploads\/2020\/07\/20170802_150438-768x576.jpg 768w, https:\/\/www.baumbiologie.com\/wp-content\/uploads\/2020\/07\/20170802_150438-1536x1152.jpg 1536w, https:\/\/www.baumbiologie.com\/wp-content\/uploads\/2020\/07\/20170802_150438-2048x1536.jpg 2048w\" sizes=\"(max-width: 1024px) 100vw, 1024px\" \/><\/figure>\n\n\n\n<figure class=\"wp-block-image size-large\"><img decoding=\"async\" width=\"1920\" height=\"2560\" data-id=\"1704\" data-src=\"https:\/\/www.baumbiologie.com\/wp-content\/uploads\/2020\/07\/20170809_093652-scaled.jpg\" alt=\"\" class=\"wp-image-1704 lazyload\" data-srcset=\"https:\/\/www.baumbiologie.com\/wp-content\/uploads\/2020\/07\/20170809_093652-scaled.jpg 1920w, https:\/\/www.baumbiologie.com\/wp-content\/uploads\/2020\/07\/20170809_093652-225x300.jpg 225w, https:\/\/www.baumbiologie.com\/wp-content\/uploads\/2020\/07\/20170809_093652-1152x1536.jpg 1152w, https:\/\/www.baumbiologie.com\/wp-content\/uploads\/2020\/07\/20170809_093652-1536x2048.jpg 1536w\" data-sizes=\"(max-width: 1920px) 100vw, 1920px\" src=\"data:image\/svg+xml;base64,PHN2ZyB3aWR0aD0iMSIgaGVpZ2h0PSIxIiB4bWxucz0iaHR0cDovL3d3dy53My5vcmcvMjAwMC9zdmciPjwvc3ZnPg==\" style=\"--smush-placeholder-width: 1920px; --smush-placeholder-aspect-ratio: 1920\/2560;\" \/><\/figure>\n\n\n\n<figure class=\"wp-block-image size-large\"><img decoding=\"async\" width=\"1024\" height=\"768\" data-id=\"1705\" data-src=\"https:\/\/www.baumbiologie.com\/wp-content\/uploads\/2020\/07\/20170703_090153-1024x768.jpg\" alt=\"Baumuntersuchung, Baumgutachten, Linde, Schalltomographie\" class=\"wp-image-1705 lazyload\" data-srcset=\"https:\/\/www.baumbiologie.com\/wp-content\/uploads\/2020\/07\/20170703_090153-1024x768.jpg 1024w, https:\/\/www.baumbiologie.com\/wp-content\/uploads\/2020\/07\/20170703_090153-300x225.jpg 300w, https:\/\/www.baumbiologie.com\/wp-content\/uploads\/2020\/07\/20170703_090153-768x576.jpg 768w, https:\/\/www.baumbiologie.com\/wp-content\/uploads\/2020\/07\/20170703_090153-1536x1152.jpg 1536w, https:\/\/www.baumbiologie.com\/wp-content\/uploads\/2020\/07\/20170703_090153-2048x1536.jpg 2048w\" data-sizes=\"(max-width: 1024px) 100vw, 1024px\" src=\"data:image\/svg+xml;base64,PHN2ZyB3aWR0aD0iMSIgaGVpZ2h0PSIxIiB4bWxucz0iaHR0cDovL3d3dy53My5vcmcvMjAwMC9zdmciPjwvc3ZnPg==\" style=\"--smush-placeholder-width: 1024px; --smush-placeholder-aspect-ratio: 1024\/768;\" \/><\/figure>\n\n\n\n<figure class=\"wp-block-image size-large\"><img decoding=\"async\" width=\"747\" height=\"747\" data-id=\"1714\" data-src=\"https:\/\/www.baumbiologie.com\/wp-content\/uploads\/2020\/07\/BKP_02_SoT.jpg\" alt=\"\" class=\"wp-image-1714 lazyload\" data-srcset=\"https:\/\/www.baumbiologie.com\/wp-content\/uploads\/2020\/07\/BKP_02_SoT.jpg 747w, https:\/\/www.baumbiologie.com\/wp-content\/uploads\/2020\/07\/BKP_02_SoT-300x300.jpg 300w, https:\/\/www.baumbiologie.com\/wp-content\/uploads\/2020\/07\/BKP_02_SoT-150x150.jpg 150w, https:\/\/www.baumbiologie.com\/wp-content\/uploads\/2020\/07\/BKP_02_SoT-70x70.jpg 70w, https:\/\/www.baumbiologie.com\/wp-content\/uploads\/2020\/07\/BKP_02_SoT-246x246.jpg 246w, https:\/\/www.baumbiologie.com\/wp-content\/uploads\/2020\/07\/BKP_02_SoT-276x276.jpg 276w, https:\/\/www.baumbiologie.com\/wp-content\/uploads\/2020\/07\/BKP_02_SoT-125x125.jpg 125w\" data-sizes=\"(max-width: 747px) 100vw, 747px\" src=\"data:image\/svg+xml;base64,PHN2ZyB3aWR0aD0iMSIgaGVpZ2h0PSIxIiB4bWxucz0iaHR0cDovL3d3dy53My5vcmcvMjAwMC9zdmciPjwvc3ZnPg==\" style=\"--smush-placeholder-width: 747px; --smush-placeholder-aspect-ratio: 747\/747;\" \/><\/figure>\n\n\n\n<figure class=\"wp-block-image size-large\"><img decoding=\"async\" width=\"596\" height=\"596\" data-id=\"1711\" data-src=\"https:\/\/www.baumbiologie.com\/wp-content\/uploads\/2020\/07\/BKP_16_SoT.jpg\" alt=\"\" class=\"wp-image-1711 lazyload\" data-srcset=\"https:\/\/www.baumbiologie.com\/wp-content\/uploads\/2020\/07\/BKP_16_SoT.jpg 596w, https:\/\/www.baumbiologie.com\/wp-content\/uploads\/2020\/07\/BKP_16_SoT-300x300.jpg 300w, https:\/\/www.baumbiologie.com\/wp-content\/uploads\/2020\/07\/BKP_16_SoT-150x150.jpg 150w, https:\/\/www.baumbiologie.com\/wp-content\/uploads\/2020\/07\/BKP_16_SoT-70x70.jpg 70w, https:\/\/www.baumbiologie.com\/wp-content\/uploads\/2020\/07\/BKP_16_SoT-246x246.jpg 246w, https:\/\/www.baumbiologie.com\/wp-content\/uploads\/2020\/07\/BKP_16_SoT-276x276.jpg 276w, https:\/\/www.baumbiologie.com\/wp-content\/uploads\/2020\/07\/BKP_16_SoT-125x125.jpg 125w\" data-sizes=\"(max-width: 596px) 100vw, 596px\" src=\"data:image\/svg+xml;base64,PHN2ZyB3aWR0aD0iMSIgaGVpZ2h0PSIxIiB4bWxucz0iaHR0cDovL3d3dy53My5vcmcvMjAwMC9zdmciPjwvc3ZnPg==\" style=\"--smush-placeholder-width: 596px; --smush-placeholder-aspect-ratio: 596\/596;\" \/><\/figure>\n\n\n\n<figure class=\"wp-block-image size-large\"><img decoding=\"async\" width=\"596\" height=\"596\" data-id=\"1707\" data-src=\"https:\/\/www.baumbiologie.com\/wp-content\/uploads\/2020\/07\/H\u00e4ngebuche_20_SoT.jpg\" alt=\"Schalltomogramm, Buche, Baumgutachten, Wiesbaden, Mainz, Frankfurt, Marburg, Gie\u00dfen\" class=\"wp-image-1707 lazyload\" data-srcset=\"https:\/\/www.baumbiologie.com\/wp-content\/uploads\/2020\/07\/H\u00e4ngebuche_20_SoT.jpg 596w, https:\/\/www.baumbiologie.com\/wp-content\/uploads\/2020\/07\/H\u00e4ngebuche_20_SoT-300x300.jpg 300w, https:\/\/www.baumbiologie.com\/wp-content\/uploads\/2020\/07\/H\u00e4ngebuche_20_SoT-150x150.jpg 150w, https:\/\/www.baumbiologie.com\/wp-content\/uploads\/2020\/07\/H\u00e4ngebuche_20_SoT-70x70.jpg 70w, https:\/\/www.baumbiologie.com\/wp-content\/uploads\/2020\/07\/H\u00e4ngebuche_20_SoT-246x246.jpg 246w, https:\/\/www.baumbiologie.com\/wp-content\/uploads\/2020\/07\/H\u00e4ngebuche_20_SoT-276x276.jpg 276w, https:\/\/www.baumbiologie.com\/wp-content\/uploads\/2020\/07\/H\u00e4ngebuche_20_SoT-125x125.jpg 125w\" data-sizes=\"(max-width: 596px) 100vw, 596px\" src=\"data:image\/svg+xml;base64,PHN2ZyB3aWR0aD0iMSIgaGVpZ2h0PSIxIiB4bWxucz0iaHR0cDovL3d3dy53My5vcmcvMjAwMC9zdmciPjwvc3ZnPg==\" style=\"--smush-placeholder-width: 596px; --smush-placeholder-aspect-ratio: 596\/596;\" \/><\/figure>\n<\/figure>\n\n\n\n<p>Impuls- oder Schalltomograpie ist ein zerst\u00f6rungsfreies Verfahren, um Defekte im Holzk\u00f6rper zu lokalisieren und die Defektgr\u00f6\u00dfe zu bestimmen. Mit Hilfe eines elektronischen Hammers werden Impulse in das Holz eingeleitet und Laufzeiten zu rings um den Stammquerschnitt verteilten Sensoren gemessen. Da Impuls- oder Schallwellen sich im gesunden Holz schneller ausbreiten als im zersetzten Holz, oder aber Hindernisse wie z.B. Risse umlaufen werden, l\u00e4sst sich \u00fcber die Laufzeiten errechnen, wo und in welchem Ausma\u00df Defekte vorhanden sind.<\/p>\n\n\n\n<p>Es wird ein IML Electronic <a href=\"https:\/\/www.iml-electronic.de\/produkt\/picus-sonic-tomograph\/?gclid=Cj0KCQjw0bunBhD9ARIsAAZl0E3GwgP5R2WLXDqE_IKAKYl-x-JuzibUg9NSaanWwCTH4ihptK9LLmcaAmNcEALw_wcB\" target=\"_blank\" rel=\"noreferrer noopener\">Picus Impulstomograph<\/a> verwendet. Mit diesem Ger\u00e4t ist es m\u00f6glich, auch sehr gro\u00dfe oder komplexe St\u00e4mme bzw. Stammf\u00fc\u00dfe zu untersuchen, da bis zu 100 Messpunkte gesetzt werden k\u00f6nnen. Vor jeder Impulstomographie wird eine Vermessung des Stammquerschnitts mit dem IML Electronic Calliper durchgef\u00fchrt, um Fehler durch ungenaue Erfassung der Stammgeometrie auszuschlie\u00dfen. In Kombination mit <a href=\"https:\/\/www.baumbiologie.com\/?page_id=45\">Seilklettertechnik<\/a> kann der Tomograph auch hoch am Stamm oder in der Baumkrone verwendet werden.<\/p>\n","protected":false},"excerpt":{"rendered":"<p>Impuls- oder Schalltomograpie ist ein zerst\u00f6rungsfreies Verfahren, um Defekte im Holzk\u00f6rper zu lokalisieren und die Defektgr\u00f6\u00dfe zu bestimmen. Mit Hilfe &hellip; <\/p>\n","protected":false},"author":1,"featured_media":0,"parent":0,"menu_order":0,"comment_status":"closed","ping_status":"closed","template":"","meta":{"_monsterinsights_skip_tracking":false,"_monsterinsights_sitenote_active":false,"_monsterinsights_sitenote_note":"","_monsterinsights_sitenote_category":0,"footnotes":""},"class_list":["post-43","page","type-page","status-publish","hentry"],"yoast_head":"<!-- This site is optimized with the Yoast SEO plugin v27.4 - https:\/\/yoast.com\/product\/yoast-seo-wordpress\/ -->\n<title>Impulstomographie - Sachverst\u00e4ndigenb\u00fcro f\u00fcr Baumbiologie<\/title>\n<meta name=\"robots\" content=\"index, follow, max-snippet:-1, max-image-preview:large, max-video-preview:-1\" \/>\n<link rel=\"canonical\" href=\"https:\/\/www.baumbiologie.com\/?page_id=43\" \/>\n<meta property=\"og:locale\" content=\"de_DE\" \/>\n<meta property=\"og:type\" content=\"article\" \/>\n<meta property=\"og:title\" content=\"Impulstomographie - Sachverst\u00e4ndigenb\u00fcro f\u00fcr Baumbiologie\" \/>\n<meta property=\"og:description\" content=\"Impuls- oder Schalltomograpie ist ein zerst\u00f6rungsfreies Verfahren, um Defekte im Holzk\u00f6rper zu lokalisieren und die Defektgr\u00f6\u00dfe zu bestimmen. Mit Hilfe &hellip;\" \/>\n<meta property=\"og:url\" content=\"https:\/\/www.baumbiologie.com\/?page_id=43\" \/>\n<meta property=\"og:site_name\" content=\"Sachverst\u00e4ndigenb\u00fcro f\u00fcr Baumbiologie\" \/>\n<meta property=\"article:modified_time\" content=\"2025-12-11T12:47:17+00:00\" \/>\n<meta property=\"og:image\" content=\"https:\/\/www.baumbiologie.com\/wp-content\/uploads\/2020\/07\/20170802_150438-scaled.jpg\" \/>\n\t<meta property=\"og:image:width\" content=\"2560\" \/>\n\t<meta property=\"og:image:height\" content=\"1920\" \/>\n\t<meta property=\"og:image:type\" content=\"image\/jpeg\" \/>\n<meta name=\"twitter:card\" content=\"summary_large_image\" \/>\n<meta name=\"twitter:label1\" content=\"Gesch\u00e4tzte Lesezeit\" \/>\n\t<meta name=\"twitter:data1\" content=\"3\u00a0Minuten\" \/>\n<script type=\"application\/ld+json\" class=\"yoast-schema-graph\">{\"@context\":\"https:\\\/\\\/schema.org\",\"@graph\":[{\"@type\":\"WebPage\",\"@id\":\"https:\\\/\\\/www.baumbiologie.com\\\/?page_id=43\",\"url\":\"https:\\\/\\\/www.baumbiologie.com\\\/?page_id=43\",\"name\":\"Impulstomographie - Sachverst\u00e4ndigenb\u00fcro f\u00fcr Baumbiologie\",\"isPartOf\":{\"@id\":\"https:\\\/\\\/www.baumbiologie.com\\\/#website\"},\"primaryImageOfPage\":{\"@id\":\"https:\\\/\\\/www.baumbiologie.com\\\/?page_id=43#primaryimage\"},\"image\":{\"@id\":\"https:\\\/\\\/www.baumbiologie.com\\\/?page_id=43#primaryimage\"},\"thumbnailUrl\":\"https:\\\/\\\/www.baumbiologie.com\\\/wp-content\\\/uploads\\\/2020\\\/07\\\/20170802_150438-1024x768.jpg\",\"datePublished\":\"2020-06-25T19:42:45+00:00\",\"dateModified\":\"2025-12-11T12:47:17+00:00\",\"breadcrumb\":{\"@id\":\"https:\\\/\\\/www.baumbiologie.com\\\/?page_id=43#breadcrumb\"},\"inLanguage\":\"de\",\"potentialAction\":[{\"@type\":\"ReadAction\",\"target\":[\"https:\\\/\\\/www.baumbiologie.com\\\/?page_id=43\"]}]},{\"@type\":\"ImageObject\",\"inLanguage\":\"de\",\"@id\":\"https:\\\/\\\/www.baumbiologie.com\\\/?page_id=43#primaryimage\",\"url\":\"https:\\\/\\\/www.baumbiologie.com\\\/wp-content\\\/uploads\\\/2020\\\/07\\\/20170802_150438-1024x768.jpg\",\"contentUrl\":\"https:\\\/\\\/www.baumbiologie.com\\\/wp-content\\\/uploads\\\/2020\\\/07\\\/20170802_150438-1024x768.jpg\"},{\"@type\":\"BreadcrumbList\",\"@id\":\"https:\\\/\\\/www.baumbiologie.com\\\/?page_id=43#breadcrumb\",\"itemListElement\":[{\"@type\":\"ListItem\",\"position\":1,\"name\":\"Startseite\",\"item\":\"https:\\\/\\\/www.baumbiologie.com\\\/\"},{\"@type\":\"ListItem\",\"position\":2,\"name\":\"Impulstomographie\"}]},{\"@type\":\"WebSite\",\"@id\":\"https:\\\/\\\/www.baumbiologie.com\\\/#website\",\"url\":\"https:\\\/\\\/www.baumbiologie.com\\\/\",\"name\":\"Sachverst\u00e4ndigenb\u00fcro f\u00fcr Baumbiologie\",\"description\":\"Baumgutachten - Forschung - Seminare\",\"potentialAction\":[{\"@type\":\"SearchAction\",\"target\":{\"@type\":\"EntryPoint\",\"urlTemplate\":\"https:\\\/\\\/www.baumbiologie.com\\\/?s={search_term_string}\"},\"query-input\":{\"@type\":\"PropertyValueSpecification\",\"valueRequired\":true,\"valueName\":\"search_term_string\"}}],\"inLanguage\":\"de\"}]}<\/script>\n<!-- \/ Yoast SEO plugin. -->","yoast_head_json":{"title":"Impulstomographie - Sachverst\u00e4ndigenb\u00fcro f\u00fcr Baumbiologie","robots":{"index":"index","follow":"follow","max-snippet":"max-snippet:-1","max-image-preview":"max-image-preview:large","max-video-preview":"max-video-preview:-1"},"canonical":"https:\/\/www.baumbiologie.com\/?page_id=43","og_locale":"de_DE","og_type":"article","og_title":"Impulstomographie - Sachverst\u00e4ndigenb\u00fcro f\u00fcr Baumbiologie","og_description":"Impuls- oder Schalltomograpie ist ein zerst\u00f6rungsfreies Verfahren, um Defekte im Holzk\u00f6rper zu lokalisieren und die Defektgr\u00f6\u00dfe zu bestimmen. Mit Hilfe &hellip;","og_url":"https:\/\/www.baumbiologie.com\/?page_id=43","og_site_name":"Sachverst\u00e4ndigenb\u00fcro f\u00fcr Baumbiologie","article_modified_time":"2025-12-11T12:47:17+00:00","og_image":[{"width":2560,"height":1920,"url":"https:\/\/www.baumbiologie.com\/wp-content\/uploads\/2020\/07\/20170802_150438-scaled.jpg","type":"image\/jpeg"}],"twitter_card":"summary_large_image","twitter_misc":{"Gesch\u00e4tzte Lesezeit":"3\u00a0Minuten"},"schema":{"@context":"https:\/\/schema.org","@graph":[{"@type":"WebPage","@id":"https:\/\/www.baumbiologie.com\/?page_id=43","url":"https:\/\/www.baumbiologie.com\/?page_id=43","name":"Impulstomographie - Sachverst\u00e4ndigenb\u00fcro f\u00fcr Baumbiologie","isPartOf":{"@id":"https:\/\/www.baumbiologie.com\/#website"},"primaryImageOfPage":{"@id":"https:\/\/www.baumbiologie.com\/?page_id=43#primaryimage"},"image":{"@id":"https:\/\/www.baumbiologie.com\/?page_id=43#primaryimage"},"thumbnailUrl":"https:\/\/www.baumbiologie.com\/wp-content\/uploads\/2020\/07\/20170802_150438-1024x768.jpg","datePublished":"2020-06-25T19:42:45+00:00","dateModified":"2025-12-11T12:47:17+00:00","breadcrumb":{"@id":"https:\/\/www.baumbiologie.com\/?page_id=43#breadcrumb"},"inLanguage":"de","potentialAction":[{"@type":"ReadAction","target":["https:\/\/www.baumbiologie.com\/?page_id=43"]}]},{"@type":"ImageObject","inLanguage":"de","@id":"https:\/\/www.baumbiologie.com\/?page_id=43#primaryimage","url":"https:\/\/www.baumbiologie.com\/wp-content\/uploads\/2020\/07\/20170802_150438-1024x768.jpg","contentUrl":"https:\/\/www.baumbiologie.com\/wp-content\/uploads\/2020\/07\/20170802_150438-1024x768.jpg"},{"@type":"BreadcrumbList","@id":"https:\/\/www.baumbiologie.com\/?page_id=43#breadcrumb","itemListElement":[{"@type":"ListItem","position":1,"name":"Startseite","item":"https:\/\/www.baumbiologie.com\/"},{"@type":"ListItem","position":2,"name":"Impulstomographie"}]},{"@type":"WebSite","@id":"https:\/\/www.baumbiologie.com\/#website","url":"https:\/\/www.baumbiologie.com\/","name":"Sachverst\u00e4ndigenb\u00fcro f\u00fcr Baumbiologie","description":"Baumgutachten - Forschung - Seminare","potentialAction":[{"@type":"SearchAction","target":{"@type":"EntryPoint","urlTemplate":"https:\/\/www.baumbiologie.com\/?s={search_term_string}"},"query-input":{"@type":"PropertyValueSpecification","valueRequired":true,"valueName":"search_term_string"}}],"inLanguage":"de"}]}},"_links":{"self":[{"href":"https:\/\/www.baumbiologie.com\/index.php?rest_route=\/wp\/v2\/pages\/43","targetHints":{"allow":["GET"]}}],"collection":[{"href":"https:\/\/www.baumbiologie.com\/index.php?rest_route=\/wp\/v2\/pages"}],"about":[{"href":"https:\/\/www.baumbiologie.com\/index.php?rest_route=\/wp\/v2\/types\/page"}],"author":[{"embeddable":true,"href":"https:\/\/www.baumbiologie.com\/index.php?rest_route=\/wp\/v2\/users\/1"}],"replies":[{"embeddable":true,"href":"https:\/\/www.baumbiologie.com\/index.php?rest_route=%2Fwp%2Fv2%2Fcomments&post=43"}],"version-history":[{"count":14,"href":"https:\/\/www.baumbiologie.com\/index.php?rest_route=\/wp\/v2\/pages\/43\/revisions"}],"predecessor-version":[{"id":3254,"href":"https:\/\/www.baumbiologie.com\/index.php?rest_route=\/wp\/v2\/pages\/43\/revisions\/3254"}],"wp:attachment":[{"href":"https:\/\/www.baumbiologie.com\/index.php?rest_route=%2Fwp%2Fv2%2Fmedia&parent=43"}],"curies":[{"name":"wp","href":"https:\/\/api.w.org\/{rel}","templated":true}]}}