{"id":2709,"date":"2023-03-21T10:40:16","date_gmt":"2023-03-21T10:40:16","guid":{"rendered":"https:\/\/www.baumbiologie.com\/?page_id=2709"},"modified":"2025-12-11T13:33:59","modified_gmt":"2025-12-11T13:33:59","slug":"kommunale-baumpflegetagung-rhein-main-2023","status":"publish","type":"page","link":"https:\/\/www.baumbiologie.com\/?page_id=2709","title":{"rendered":"Kommunale Baumpflegetagung Rhein-Main"},"content":{"rendered":"\n<p>Seit mehr als 20 Jahren findet j\u00e4hrlich die Kommunale Baumpflegetagung Rhein-Main statt. Sie wird vom Arbeitskreis kommunale Baumpflege Rhein-Main und der Hochschule Geisenheim veranstaltet. Auch das Sachverst\u00e4ndigenb\u00fcro f\u00fcr Baumbiologie beteiligt sich seit mehreren Jahren an der Planung und steuert regelm\u00e4\u00dfig Vortr\u00e4ge zu der Veranstaltung bei.<\/p>\n\n\n\n<p>Die Tagungsreihe dient der Schnittstelle zwischen Wissenschaft und Praxis und greift j\u00e4hrlich aktuelle Themen aus den Bereichen Planung, Pflege, Kontrolle und Begutachtung von B\u00e4umen im urbanen Raum auf. Neben den fachlichen Vortr\u00e4gen gibt es immer auch eine Vorf\u00fchrung von innovativen Ger\u00e4ten oder Verfahren im Park der Hochschule Geisenheim. Weiterhin stellen Firmen im Foyer der Hochschule neue Dienstleistungen und Produkte aus. &nbsp;Durch den famili\u00e4ren Rahmen der Veranstaltung wird ein reger Austausch zwischen den Teilnehmenden und Referierenden gef\u00f6rdert.<\/p>\n\n\n\n<p>Die Tagung richtet sich vor allem an Mitarbeiterinnen und Mitarbeiter in \u00c4mtern und Beh\u00f6rden, Planungs- und Sachverst\u00e4ndigenb\u00fcros, Betrieben der Baum- und Landschaftspflege und Studierende. Mitglieder der Architekten- oder Stadtplanerkammer erhalten f\u00fcr die Teilnahme an der Veranstaltung Fortbildungspunkte.<\/p>\n\n\n\n<h2 class=\"wp-block-heading\"><strong>Termin&nbsp;und Buchung<\/strong><\/h2>\n\n\n\n<p>Die n\u00e4chste Tagung findet am 24. und 25.09.2026 statt. Anmeldungen sind noch nicht m\u00f6glich.<\/p>\n\n\n\n<p><\/p>\n\n\n\n<div data-wp-interactive=\"core\/file\" class=\"wp-block-file\"><object data-wp-bind--hidden=\"!state.hasPdfPreview\" hidden class=\"wp-block-file__embed\" data=\"https:\/\/www.baumbiologie.com\/wp-content\/uploads\/2025\/07\/Flyer-Baumpflegetagung-2025b.pdf\" type=\"application\/pdf\" style=\"width:100%;height:600px\" aria-label=\"Einbettung von Flyer Baumpflegetagung 2025b.\"><\/object><a id=\"wp-block-file--media-544e9661-bf48-4043-bef5-42ee40212756\" href=\"https:\/\/www.baumbiologie.com\/wp-content\/uploads\/2025\/07\/Flyer-Baumpflegetagung-2025b.pdf\">Flyer Baumpflegetagung 2025b<\/a><a href=\"https:\/\/www.baumbiologie.com\/wp-content\/uploads\/2025\/07\/Flyer-Baumpflegetagung-2025b.pdf\" class=\"wp-block-file__button wp-element-button\" download aria-describedby=\"wp-block-file--media-544e9661-bf48-4043-bef5-42ee40212756\">Herunterladen<\/a><\/div>\n\n\n\n<div class=\"wp-block-media-text is-stacked-on-mobile\"><figure class=\"wp-block-media-text__media\"><img fetchpriority=\"high\" decoding=\"async\" width=\"1024\" height=\"778\" src=\"https:\/\/www.baumbiologie.com\/wp-content\/uploads\/2024\/02\/Organisationsteam_Kommunale_Baumpflegetagung_Fotograf_Dominik_Scheich-1-1024x778.jpg\" alt=\"\" class=\"wp-image-3053 size-full\" srcset=\"https:\/\/www.baumbiologie.com\/wp-content\/uploads\/2024\/02\/Organisationsteam_Kommunale_Baumpflegetagung_Fotograf_Dominik_Scheich-1-1024x778.jpg 1024w, https:\/\/www.baumbiologie.com\/wp-content\/uploads\/2024\/02\/Organisationsteam_Kommunale_Baumpflegetagung_Fotograf_Dominik_Scheich-1-300x228.jpg 300w, https:\/\/www.baumbiologie.com\/wp-content\/uploads\/2024\/02\/Organisationsteam_Kommunale_Baumpflegetagung_Fotograf_Dominik_Scheich-1-768x584.jpg 768w, https:\/\/www.baumbiologie.com\/wp-content\/uploads\/2024\/02\/Organisationsteam_Kommunale_Baumpflegetagung_Fotograf_Dominik_Scheich-1-1536x1168.jpg 1536w, https:\/\/www.baumbiologie.com\/wp-content\/uploads\/2024\/02\/Organisationsteam_Kommunale_Baumpflegetagung_Fotograf_Dominik_Scheich-1.jpg 1743w\" sizes=\"(max-width: 1024px) 100vw, 1024px\" \/><\/figure><div class=\"wp-block-media-text__content\">\n<p>Organisationsteam der Baumpflegetagung: v.l.n.r. Stephanie Braun-Fischer und Prof. Dr. Alexander von Birgelen (Hochschule Geisenheim), Matthias Zorn, Dr. Martin Leberecht, Claudia Hodel, Sylvio J\u00e4ckel (Arbeitskreis Kommunale Baumpflege Rhein-Main); Foto: Dominik Scheich<\/p>\n<\/div><\/div>\n\n\n\n<p><\/p>\n","protected":false},"excerpt":{"rendered":"<p>Seit mehr als 20 Jahren findet j\u00e4hrlich die Kommunale Baumpflegetagung Rhein-Main statt. Sie wird vom Arbeitskreis kommunale Baumpflege Rhein-Main und &hellip; <\/p>\n","protected":false},"author":1,"featured_media":0,"parent":0,"menu_order":0,"comment_status":"closed","ping_status":"closed","template":"","meta":{"_monsterinsights_skip_tracking":false,"_monsterinsights_sitenote_active":false,"_monsterinsights_sitenote_note":"","_monsterinsights_sitenote_category":0,"footnotes":""},"class_list":["post-2709","page","type-page","status-publish","hentry"],"yoast_head":"<!-- This site is optimized with the Yoast SEO plugin v27.4 - https:\/\/yoast.com\/product\/yoast-seo-wordpress\/ -->\n<title>Kommunale Baumpflegetagung Rhein-Main - Sachverst\u00e4ndigenb\u00fcro f\u00fcr Baumbiologie<\/title>\n<meta name=\"description\" content=\"Baumkontrolleur-Ausbildung im Rhein-Main-Gebiet f\u00fcr Frankfurt, Wiesbaden, Mainz, Rheingau, Taunus\" \/>\n<meta name=\"robots\" content=\"index, follow, max-snippet:-1, max-image-preview:large, max-video-preview:-1\" \/>\n<link rel=\"canonical\" href=\"https:\/\/www.baumbiologie.com\/?page_id=2709\" \/>\n<meta property=\"og:locale\" content=\"de_DE\" \/>\n<meta property=\"og:type\" content=\"article\" \/>\n<meta property=\"og:title\" content=\"Kommunale Baumpflegetagung Rhein-Main - Sachverst\u00e4ndigenb\u00fcro f\u00fcr Baumbiologie\" \/>\n<meta property=\"og:description\" content=\"Baumkontrolleur-Ausbildung im Rhein-Main-Gebiet f\u00fcr Frankfurt, Wiesbaden, Mainz, Rheingau, Taunus\" \/>\n<meta property=\"og:url\" content=\"https:\/\/www.baumbiologie.com\/?page_id=2709\" \/>\n<meta property=\"og:site_name\" content=\"Sachverst\u00e4ndigenb\u00fcro f\u00fcr Baumbiologie\" \/>\n<meta property=\"article:modified_time\" content=\"2025-12-11T13:33:59+00:00\" \/>\n<meta property=\"og:image\" content=\"https:\/\/www.baumbiologie.com\/wp-content\/uploads\/2024\/02\/Organisationsteam_Kommunale_Baumpflegetagung_Fotograf_Dominik_Scheich-1.jpg\" \/>\n\t<meta property=\"og:image:width\" content=\"1743\" \/>\n\t<meta property=\"og:image:height\" content=\"1325\" \/>\n\t<meta property=\"og:image:type\" content=\"image\/jpeg\" \/>\n<meta name=\"twitter:card\" content=\"summary_large_image\" \/>\n<meta name=\"twitter:label1\" content=\"Gesch\u00e4tzte Lesezeit\" \/>\n\t<meta name=\"twitter:data1\" content=\"2\u00a0Minuten\" \/>\n<script type=\"application\/ld+json\" class=\"yoast-schema-graph\">{\"@context\":\"https:\\\/\\\/schema.org\",\"@graph\":[{\"@type\":\"WebPage\",\"@id\":\"https:\\\/\\\/www.baumbiologie.com\\\/?page_id=2709\",\"url\":\"https:\\\/\\\/www.baumbiologie.com\\\/?page_id=2709\",\"name\":\"Kommunale Baumpflegetagung Rhein-Main - Sachverst\u00e4ndigenb\u00fcro f\u00fcr Baumbiologie\",\"isPartOf\":{\"@id\":\"https:\\\/\\\/www.baumbiologie.com\\\/#website\"},\"primaryImageOfPage\":{\"@id\":\"https:\\\/\\\/www.baumbiologie.com\\\/?page_id=2709#primaryimage\"},\"image\":{\"@id\":\"https:\\\/\\\/www.baumbiologie.com\\\/?page_id=2709#primaryimage\"},\"thumbnailUrl\":\"https:\\\/\\\/www.baumbiologie.com\\\/wp-content\\\/uploads\\\/2024\\\/02\\\/Organisationsteam_Kommunale_Baumpflegetagung_Fotograf_Dominik_Scheich-1-1024x778.jpg\",\"datePublished\":\"2023-03-21T10:40:16+00:00\",\"dateModified\":\"2025-12-11T13:33:59+00:00\",\"description\":\"Baumkontrolleur-Ausbildung im Rhein-Main-Gebiet f\u00fcr Frankfurt, Wiesbaden, Mainz, Rheingau, Taunus\",\"breadcrumb\":{\"@id\":\"https:\\\/\\\/www.baumbiologie.com\\\/?page_id=2709#breadcrumb\"},\"inLanguage\":\"de\",\"potentialAction\":[{\"@type\":\"ReadAction\",\"target\":[\"https:\\\/\\\/www.baumbiologie.com\\\/?page_id=2709\"]}]},{\"@type\":\"ImageObject\",\"inLanguage\":\"de\",\"@id\":\"https:\\\/\\\/www.baumbiologie.com\\\/?page_id=2709#primaryimage\",\"url\":\"https:\\\/\\\/www.baumbiologie.com\\\/wp-content\\\/uploads\\\/2024\\\/02\\\/Organisationsteam_Kommunale_Baumpflegetagung_Fotograf_Dominik_Scheich-1.jpg\",\"contentUrl\":\"https:\\\/\\\/www.baumbiologie.com\\\/wp-content\\\/uploads\\\/2024\\\/02\\\/Organisationsteam_Kommunale_Baumpflegetagung_Fotograf_Dominik_Scheich-1.jpg\",\"width\":1743,\"height\":1325,\"caption\":\"Organisationsteam der Baumpflegetagung; v.l.n.r. Stephanie Braun-Fischer und Prof. Dr. Alexander von Birgelen (Hochschule Geisenheim), Matthias Zorn, Dr. Martin Leberecht, Claudia Hodel, Sylvio J\u00e4ckel (Arbeitskreis Baumpflege); Bildquelle: Dominik Scheich\"},{\"@type\":\"BreadcrumbList\",\"@id\":\"https:\\\/\\\/www.baumbiologie.com\\\/?page_id=2709#breadcrumb\",\"itemListElement\":[{\"@type\":\"ListItem\",\"position\":1,\"name\":\"Startseite\",\"item\":\"https:\\\/\\\/www.baumbiologie.com\\\/\"},{\"@type\":\"ListItem\",\"position\":2,\"name\":\"Kommunale Baumpflegetagung Rhein-Main\"}]},{\"@type\":\"WebSite\",\"@id\":\"https:\\\/\\\/www.baumbiologie.com\\\/#website\",\"url\":\"https:\\\/\\\/www.baumbiologie.com\\\/\",\"name\":\"Sachverst\u00e4ndigenb\u00fcro f\u00fcr Baumbiologie\",\"description\":\"Baumgutachten - Forschung - Seminare\",\"potentialAction\":[{\"@type\":\"SearchAction\",\"target\":{\"@type\":\"EntryPoint\",\"urlTemplate\":\"https:\\\/\\\/www.baumbiologie.com\\\/?s={search_term_string}\"},\"query-input\":{\"@type\":\"PropertyValueSpecification\",\"valueRequired\":true,\"valueName\":\"search_term_string\"}}],\"inLanguage\":\"de\"}]}<\/script>\n<!-- \/ Yoast SEO plugin. -->","yoast_head_json":{"title":"Kommunale Baumpflegetagung Rhein-Main - Sachverst\u00e4ndigenb\u00fcro f\u00fcr Baumbiologie","description":"Baumkontrolleur-Ausbildung im Rhein-Main-Gebiet f\u00fcr Frankfurt, Wiesbaden, Mainz, Rheingau, Taunus","robots":{"index":"index","follow":"follow","max-snippet":"max-snippet:-1","max-image-preview":"max-image-preview:large","max-video-preview":"max-video-preview:-1"},"canonical":"https:\/\/www.baumbiologie.com\/?page_id=2709","og_locale":"de_DE","og_type":"article","og_title":"Kommunale Baumpflegetagung Rhein-Main - Sachverst\u00e4ndigenb\u00fcro f\u00fcr Baumbiologie","og_description":"Baumkontrolleur-Ausbildung im Rhein-Main-Gebiet f\u00fcr Frankfurt, Wiesbaden, Mainz, Rheingau, Taunus","og_url":"https:\/\/www.baumbiologie.com\/?page_id=2709","og_site_name":"Sachverst\u00e4ndigenb\u00fcro f\u00fcr Baumbiologie","article_modified_time":"2025-12-11T13:33:59+00:00","og_image":[{"width":1743,"height":1325,"url":"https:\/\/www.baumbiologie.com\/wp-content\/uploads\/2024\/02\/Organisationsteam_Kommunale_Baumpflegetagung_Fotograf_Dominik_Scheich-1.jpg","type":"image\/jpeg"}],"twitter_card":"summary_large_image","twitter_misc":{"Gesch\u00e4tzte Lesezeit":"2\u00a0Minuten"},"schema":{"@context":"https:\/\/schema.org","@graph":[{"@type":"WebPage","@id":"https:\/\/www.baumbiologie.com\/?page_id=2709","url":"https:\/\/www.baumbiologie.com\/?page_id=2709","name":"Kommunale Baumpflegetagung Rhein-Main - Sachverst\u00e4ndigenb\u00fcro f\u00fcr Baumbiologie","isPartOf":{"@id":"https:\/\/www.baumbiologie.com\/#website"},"primaryImageOfPage":{"@id":"https:\/\/www.baumbiologie.com\/?page_id=2709#primaryimage"},"image":{"@id":"https:\/\/www.baumbiologie.com\/?page_id=2709#primaryimage"},"thumbnailUrl":"https:\/\/www.baumbiologie.com\/wp-content\/uploads\/2024\/02\/Organisationsteam_Kommunale_Baumpflegetagung_Fotograf_Dominik_Scheich-1-1024x778.jpg","datePublished":"2023-03-21T10:40:16+00:00","dateModified":"2025-12-11T13:33:59+00:00","description":"Baumkontrolleur-Ausbildung im Rhein-Main-Gebiet f\u00fcr Frankfurt, Wiesbaden, Mainz, Rheingau, Taunus","breadcrumb":{"@id":"https:\/\/www.baumbiologie.com\/?page_id=2709#breadcrumb"},"inLanguage":"de","potentialAction":[{"@type":"ReadAction","target":["https:\/\/www.baumbiologie.com\/?page_id=2709"]}]},{"@type":"ImageObject","inLanguage":"de","@id":"https:\/\/www.baumbiologie.com\/?page_id=2709#primaryimage","url":"https:\/\/www.baumbiologie.com\/wp-content\/uploads\/2024\/02\/Organisationsteam_Kommunale_Baumpflegetagung_Fotograf_Dominik_Scheich-1.jpg","contentUrl":"https:\/\/www.baumbiologie.com\/wp-content\/uploads\/2024\/02\/Organisationsteam_Kommunale_Baumpflegetagung_Fotograf_Dominik_Scheich-1.jpg","width":1743,"height":1325,"caption":"Organisationsteam der Baumpflegetagung; v.l.n.r. Stephanie Braun-Fischer und Prof. Dr. Alexander von Birgelen (Hochschule Geisenheim), Matthias Zorn, Dr. Martin Leberecht, Claudia Hodel, Sylvio J\u00e4ckel (Arbeitskreis Baumpflege); Bildquelle: Dominik Scheich"},{"@type":"BreadcrumbList","@id":"https:\/\/www.baumbiologie.com\/?page_id=2709#breadcrumb","itemListElement":[{"@type":"ListItem","position":1,"name":"Startseite","item":"https:\/\/www.baumbiologie.com\/"},{"@type":"ListItem","position":2,"name":"Kommunale Baumpflegetagung Rhein-Main"}]},{"@type":"WebSite","@id":"https:\/\/www.baumbiologie.com\/#website","url":"https:\/\/www.baumbiologie.com\/","name":"Sachverst\u00e4ndigenb\u00fcro f\u00fcr Baumbiologie","description":"Baumgutachten - Forschung - Seminare","potentialAction":[{"@type":"SearchAction","target":{"@type":"EntryPoint","urlTemplate":"https:\/\/www.baumbiologie.com\/?s={search_term_string}"},"query-input":{"@type":"PropertyValueSpecification","valueRequired":true,"valueName":"search_term_string"}}],"inLanguage":"de"}]}},"_links":{"self":[{"href":"https:\/\/www.baumbiologie.com\/index.php?rest_route=\/wp\/v2\/pages\/2709","targetHints":{"allow":["GET"]}}],"collection":[{"href":"https:\/\/www.baumbiologie.com\/index.php?rest_route=\/wp\/v2\/pages"}],"about":[{"href":"https:\/\/www.baumbiologie.com\/index.php?rest_route=\/wp\/v2\/types\/page"}],"author":[{"embeddable":true,"href":"https:\/\/www.baumbiologie.com\/index.php?rest_route=\/wp\/v2\/users\/1"}],"replies":[{"embeddable":true,"href":"https:\/\/www.baumbiologie.com\/index.php?rest_route=%2Fwp%2Fv2%2Fcomments&post=2709"}],"version-history":[{"count":18,"href":"https:\/\/www.baumbiologie.com\/index.php?rest_route=\/wp\/v2\/pages\/2709\/revisions"}],"predecessor-version":[{"id":3265,"href":"https:\/\/www.baumbiologie.com\/index.php?rest_route=\/wp\/v2\/pages\/2709\/revisions\/3265"}],"wp:attachment":[{"href":"https:\/\/www.baumbiologie.com\/index.php?rest_route=%2Fwp%2Fv2%2Fmedia&parent=2709"}],"curies":[{"name":"wp","href":"https:\/\/api.w.org\/{rel}","templated":true}]}}