{"id":2608,"date":"2023-01-09T09:41:31","date_gmt":"2023-01-09T09:41:31","guid":{"rendered":"https:\/\/www.baumbiologie.com\/?page_id=2608"},"modified":"2025-12-11T13:18:06","modified_gmt":"2025-12-11T13:18:06","slug":"artenschutzgutachten","status":"publish","type":"page","link":"https:\/\/www.baumbiologie.com\/?page_id=2608","title":{"rendered":"Artenschutzgutachten"},"content":{"rendered":"\n<p>B\u00e4ume beherbergen oft viele verschiedene Organismen wie Insekten, V\u00f6gel, Flederm\u00e4use oder auch Flechten. Etliche Arten davon sind nach \u00a7 44 BNatschG besonders oder streng gesch\u00fctzt. Finden an einem Baum Eingriffe statt, m\u00fcssen daher die gesetzlichen Vorgaben ber\u00fccksichtigt werden.<\/p>\n\n\n\n<p>Aus artenschutzfachlicher Sicht besonders relevant sind sogenannte Habitatstrukturen wie z.B. Spechth\u00f6hlen, andere H\u00f6hlungen oder auch Risse. Die Wahrscheinlichkeit einer Besiedelung mit gesch\u00fctzten Organismen ist dort besonders hoch. Daher m\u00fcssen solche Strukturen vor Eingriffen, die diese Strukturen beeintr\u00e4chtigen k\u00f6nnten, intensiv untersucht werden.<\/p>\n\n\n\n<p>Die intensive Suche nach Besiedelungsspuren gesch\u00fctzter Arten wird je nach Fragestellung vom Boden aus mit Fernglas und Spektiv, mit Hilfe einer Kamera-Drohne oder durch die Bekletterung des Baumes durchgef\u00fchrt. Hohlr\u00e4ume werden mit einer hochaufl\u00f6senden Endoskopkamera inspiziert. In Einzelf\u00e4llen kommt auch eine Beprobung einer Mulmh\u00f6hle mittels Saugtechnik in Frage, um z.B. ein Vorkommen des Eremiten nachzuweisen.<\/p>\n\n\n\n<p>Bitte <a href=\"https:\/\/www.baumbiologie.com\/?page_id=100\">kontaktieren<\/a> Sie mich f\u00fcr ein individuelles Angebot.<\/p>\n\n\n\n<div class=\"wp-block-group\"><div class=\"wp-block-group__inner-container is-layout-constrained wp-block-group-is-layout-constrained\"><\/div><\/div>\n\n\n<div class=\"wp-block-image\">\n<figure class=\"alignleft size-large\"><img fetchpriority=\"high\" decoding=\"async\" width=\"1024\" height=\"768\" src=\"https:\/\/www.baumbiologie.com\/wp-content\/uploads\/2023\/01\/22-06-22_41885_koernerbock_small-1024x768.jpg\" alt=\"\" class=\"wp-image-2609\" srcset=\"https:\/\/www.baumbiologie.com\/wp-content\/uploads\/2023\/01\/22-06-22_41885_koernerbock_small-1024x768.jpg 1024w, https:\/\/www.baumbiologie.com\/wp-content\/uploads\/2023\/01\/22-06-22_41885_koernerbock_small-300x225.jpg 300w, https:\/\/www.baumbiologie.com\/wp-content\/uploads\/2023\/01\/22-06-22_41885_koernerbock_small-768x576.jpg 768w, https:\/\/www.baumbiologie.com\/wp-content\/uploads\/2023\/01\/22-06-22_41885_koernerbock_small-1536x1152.jpg 1536w, https:\/\/www.baumbiologie.com\/wp-content\/uploads\/2023\/01\/22-06-22_41885_koernerbock_small-2048x1536.jpg 2048w\" sizes=\"(max-width: 1024px) 100vw, 1024px\" \/><\/figure>\n<\/div>","protected":false},"excerpt":{"rendered":"<p>B\u00e4ume beherbergen oft viele verschiedene Organismen wie Insekten, V\u00f6gel, Flederm\u00e4use oder auch Flechten. Etliche Arten davon sind nach \u00a7 44 &hellip; <\/p>\n","protected":false},"author":1,"featured_media":0,"parent":0,"menu_order":0,"comment_status":"closed","ping_status":"closed","template":"","meta":{"_monsterinsights_skip_tracking":false,"_monsterinsights_sitenote_active":false,"_monsterinsights_sitenote_note":"","_monsterinsights_sitenote_category":0,"footnotes":""},"class_list":["post-2608","page","type-page","status-publish","hentry"],"yoast_head":"<!-- This site is optimized with the Yoast SEO plugin v27.4 - https:\/\/yoast.com\/product\/yoast-seo-wordpress\/ -->\n<title>Artenschutzgutachten - Sachverst\u00e4ndigenb\u00fcro f\u00fcr Baumbiologie<\/title>\n<meta name=\"description\" content=\"Baumgutachten, Forschung und Seminare - Dr. Martin Leberecht - Wissenschaftlich fundiert - Baumschonend - Schnell. Im Rhein-Main-Gebiet und dar\u00fcber hinaus: Rheingau, Taunus, Wiesbaden, Mainz, Frankfurt, Gie\u00dfen, Marburg, Darmstadt, Hessen.\" \/>\n<meta name=\"robots\" content=\"index, follow, max-snippet:-1, max-image-preview:large, max-video-preview:-1\" \/>\n<link rel=\"canonical\" href=\"https:\/\/www.baumbiologie.com\/?page_id=2608\" \/>\n<meta property=\"og:locale\" content=\"de_DE\" \/>\n<meta property=\"og:type\" content=\"article\" \/>\n<meta property=\"og:title\" content=\"Artenschutzgutachten - Sachverst\u00e4ndigenb\u00fcro f\u00fcr Baumbiologie\" \/>\n<meta property=\"og:description\" content=\"Baumgutachten, Forschung und Seminare - Dr. Martin Leberecht - Wissenschaftlich fundiert - Baumschonend - Schnell. Im Rhein-Main-Gebiet und dar\u00fcber hinaus: Rheingau, Taunus, Wiesbaden, Mainz, Frankfurt, Gie\u00dfen, Marburg, Darmstadt, Hessen.\" \/>\n<meta property=\"og:url\" content=\"https:\/\/www.baumbiologie.com\/?page_id=2608\" \/>\n<meta property=\"og:site_name\" content=\"Sachverst\u00e4ndigenb\u00fcro f\u00fcr Baumbiologie\" \/>\n<meta property=\"article:modified_time\" content=\"2025-12-11T13:18:06+00:00\" \/>\n<meta property=\"og:image\" content=\"https:\/\/www.baumbiologie.com\/wp-content\/uploads\/2023\/01\/22-06-22_41885_koernerbock_small-scaled.jpg\" \/>\n\t<meta property=\"og:image:width\" content=\"2560\" \/>\n\t<meta property=\"og:image:height\" content=\"1920\" \/>\n\t<meta property=\"og:image:type\" content=\"image\/jpeg\" \/>\n<meta name=\"twitter:card\" content=\"summary_large_image\" \/>\n<meta name=\"twitter:label1\" content=\"Gesch\u00e4tzte Lesezeit\" \/>\n\t<meta name=\"twitter:data1\" content=\"1\u00a0Minute\" \/>\n<script type=\"application\/ld+json\" class=\"yoast-schema-graph\">{\"@context\":\"https:\\\/\\\/schema.org\",\"@graph\":[{\"@type\":\"WebPage\",\"@id\":\"https:\\\/\\\/www.baumbiologie.com\\\/?page_id=2608\",\"url\":\"https:\\\/\\\/www.baumbiologie.com\\\/?page_id=2608\",\"name\":\"Artenschutzgutachten - Sachverst\u00e4ndigenb\u00fcro f\u00fcr Baumbiologie\",\"isPartOf\":{\"@id\":\"https:\\\/\\\/www.baumbiologie.com\\\/#website\"},\"primaryImageOfPage\":{\"@id\":\"https:\\\/\\\/www.baumbiologie.com\\\/?page_id=2608#primaryimage\"},\"image\":{\"@id\":\"https:\\\/\\\/www.baumbiologie.com\\\/?page_id=2608#primaryimage\"},\"thumbnailUrl\":\"https:\\\/\\\/www.baumbiologie.com\\\/wp-content\\\/uploads\\\/2023\\\/01\\\/22-06-22_41885_koernerbock_small-1024x768.jpg\",\"datePublished\":\"2023-01-09T09:41:31+00:00\",\"dateModified\":\"2025-12-11T13:18:06+00:00\",\"description\":\"Baumgutachten, Forschung und Seminare - Dr. Martin Leberecht - Wissenschaftlich fundiert - Baumschonend - Schnell. Im Rhein-Main-Gebiet und dar\u00fcber hinaus: Rheingau, Taunus, Wiesbaden, Mainz, Frankfurt, Gie\u00dfen, Marburg, Darmstadt, Hessen.\",\"breadcrumb\":{\"@id\":\"https:\\\/\\\/www.baumbiologie.com\\\/?page_id=2608#breadcrumb\"},\"inLanguage\":\"de\",\"potentialAction\":[{\"@type\":\"ReadAction\",\"target\":[\"https:\\\/\\\/www.baumbiologie.com\\\/?page_id=2608\"]}]},{\"@type\":\"ImageObject\",\"inLanguage\":\"de\",\"@id\":\"https:\\\/\\\/www.baumbiologie.com\\\/?page_id=2608#primaryimage\",\"url\":\"https:\\\/\\\/www.baumbiologie.com\\\/wp-content\\\/uploads\\\/2023\\\/01\\\/22-06-22_41885_koernerbock_small-scaled.jpg\",\"contentUrl\":\"https:\\\/\\\/www.baumbiologie.com\\\/wp-content\\\/uploads\\\/2023\\\/01\\\/22-06-22_41885_koernerbock_small-scaled.jpg\",\"width\":2560,\"height\":1920},{\"@type\":\"BreadcrumbList\",\"@id\":\"https:\\\/\\\/www.baumbiologie.com\\\/?page_id=2608#breadcrumb\",\"itemListElement\":[{\"@type\":\"ListItem\",\"position\":1,\"name\":\"Startseite\",\"item\":\"https:\\\/\\\/www.baumbiologie.com\\\/\"},{\"@type\":\"ListItem\",\"position\":2,\"name\":\"Artenschutzgutachten\"}]},{\"@type\":\"WebSite\",\"@id\":\"https:\\\/\\\/www.baumbiologie.com\\\/#website\",\"url\":\"https:\\\/\\\/www.baumbiologie.com\\\/\",\"name\":\"Sachverst\u00e4ndigenb\u00fcro f\u00fcr Baumbiologie\",\"description\":\"Baumgutachten - Forschung - Seminare\",\"potentialAction\":[{\"@type\":\"SearchAction\",\"target\":{\"@type\":\"EntryPoint\",\"urlTemplate\":\"https:\\\/\\\/www.baumbiologie.com\\\/?s={search_term_string}\"},\"query-input\":{\"@type\":\"PropertyValueSpecification\",\"valueRequired\":true,\"valueName\":\"search_term_string\"}}],\"inLanguage\":\"de\"}]}<\/script>\n<!-- \/ Yoast SEO plugin. -->","yoast_head_json":{"title":"Artenschutzgutachten - Sachverst\u00e4ndigenb\u00fcro f\u00fcr Baumbiologie","description":"Baumgutachten, Forschung und Seminare - Dr. Martin Leberecht - Wissenschaftlich fundiert - Baumschonend - Schnell. Im Rhein-Main-Gebiet und dar\u00fcber hinaus: Rheingau, Taunus, Wiesbaden, Mainz, Frankfurt, Gie\u00dfen, Marburg, Darmstadt, Hessen.","robots":{"index":"index","follow":"follow","max-snippet":"max-snippet:-1","max-image-preview":"max-image-preview:large","max-video-preview":"max-video-preview:-1"},"canonical":"https:\/\/www.baumbiologie.com\/?page_id=2608","og_locale":"de_DE","og_type":"article","og_title":"Artenschutzgutachten - Sachverst\u00e4ndigenb\u00fcro f\u00fcr Baumbiologie","og_description":"Baumgutachten, Forschung und Seminare - Dr. Martin Leberecht - Wissenschaftlich fundiert - Baumschonend - Schnell. Im Rhein-Main-Gebiet und dar\u00fcber hinaus: Rheingau, Taunus, Wiesbaden, Mainz, Frankfurt, Gie\u00dfen, Marburg, Darmstadt, Hessen.","og_url":"https:\/\/www.baumbiologie.com\/?page_id=2608","og_site_name":"Sachverst\u00e4ndigenb\u00fcro f\u00fcr Baumbiologie","article_modified_time":"2025-12-11T13:18:06+00:00","og_image":[{"width":2560,"height":1920,"url":"https:\/\/www.baumbiologie.com\/wp-content\/uploads\/2023\/01\/22-06-22_41885_koernerbock_small-scaled.jpg","type":"image\/jpeg"}],"twitter_card":"summary_large_image","twitter_misc":{"Gesch\u00e4tzte Lesezeit":"1\u00a0Minute"},"schema":{"@context":"https:\/\/schema.org","@graph":[{"@type":"WebPage","@id":"https:\/\/www.baumbiologie.com\/?page_id=2608","url":"https:\/\/www.baumbiologie.com\/?page_id=2608","name":"Artenschutzgutachten - Sachverst\u00e4ndigenb\u00fcro f\u00fcr Baumbiologie","isPartOf":{"@id":"https:\/\/www.baumbiologie.com\/#website"},"primaryImageOfPage":{"@id":"https:\/\/www.baumbiologie.com\/?page_id=2608#primaryimage"},"image":{"@id":"https:\/\/www.baumbiologie.com\/?page_id=2608#primaryimage"},"thumbnailUrl":"https:\/\/www.baumbiologie.com\/wp-content\/uploads\/2023\/01\/22-06-22_41885_koernerbock_small-1024x768.jpg","datePublished":"2023-01-09T09:41:31+00:00","dateModified":"2025-12-11T13:18:06+00:00","description":"Baumgutachten, Forschung und Seminare - Dr. Martin Leberecht - Wissenschaftlich fundiert - Baumschonend - Schnell. Im Rhein-Main-Gebiet und dar\u00fcber hinaus: Rheingau, Taunus, Wiesbaden, Mainz, Frankfurt, Gie\u00dfen, Marburg, Darmstadt, Hessen.","breadcrumb":{"@id":"https:\/\/www.baumbiologie.com\/?page_id=2608#breadcrumb"},"inLanguage":"de","potentialAction":[{"@type":"ReadAction","target":["https:\/\/www.baumbiologie.com\/?page_id=2608"]}]},{"@type":"ImageObject","inLanguage":"de","@id":"https:\/\/www.baumbiologie.com\/?page_id=2608#primaryimage","url":"https:\/\/www.baumbiologie.com\/wp-content\/uploads\/2023\/01\/22-06-22_41885_koernerbock_small-scaled.jpg","contentUrl":"https:\/\/www.baumbiologie.com\/wp-content\/uploads\/2023\/01\/22-06-22_41885_koernerbock_small-scaled.jpg","width":2560,"height":1920},{"@type":"BreadcrumbList","@id":"https:\/\/www.baumbiologie.com\/?page_id=2608#breadcrumb","itemListElement":[{"@type":"ListItem","position":1,"name":"Startseite","item":"https:\/\/www.baumbiologie.com\/"},{"@type":"ListItem","position":2,"name":"Artenschutzgutachten"}]},{"@type":"WebSite","@id":"https:\/\/www.baumbiologie.com\/#website","url":"https:\/\/www.baumbiologie.com\/","name":"Sachverst\u00e4ndigenb\u00fcro f\u00fcr Baumbiologie","description":"Baumgutachten - Forschung - Seminare","potentialAction":[{"@type":"SearchAction","target":{"@type":"EntryPoint","urlTemplate":"https:\/\/www.baumbiologie.com\/?s={search_term_string}"},"query-input":{"@type":"PropertyValueSpecification","valueRequired":true,"valueName":"search_term_string"}}],"inLanguage":"de"}]}},"_links":{"self":[{"href":"https:\/\/www.baumbiologie.com\/index.php?rest_route=\/wp\/v2\/pages\/2608","targetHints":{"allow":["GET"]}}],"collection":[{"href":"https:\/\/www.baumbiologie.com\/index.php?rest_route=\/wp\/v2\/pages"}],"about":[{"href":"https:\/\/www.baumbiologie.com\/index.php?rest_route=\/wp\/v2\/types\/page"}],"author":[{"embeddable":true,"href":"https:\/\/www.baumbiologie.com\/index.php?rest_route=\/wp\/v2\/users\/1"}],"replies":[{"embeddable":true,"href":"https:\/\/www.baumbiologie.com\/index.php?rest_route=%2Fwp%2Fv2%2Fcomments&post=2608"}],"version-history":[{"count":3,"href":"https:\/\/www.baumbiologie.com\/index.php?rest_route=\/wp\/v2\/pages\/2608\/revisions"}],"predecessor-version":[{"id":3258,"href":"https:\/\/www.baumbiologie.com\/index.php?rest_route=\/wp\/v2\/pages\/2608\/revisions\/3258"}],"wp:attachment":[{"href":"https:\/\/www.baumbiologie.com\/index.php?rest_route=%2Fwp%2Fv2%2Fmedia&parent=2608"}],"curies":[{"name":"wp","href":"https:\/\/api.w.org\/{rel}","templated":true}]}}