{"id":2594,"date":"2023-01-09T09:08:33","date_gmt":"2023-01-09T09:08:33","guid":{"rendered":"https:\/\/www.baumbiologie.com\/?page_id=2594"},"modified":"2023-02-09T14:02:17","modified_gmt":"2023-02-09T14:02:17","slug":"drohnenbefliegungen","status":"publish","type":"page","link":"https:\/\/www.baumbiologie.com\/?page_id=2594","title":{"rendered":"Drohnenbefliegungen"},"content":{"rendered":"\n<p>Drohnen eignen sich sehr gut dazu, Sch\u00e4den in der Krone visuell zu beurteilen. Vor allem Sch\u00e4den auf der Astoberseite wie z.B. Massaria an der Platane k\u00f6nnen deutlich besser erfasst werden, als dies mit einem Fernglas vom Boden aus m\u00f6glich ist. Auch Kontrollen von Kronensicherungen, Identifikation von holzzersetzenden Pilzen und \u00e4hnliche Inspektionsaufgaben sind m\u00f6glich. Dies erspart ggf. einen aufw\u00e4ndigen Kletter- oder Hubarbeitsb\u00fchneneinsatz. Weiterhin l\u00e4sst sich die Drohne im Rahmen von dendrologischen Baubegleitungen zur Planung und \u00dcberwachung von Baumschutzma\u00dfnahmen einsetzen.<\/p>\n\n\n\n<p><\/p>\n\n\n<div class=\"wp-block-image\">\n<figure class=\"alignleft size-large\"><img fetchpriority=\"high\" decoding=\"async\" width=\"1024\" height=\"683\" src=\"https:\/\/www.baumbiologie.com\/wp-content\/uploads\/2023\/01\/DSC00336-1024x683.jpg\" alt=\"\" class=\"wp-image-2595\" srcset=\"https:\/\/www.baumbiologie.com\/wp-content\/uploads\/2023\/01\/DSC00336-1024x683.jpg 1024w, https:\/\/www.baumbiologie.com\/wp-content\/uploads\/2023\/01\/DSC00336-300x200.jpg 300w, https:\/\/www.baumbiologie.com\/wp-content\/uploads\/2023\/01\/DSC00336-768x512.jpg 768w, https:\/\/www.baumbiologie.com\/wp-content\/uploads\/2023\/01\/DSC00336.jpg 1200w\" sizes=\"(max-width: 1024px) 100vw, 1024px\" \/><\/figure>\n<\/div>\n\n\n<div class=\"wp-block-group\"><div class=\"wp-block-group__inner-container is-layout-constrained wp-block-group-is-layout-constrained\"><\/div><\/div>\n","protected":false},"excerpt":{"rendered":"<p>Drohnen eignen sich sehr gut dazu, Sch\u00e4den in der Krone visuell zu beurteilen. Vor allem Sch\u00e4den auf der Astoberseite wie &hellip; <\/p>\n","protected":false},"author":1,"featured_media":0,"parent":0,"menu_order":0,"comment_status":"closed","ping_status":"closed","template":"","meta":{"_monsterinsights_skip_tracking":false,"_monsterinsights_sitenote_active":false,"_monsterinsights_sitenote_note":"","_monsterinsights_sitenote_category":0,"footnotes":""},"class_list":["post-2594","page","type-page","status-publish","hentry"],"yoast_head":"<!-- This site is optimized with the Yoast SEO plugin v27.5 - https:\/\/yoast.com\/product\/yoast-seo-wordpress\/ -->\n<title>Drohnenbefliegungen - Sachverst\u00e4ndigenb\u00fcro f\u00fcr Baumbiologie<\/title>\n<meta name=\"description\" content=\"Baumgutachten, Forschung und Seminare - Dr. Martin Leberecht - Wissenschaftlich fundiert - Baumschonend - Schnell. Im Rhein-Main-Gebiet und dar\u00fcber hinaus: Rheingau, Taunus, Wiesbaden, Mainz, Frankfurt, Gie\u00dfen, Marburg, Darmstadt, Hessen.\" \/>\n<meta name=\"robots\" content=\"index, follow, max-snippet:-1, max-image-preview:large, max-video-preview:-1\" \/>\n<link rel=\"canonical\" href=\"https:\/\/www.baumbiologie.com\/?page_id=2594\" \/>\n<meta property=\"og:locale\" content=\"de_DE\" \/>\n<meta property=\"og:type\" content=\"article\" \/>\n<meta property=\"og:title\" content=\"Drohnenbefliegungen - Sachverst\u00e4ndigenb\u00fcro f\u00fcr Baumbiologie\" \/>\n<meta property=\"og:description\" content=\"Baumgutachten, Forschung und Seminare - Dr. Martin Leberecht - Wissenschaftlich fundiert - Baumschonend - Schnell. Im Rhein-Main-Gebiet und dar\u00fcber hinaus: Rheingau, Taunus, Wiesbaden, Mainz, Frankfurt, Gie\u00dfen, Marburg, Darmstadt, Hessen.\" \/>\n<meta property=\"og:url\" content=\"https:\/\/www.baumbiologie.com\/?page_id=2594\" \/>\n<meta property=\"og:site_name\" content=\"Sachverst\u00e4ndigenb\u00fcro f\u00fcr Baumbiologie\" \/>\n<meta property=\"article:modified_time\" content=\"2023-02-09T14:02:17+00:00\" \/>\n<meta property=\"og:image\" content=\"https:\/\/www.baumbiologie.com\/wp-content\/uploads\/2023\/01\/DSC00336-1024x683.jpg\" \/>\n<meta name=\"twitter:card\" content=\"summary_large_image\" \/>\n<meta name=\"twitter:label1\" content=\"Gesch\u00e4tzte Lesezeit\" \/>\n\t<meta name=\"twitter:data1\" content=\"1\u00a0Minute\" \/>\n<script type=\"application\/ld+json\" class=\"yoast-schema-graph\">{\"@context\":\"https:\\\/\\\/schema.org\",\"@graph\":[{\"@type\":\"WebPage\",\"@id\":\"https:\\\/\\\/www.baumbiologie.com\\\/?page_id=2594\",\"url\":\"https:\\\/\\\/www.baumbiologie.com\\\/?page_id=2594\",\"name\":\"Drohnenbefliegungen - Sachverst\u00e4ndigenb\u00fcro f\u00fcr Baumbiologie\",\"isPartOf\":{\"@id\":\"https:\\\/\\\/www.baumbiologie.com\\\/#website\"},\"primaryImageOfPage\":{\"@id\":\"https:\\\/\\\/www.baumbiologie.com\\\/?page_id=2594#primaryimage\"},\"image\":{\"@id\":\"https:\\\/\\\/www.baumbiologie.com\\\/?page_id=2594#primaryimage\"},\"thumbnailUrl\":\"https:\\\/\\\/www.baumbiologie.com\\\/wp-content\\\/uploads\\\/2023\\\/01\\\/DSC00336-1024x683.jpg\",\"datePublished\":\"2023-01-09T09:08:33+00:00\",\"dateModified\":\"2023-02-09T14:02:17+00:00\",\"description\":\"Baumgutachten, Forschung und Seminare - Dr. Martin Leberecht - Wissenschaftlich fundiert - Baumschonend - Schnell. Im Rhein-Main-Gebiet und dar\u00fcber hinaus: Rheingau, Taunus, Wiesbaden, Mainz, Frankfurt, Gie\u00dfen, Marburg, Darmstadt, Hessen.\",\"breadcrumb\":{\"@id\":\"https:\\\/\\\/www.baumbiologie.com\\\/?page_id=2594#breadcrumb\"},\"inLanguage\":\"de\",\"potentialAction\":[{\"@type\":\"ReadAction\",\"target\":[\"https:\\\/\\\/www.baumbiologie.com\\\/?page_id=2594\"]}]},{\"@type\":\"ImageObject\",\"inLanguage\":\"de\",\"@id\":\"https:\\\/\\\/www.baumbiologie.com\\\/?page_id=2594#primaryimage\",\"url\":\"https:\\\/\\\/www.baumbiologie.com\\\/wp-content\\\/uploads\\\/2023\\\/01\\\/DSC00336.jpg\",\"contentUrl\":\"https:\\\/\\\/www.baumbiologie.com\\\/wp-content\\\/uploads\\\/2023\\\/01\\\/DSC00336.jpg\",\"width\":1200,\"height\":800},{\"@type\":\"BreadcrumbList\",\"@id\":\"https:\\\/\\\/www.baumbiologie.com\\\/?page_id=2594#breadcrumb\",\"itemListElement\":[{\"@type\":\"ListItem\",\"position\":1,\"name\":\"Startseite\",\"item\":\"https:\\\/\\\/www.baumbiologie.com\\\/\"},{\"@type\":\"ListItem\",\"position\":2,\"name\":\"Drohnenbefliegungen\"}]},{\"@type\":\"WebSite\",\"@id\":\"https:\\\/\\\/www.baumbiologie.com\\\/#website\",\"url\":\"https:\\\/\\\/www.baumbiologie.com\\\/\",\"name\":\"Sachverst\u00e4ndigenb\u00fcro f\u00fcr Baumbiologie\",\"description\":\"Baumgutachten - Forschung - Seminare\",\"potentialAction\":[{\"@type\":\"SearchAction\",\"target\":{\"@type\":\"EntryPoint\",\"urlTemplate\":\"https:\\\/\\\/www.baumbiologie.com\\\/?s={search_term_string}\"},\"query-input\":{\"@type\":\"PropertyValueSpecification\",\"valueRequired\":true,\"valueName\":\"search_term_string\"}}],\"inLanguage\":\"de\"}]}<\/script>\n<!-- \/ Yoast SEO plugin. -->","yoast_head_json":{"title":"Drohnenbefliegungen - Sachverst\u00e4ndigenb\u00fcro f\u00fcr Baumbiologie","description":"Baumgutachten, Forschung und Seminare - Dr. Martin Leberecht - Wissenschaftlich fundiert - Baumschonend - Schnell. Im Rhein-Main-Gebiet und dar\u00fcber hinaus: Rheingau, Taunus, Wiesbaden, Mainz, Frankfurt, Gie\u00dfen, Marburg, Darmstadt, Hessen.","robots":{"index":"index","follow":"follow","max-snippet":"max-snippet:-1","max-image-preview":"max-image-preview:large","max-video-preview":"max-video-preview:-1"},"canonical":"https:\/\/www.baumbiologie.com\/?page_id=2594","og_locale":"de_DE","og_type":"article","og_title":"Drohnenbefliegungen - Sachverst\u00e4ndigenb\u00fcro f\u00fcr Baumbiologie","og_description":"Baumgutachten, Forschung und Seminare - Dr. Martin Leberecht - Wissenschaftlich fundiert - Baumschonend - Schnell. Im Rhein-Main-Gebiet und dar\u00fcber hinaus: Rheingau, Taunus, Wiesbaden, Mainz, Frankfurt, Gie\u00dfen, Marburg, Darmstadt, Hessen.","og_url":"https:\/\/www.baumbiologie.com\/?page_id=2594","og_site_name":"Sachverst\u00e4ndigenb\u00fcro f\u00fcr Baumbiologie","article_modified_time":"2023-02-09T14:02:17+00:00","og_image":[{"url":"https:\/\/www.baumbiologie.com\/wp-content\/uploads\/2023\/01\/DSC00336-1024x683.jpg","type":"","width":"","height":""}],"twitter_card":"summary_large_image","twitter_misc":{"Gesch\u00e4tzte Lesezeit":"1\u00a0Minute"},"schema":{"@context":"https:\/\/schema.org","@graph":[{"@type":"WebPage","@id":"https:\/\/www.baumbiologie.com\/?page_id=2594","url":"https:\/\/www.baumbiologie.com\/?page_id=2594","name":"Drohnenbefliegungen - Sachverst\u00e4ndigenb\u00fcro f\u00fcr Baumbiologie","isPartOf":{"@id":"https:\/\/www.baumbiologie.com\/#website"},"primaryImageOfPage":{"@id":"https:\/\/www.baumbiologie.com\/?page_id=2594#primaryimage"},"image":{"@id":"https:\/\/www.baumbiologie.com\/?page_id=2594#primaryimage"},"thumbnailUrl":"https:\/\/www.baumbiologie.com\/wp-content\/uploads\/2023\/01\/DSC00336-1024x683.jpg","datePublished":"2023-01-09T09:08:33+00:00","dateModified":"2023-02-09T14:02:17+00:00","description":"Baumgutachten, Forschung und Seminare - Dr. Martin Leberecht - Wissenschaftlich fundiert - Baumschonend - Schnell. Im Rhein-Main-Gebiet und dar\u00fcber hinaus: Rheingau, Taunus, Wiesbaden, Mainz, Frankfurt, Gie\u00dfen, Marburg, Darmstadt, Hessen.","breadcrumb":{"@id":"https:\/\/www.baumbiologie.com\/?page_id=2594#breadcrumb"},"inLanguage":"de","potentialAction":[{"@type":"ReadAction","target":["https:\/\/www.baumbiologie.com\/?page_id=2594"]}]},{"@type":"ImageObject","inLanguage":"de","@id":"https:\/\/www.baumbiologie.com\/?page_id=2594#primaryimage","url":"https:\/\/www.baumbiologie.com\/wp-content\/uploads\/2023\/01\/DSC00336.jpg","contentUrl":"https:\/\/www.baumbiologie.com\/wp-content\/uploads\/2023\/01\/DSC00336.jpg","width":1200,"height":800},{"@type":"BreadcrumbList","@id":"https:\/\/www.baumbiologie.com\/?page_id=2594#breadcrumb","itemListElement":[{"@type":"ListItem","position":1,"name":"Startseite","item":"https:\/\/www.baumbiologie.com\/"},{"@type":"ListItem","position":2,"name":"Drohnenbefliegungen"}]},{"@type":"WebSite","@id":"https:\/\/www.baumbiologie.com\/#website","url":"https:\/\/www.baumbiologie.com\/","name":"Sachverst\u00e4ndigenb\u00fcro f\u00fcr Baumbiologie","description":"Baumgutachten - Forschung - Seminare","potentialAction":[{"@type":"SearchAction","target":{"@type":"EntryPoint","urlTemplate":"https:\/\/www.baumbiologie.com\/?s={search_term_string}"},"query-input":{"@type":"PropertyValueSpecification","valueRequired":true,"valueName":"search_term_string"}}],"inLanguage":"de"}]}},"_links":{"self":[{"href":"https:\/\/www.baumbiologie.com\/index.php?rest_route=\/wp\/v2\/pages\/2594","targetHints":{"allow":["GET"]}}],"collection":[{"href":"https:\/\/www.baumbiologie.com\/index.php?rest_route=\/wp\/v2\/pages"}],"about":[{"href":"https:\/\/www.baumbiologie.com\/index.php?rest_route=\/wp\/v2\/types\/page"}],"author":[{"embeddable":true,"href":"https:\/\/www.baumbiologie.com\/index.php?rest_route=\/wp\/v2\/users\/1"}],"replies":[{"embeddable":true,"href":"https:\/\/www.baumbiologie.com\/index.php?rest_route=%2Fwp%2Fv2%2Fcomments&post=2594"}],"version-history":[{"count":2,"href":"https:\/\/www.baumbiologie.com\/index.php?rest_route=\/wp\/v2\/pages\/2594\/revisions"}],"predecessor-version":[{"id":2615,"href":"https:\/\/www.baumbiologie.com\/index.php?rest_route=\/wp\/v2\/pages\/2594\/revisions\/2615"}],"wp:attachment":[{"href":"https:\/\/www.baumbiologie.com\/index.php?rest_route=%2Fwp%2Fv2%2Fmedia&parent=2594"}],"curies":[{"name":"wp","href":"https:\/\/api.w.org\/{rel}","templated":true}]}}