{"id":2589,"date":"2023-01-09T08:59:39","date_gmt":"2023-01-09T08:59:39","guid":{"rendered":"https:\/\/www.baumbiologie.com\/?page_id=2589"},"modified":"2023-01-09T09:18:32","modified_gmt":"2023-01-09T09:18:32","slug":"bibliothek","status":"publish","type":"page","link":"https:\/\/www.baumbiologie.com\/?page_id=2589","title":{"rendered":"Fachbibliothek"},"content":{"rendered":"\n<p>Das Sachverst\u00e4ndigenb\u00fcro f\u00fcr Baumbiologie verf\u00fcgt \u00fcber eine umfangreiche Bibliothek mit mehr als 7500 B\u00fcchern und wissenschaftlichen Fachartikeln. \u00dcber zwei Jahrzehnte wurde diese Bibliothek mit nationaler und internationaler Literatur zum Thema B\u00e4ume systematisch aufgebaut. Sie wird st\u00e4ndig erweitert, so dass die neusten wissenschaftlichen Kenntnisse in die t\u00e4gliche Arbeit einflie\u00dfen.<\/p>\n\n\n\n<p><\/p>\n\n\n\n<div class=\"wp-block-group\"><div class=\"wp-block-group__inner-container is-layout-constrained wp-block-group-is-layout-constrained\"><\/div><\/div>\n\n\n<div class=\"wp-block-image\">\n<figure class=\"alignleft size-large\"><img fetchpriority=\"high\" decoding=\"async\" width=\"1024\" height=\"683\" src=\"https:\/\/www.baumbiologie.com\/wp-content\/uploads\/2023\/01\/DSC00365-1024x683.jpg\" alt=\"\" class=\"wp-image-2590\" srcset=\"https:\/\/www.baumbiologie.com\/wp-content\/uploads\/2023\/01\/DSC00365-1024x683.jpg 1024w, https:\/\/www.baumbiologie.com\/wp-content\/uploads\/2023\/01\/DSC00365-300x200.jpg 300w, https:\/\/www.baumbiologie.com\/wp-content\/uploads\/2023\/01\/DSC00365-768x512.jpg 768w, https:\/\/www.baumbiologie.com\/wp-content\/uploads\/2023\/01\/DSC00365.jpg 1200w\" sizes=\"(max-width: 1024px) 100vw, 1024px\" \/><\/figure>\n<\/div>","protected":false},"excerpt":{"rendered":"<p>Das Sachverst\u00e4ndigenb\u00fcro f\u00fcr Baumbiologie verf\u00fcgt \u00fcber eine umfangreiche Bibliothek mit mehr als 7500 B\u00fcchern und wissenschaftlichen Fachartikeln. \u00dcber zwei Jahrzehnte &hellip; <\/p>\n","protected":false},"author":1,"featured_media":0,"parent":0,"menu_order":0,"comment_status":"closed","ping_status":"closed","template":"","meta":{"_monsterinsights_skip_tracking":false,"_monsterinsights_sitenote_active":false,"_monsterinsights_sitenote_note":"","_monsterinsights_sitenote_category":0,"footnotes":""},"class_list":["post-2589","page","type-page","status-publish","hentry"],"yoast_head":"<!-- This site is optimized with the Yoast SEO plugin v27.4 - https:\/\/yoast.com\/product\/yoast-seo-wordpress\/ -->\n<title>Fachbibliothek - Sachverst\u00e4ndigenb\u00fcro f\u00fcr Baumbiologie<\/title>\n<meta name=\"description\" content=\"Baumgutachten, Forschung und Seminare - Dr. Martin Leberecht - Wissenschaftlich fundiert - Baumschonend - Schnell. Im Rhein-Main-Gebiet und dar\u00fcber hinaus: Rheingau, Taunus, Wiesbaden, Mainz, Frankfurt, Gie\u00dfen, Marburg, Darmstadt, Hessen.\" \/>\n<meta name=\"robots\" content=\"index, follow, max-snippet:-1, max-image-preview:large, max-video-preview:-1\" \/>\n<link rel=\"canonical\" href=\"https:\/\/www.baumbiologie.com\/?page_id=2589\" \/>\n<meta property=\"og:locale\" content=\"de_DE\" \/>\n<meta property=\"og:type\" content=\"article\" \/>\n<meta property=\"og:title\" content=\"Fachbibliothek - Sachverst\u00e4ndigenb\u00fcro f\u00fcr Baumbiologie\" \/>\n<meta property=\"og:description\" content=\"Baumgutachten, Forschung und Seminare - Dr. Martin Leberecht - Wissenschaftlich fundiert - Baumschonend - Schnell. Im Rhein-Main-Gebiet und dar\u00fcber hinaus: Rheingau, Taunus, Wiesbaden, Mainz, Frankfurt, Gie\u00dfen, Marburg, Darmstadt, Hessen.\" \/>\n<meta property=\"og:url\" content=\"https:\/\/www.baumbiologie.com\/?page_id=2589\" \/>\n<meta property=\"og:site_name\" content=\"Sachverst\u00e4ndigenb\u00fcro f\u00fcr Baumbiologie\" \/>\n<meta property=\"article:modified_time\" content=\"2023-01-09T09:18:32+00:00\" \/>\n<meta property=\"og:image\" content=\"https:\/\/www.baumbiologie.com\/wp-content\/uploads\/2023\/01\/DSC00365-1024x683.jpg\" \/>\n<meta name=\"twitter:card\" content=\"summary_large_image\" \/>\n<meta name=\"twitter:label1\" content=\"Gesch\u00e4tzte Lesezeit\" \/>\n\t<meta name=\"twitter:data1\" content=\"1\u00a0Minute\" \/>\n<script type=\"application\/ld+json\" class=\"yoast-schema-graph\">{\"@context\":\"https:\\\/\\\/schema.org\",\"@graph\":[{\"@type\":\"WebPage\",\"@id\":\"https:\\\/\\\/www.baumbiologie.com\\\/?page_id=2589\",\"url\":\"https:\\\/\\\/www.baumbiologie.com\\\/?page_id=2589\",\"name\":\"Fachbibliothek - Sachverst\u00e4ndigenb\u00fcro f\u00fcr Baumbiologie\",\"isPartOf\":{\"@id\":\"https:\\\/\\\/www.baumbiologie.com\\\/#website\"},\"primaryImageOfPage\":{\"@id\":\"https:\\\/\\\/www.baumbiologie.com\\\/?page_id=2589#primaryimage\"},\"image\":{\"@id\":\"https:\\\/\\\/www.baumbiologie.com\\\/?page_id=2589#primaryimage\"},\"thumbnailUrl\":\"https:\\\/\\\/www.baumbiologie.com\\\/wp-content\\\/uploads\\\/2023\\\/01\\\/DSC00365-1024x683.jpg\",\"datePublished\":\"2023-01-09T08:59:39+00:00\",\"dateModified\":\"2023-01-09T09:18:32+00:00\",\"description\":\"Baumgutachten, Forschung und Seminare - Dr. Martin Leberecht - Wissenschaftlich fundiert - Baumschonend - Schnell. Im Rhein-Main-Gebiet und dar\u00fcber hinaus: Rheingau, Taunus, Wiesbaden, Mainz, Frankfurt, Gie\u00dfen, Marburg, Darmstadt, Hessen.\",\"breadcrumb\":{\"@id\":\"https:\\\/\\\/www.baumbiologie.com\\\/?page_id=2589#breadcrumb\"},\"inLanguage\":\"de\",\"potentialAction\":[{\"@type\":\"ReadAction\",\"target\":[\"https:\\\/\\\/www.baumbiologie.com\\\/?page_id=2589\"]}]},{\"@type\":\"ImageObject\",\"inLanguage\":\"de\",\"@id\":\"https:\\\/\\\/www.baumbiologie.com\\\/?page_id=2589#primaryimage\",\"url\":\"https:\\\/\\\/www.baumbiologie.com\\\/wp-content\\\/uploads\\\/2023\\\/01\\\/DSC00365.jpg\",\"contentUrl\":\"https:\\\/\\\/www.baumbiologie.com\\\/wp-content\\\/uploads\\\/2023\\\/01\\\/DSC00365.jpg\",\"width\":1200,\"height\":800},{\"@type\":\"BreadcrumbList\",\"@id\":\"https:\\\/\\\/www.baumbiologie.com\\\/?page_id=2589#breadcrumb\",\"itemListElement\":[{\"@type\":\"ListItem\",\"position\":1,\"name\":\"Startseite\",\"item\":\"https:\\\/\\\/www.baumbiologie.com\\\/\"},{\"@type\":\"ListItem\",\"position\":2,\"name\":\"Fachbibliothek\"}]},{\"@type\":\"WebSite\",\"@id\":\"https:\\\/\\\/www.baumbiologie.com\\\/#website\",\"url\":\"https:\\\/\\\/www.baumbiologie.com\\\/\",\"name\":\"Sachverst\u00e4ndigenb\u00fcro f\u00fcr Baumbiologie\",\"description\":\"Baumgutachten - Forschung - Seminare\",\"potentialAction\":[{\"@type\":\"SearchAction\",\"target\":{\"@type\":\"EntryPoint\",\"urlTemplate\":\"https:\\\/\\\/www.baumbiologie.com\\\/?s={search_term_string}\"},\"query-input\":{\"@type\":\"PropertyValueSpecification\",\"valueRequired\":true,\"valueName\":\"search_term_string\"}}],\"inLanguage\":\"de\"}]}<\/script>\n<!-- \/ Yoast SEO plugin. -->","yoast_head_json":{"title":"Fachbibliothek - Sachverst\u00e4ndigenb\u00fcro f\u00fcr Baumbiologie","description":"Baumgutachten, Forschung und Seminare - Dr. Martin Leberecht - Wissenschaftlich fundiert - Baumschonend - Schnell. Im Rhein-Main-Gebiet und dar\u00fcber hinaus: Rheingau, Taunus, Wiesbaden, Mainz, Frankfurt, Gie\u00dfen, Marburg, Darmstadt, Hessen.","robots":{"index":"index","follow":"follow","max-snippet":"max-snippet:-1","max-image-preview":"max-image-preview:large","max-video-preview":"max-video-preview:-1"},"canonical":"https:\/\/www.baumbiologie.com\/?page_id=2589","og_locale":"de_DE","og_type":"article","og_title":"Fachbibliothek - Sachverst\u00e4ndigenb\u00fcro f\u00fcr Baumbiologie","og_description":"Baumgutachten, Forschung und Seminare - Dr. Martin Leberecht - Wissenschaftlich fundiert - Baumschonend - Schnell. Im Rhein-Main-Gebiet und dar\u00fcber hinaus: Rheingau, Taunus, Wiesbaden, Mainz, Frankfurt, Gie\u00dfen, Marburg, Darmstadt, Hessen.","og_url":"https:\/\/www.baumbiologie.com\/?page_id=2589","og_site_name":"Sachverst\u00e4ndigenb\u00fcro f\u00fcr Baumbiologie","article_modified_time":"2023-01-09T09:18:32+00:00","og_image":[{"url":"https:\/\/www.baumbiologie.com\/wp-content\/uploads\/2023\/01\/DSC00365-1024x683.jpg","type":"","width":"","height":""}],"twitter_card":"summary_large_image","twitter_misc":{"Gesch\u00e4tzte Lesezeit":"1\u00a0Minute"},"schema":{"@context":"https:\/\/schema.org","@graph":[{"@type":"WebPage","@id":"https:\/\/www.baumbiologie.com\/?page_id=2589","url":"https:\/\/www.baumbiologie.com\/?page_id=2589","name":"Fachbibliothek - Sachverst\u00e4ndigenb\u00fcro f\u00fcr Baumbiologie","isPartOf":{"@id":"https:\/\/www.baumbiologie.com\/#website"},"primaryImageOfPage":{"@id":"https:\/\/www.baumbiologie.com\/?page_id=2589#primaryimage"},"image":{"@id":"https:\/\/www.baumbiologie.com\/?page_id=2589#primaryimage"},"thumbnailUrl":"https:\/\/www.baumbiologie.com\/wp-content\/uploads\/2023\/01\/DSC00365-1024x683.jpg","datePublished":"2023-01-09T08:59:39+00:00","dateModified":"2023-01-09T09:18:32+00:00","description":"Baumgutachten, Forschung und Seminare - Dr. Martin Leberecht - Wissenschaftlich fundiert - Baumschonend - Schnell. Im Rhein-Main-Gebiet und dar\u00fcber hinaus: Rheingau, Taunus, Wiesbaden, Mainz, Frankfurt, Gie\u00dfen, Marburg, Darmstadt, Hessen.","breadcrumb":{"@id":"https:\/\/www.baumbiologie.com\/?page_id=2589#breadcrumb"},"inLanguage":"de","potentialAction":[{"@type":"ReadAction","target":["https:\/\/www.baumbiologie.com\/?page_id=2589"]}]},{"@type":"ImageObject","inLanguage":"de","@id":"https:\/\/www.baumbiologie.com\/?page_id=2589#primaryimage","url":"https:\/\/www.baumbiologie.com\/wp-content\/uploads\/2023\/01\/DSC00365.jpg","contentUrl":"https:\/\/www.baumbiologie.com\/wp-content\/uploads\/2023\/01\/DSC00365.jpg","width":1200,"height":800},{"@type":"BreadcrumbList","@id":"https:\/\/www.baumbiologie.com\/?page_id=2589#breadcrumb","itemListElement":[{"@type":"ListItem","position":1,"name":"Startseite","item":"https:\/\/www.baumbiologie.com\/"},{"@type":"ListItem","position":2,"name":"Fachbibliothek"}]},{"@type":"WebSite","@id":"https:\/\/www.baumbiologie.com\/#website","url":"https:\/\/www.baumbiologie.com\/","name":"Sachverst\u00e4ndigenb\u00fcro f\u00fcr Baumbiologie","description":"Baumgutachten - Forschung - Seminare","potentialAction":[{"@type":"SearchAction","target":{"@type":"EntryPoint","urlTemplate":"https:\/\/www.baumbiologie.com\/?s={search_term_string}"},"query-input":{"@type":"PropertyValueSpecification","valueRequired":true,"valueName":"search_term_string"}}],"inLanguage":"de"}]}},"_links":{"self":[{"href":"https:\/\/www.baumbiologie.com\/index.php?rest_route=\/wp\/v2\/pages\/2589","targetHints":{"allow":["GET"]}}],"collection":[{"href":"https:\/\/www.baumbiologie.com\/index.php?rest_route=\/wp\/v2\/pages"}],"about":[{"href":"https:\/\/www.baumbiologie.com\/index.php?rest_route=\/wp\/v2\/types\/page"}],"author":[{"embeddable":true,"href":"https:\/\/www.baumbiologie.com\/index.php?rest_route=\/wp\/v2\/users\/1"}],"replies":[{"embeddable":true,"href":"https:\/\/www.baumbiologie.com\/index.php?rest_route=%2Fwp%2Fv2%2Fcomments&post=2589"}],"version-history":[{"count":3,"href":"https:\/\/www.baumbiologie.com\/index.php?rest_route=\/wp\/v2\/pages\/2589\/revisions"}],"predecessor-version":[{"id":2607,"href":"https:\/\/www.baumbiologie.com\/index.php?rest_route=\/wp\/v2\/pages\/2589\/revisions\/2607"}],"wp:attachment":[{"href":"https:\/\/www.baumbiologie.com\/index.php?rest_route=%2Fwp%2Fv2%2Fmedia&parent=2589"}],"curies":[{"name":"wp","href":"https:\/\/api.w.org\/{rel}","templated":true}]}}