{"id":2572,"date":"2023-01-09T08:22:31","date_gmt":"2023-01-09T08:22:31","guid":{"rendered":"https:\/\/www.baumbiologie.com\/?page_id=2572"},"modified":"2024-12-19T14:05:03","modified_gmt":"2024-12-19T14:05:03","slug":"dendrologische-baubegleitung","status":"publish","type":"page","link":"https:\/\/www.baumbiologie.com\/?page_id=2572","title":{"rendered":"Dendrologische Baubegleitung"},"content":{"rendered":"\n<p>B\u00e4ume sind im Umfeld von Bauma\u00dfnahmen stark gef\u00e4hrdet. Z.B. k\u00f6nnen Sch\u00e4den an B\u00e4umen durch Wurzelverluste, Bodenverdichtungen oder oberirdischen Kontakt mit Baumaschinen entstehen. Um solche Sch\u00e4den zu verhindern, sind dendrologische Baubegleitungen oft schon ab der Planungsphase beh\u00f6rdlich gefordert.<\/p>\n\n\n\n<p>Baumschutz und die Durchf\u00fchrbarkeit einer Bauma\u00dfnahme sind aber kein Widerspruch. In den meisten F\u00e4llen ist es m\u00f6glich, beide Ziel durch eine professionelle dendrologische Baubegleitung zu erreichen.<\/p>\n\n\n\n<p>Die gutachterlichen Leistungen des Sachverst\u00e4ndigenb\u00fcros f\u00fcr Baumbiologie reichen von der Beurteilung der Erhaltensf\u00e4higkeit des Baumbestandes \u00fcber die Erstellung eines Schutzkonzeptes nach DIN 18920 und R SBB (ehemals RAS-LP 4) bis hin zur \u00dcberwachung der Schutzma\u00dfnahmen.<\/p>\n\n\n\n<p>In allen Phasen kann Sie das Sachverst\u00e4ndigenb\u00fcro f\u00fcr Baumbiologie unterst\u00fctzen. Bitte <a href=\"https:\/\/www.baumbiologie.com\/?page_id=100\">kontaktieren<\/a> Sie mich f\u00fcr ein individuelles Angebot.<\/p>\n\n\n\n<div class=\"wp-block-group\"><div class=\"wp-block-group__inner-container is-layout-constrained wp-block-group-is-layout-constrained\">\n<div class=\"wp-block-columns is-layout-flex wp-container-core-columns-is-layout-9d6595d7 wp-block-columns-is-layout-flex\">\n<div class=\"wp-block-column is-layout-flow wp-block-column-is-layout-flow\"><\/div>\n\n\n\n<div class=\"wp-block-column is-layout-flow wp-block-column-is-layout-flow\"><\/div>\n<\/div>\n<\/div><\/div>\n\n\n\n<figure class=\"wp-block-gallery has-nested-images columns-default is-cropped wp-block-gallery-1 is-layout-flex wp-block-gallery-is-layout-flex\">\n<figure class=\"wp-block-image size-large\"><img fetchpriority=\"high\" decoding=\"async\" width=\"683\" height=\"1024\" data-id=\"3196\" src=\"https:\/\/www.baumbiologie.com\/wp-content\/uploads\/2024\/12\/24-12-1700196-683x1024.jpg\" alt=\"Pressung unter B\u00e4umen hindurch\" class=\"wp-image-3196\" srcset=\"https:\/\/www.baumbiologie.com\/wp-content\/uploads\/2024\/12\/24-12-1700196-683x1024.jpg 683w, https:\/\/www.baumbiologie.com\/wp-content\/uploads\/2024\/12\/24-12-1700196-200x300.jpg 200w, https:\/\/www.baumbiologie.com\/wp-content\/uploads\/2024\/12\/24-12-1700196-768x1152.jpg 768w, https:\/\/www.baumbiologie.com\/wp-content\/uploads\/2024\/12\/24-12-1700196-1024x1536.jpg 1024w, https:\/\/www.baumbiologie.com\/wp-content\/uploads\/2024\/12\/24-12-1700196.jpg 1365w\" sizes=\"(max-width: 683px) 100vw, 683px\" \/><\/figure>\n\n\n\n<figure class=\"wp-block-image size-large\"><img decoding=\"async\" width=\"1024\" height=\"683\" data-id=\"3193\" data-src=\"https:\/\/www.baumbiologie.com\/wp-content\/uploads\/2024\/12\/24-06-0600090-1024x683.jpg\" alt=\"Baustelle mit Bodenaustausch\" class=\"wp-image-3193 lazyload\" data-srcset=\"https:\/\/www.baumbiologie.com\/wp-content\/uploads\/2024\/12\/24-06-0600090-1024x683.jpg 1024w, https:\/\/www.baumbiologie.com\/wp-content\/uploads\/2024\/12\/24-06-0600090-300x200.jpg 300w, https:\/\/www.baumbiologie.com\/wp-content\/uploads\/2024\/12\/24-06-0600090-768x512.jpg 768w, https:\/\/www.baumbiologie.com\/wp-content\/uploads\/2024\/12\/24-06-0600090-1536x1024.jpg 1536w, https:\/\/www.baumbiologie.com\/wp-content\/uploads\/2024\/12\/24-06-0600090.jpg 2048w\" data-sizes=\"(max-width: 1024px) 100vw, 1024px\" src=\"data:image\/svg+xml;base64,PHN2ZyB3aWR0aD0iMSIgaGVpZ2h0PSIxIiB4bWxucz0iaHR0cDovL3d3dy53My5vcmcvMjAwMC9zdmciPjwvc3ZnPg==\" style=\"--smush-placeholder-width: 1024px; --smush-placeholder-aspect-ratio: 1024\/683;\" \/><\/figure>\n\n\n\n<figure class=\"wp-block-image size-large\"><img decoding=\"async\" width=\"767\" height=\"1024\" data-id=\"2991\" data-src=\"https:\/\/www.baumbiologie.com\/wp-content\/uploads\/2024\/02\/20230930_172431-1-767x1024.jpg\" alt=\"Abspannung von Baum\" class=\"wp-image-2991 lazyload\" data-srcset=\"https:\/\/www.baumbiologie.com\/wp-content\/uploads\/2024\/02\/20230930_172431-1-767x1024.jpg 767w, https:\/\/www.baumbiologie.com\/wp-content\/uploads\/2024\/02\/20230930_172431-1-225x300.jpg 225w, https:\/\/www.baumbiologie.com\/wp-content\/uploads\/2024\/02\/20230930_172431-1-768x1025.jpg 768w, https:\/\/www.baumbiologie.com\/wp-content\/uploads\/2024\/02\/20230930_172431-1-1151x1536.jpg 1151w, https:\/\/www.baumbiologie.com\/wp-content\/uploads\/2024\/02\/20230930_172431-1.jpg 1534w\" data-sizes=\"(max-width: 767px) 100vw, 767px\" src=\"data:image\/svg+xml;base64,PHN2ZyB3aWR0aD0iMSIgaGVpZ2h0PSIxIiB4bWxucz0iaHR0cDovL3d3dy53My5vcmcvMjAwMC9zdmciPjwvc3ZnPg==\" style=\"--smush-placeholder-width: 767px; --smush-placeholder-aspect-ratio: 767\/1024;\" \/><\/figure>\n<\/figure>\n","protected":false},"excerpt":{"rendered":"<p>B\u00e4ume sind im Umfeld von Bauma\u00dfnahmen stark gef\u00e4hrdet. Z.B. k\u00f6nnen Sch\u00e4den an B\u00e4umen durch Wurzelverluste, Bodenverdichtungen oder oberirdischen Kontakt mit &hellip; <\/p>\n","protected":false},"author":1,"featured_media":0,"parent":0,"menu_order":0,"comment_status":"closed","ping_status":"closed","template":"","meta":{"_monsterinsights_skip_tracking":false,"_monsterinsights_sitenote_active":false,"_monsterinsights_sitenote_note":"","_monsterinsights_sitenote_category":0,"footnotes":""},"class_list":["post-2572","page","type-page","status-publish","hentry"],"yoast_head":"<!-- This site is optimized with the Yoast SEO plugin v27.3 - https:\/\/yoast.com\/product\/yoast-seo-wordpress\/ -->\n<title>Dendrologische Baubegleitung - Sachverst\u00e4ndigenb\u00fcro f\u00fcr Baumbiologie<\/title>\n<meta name=\"description\" content=\"Baumgutachten, Forschung und Seminare - Dr. Martin Leberecht - Wissenschaftlich fundiert - Baumschonend - Schnell. Im Rhein-Main-Gebiet und dar\u00fcber hinaus: Rheingau, Taunus, Wiesbaden, Mainz, Frankfurt, Gie\u00dfen, Marburg, Darmstadt, Hessen.\" \/>\n<meta name=\"robots\" content=\"index, follow, max-snippet:-1, max-image-preview:large, max-video-preview:-1\" \/>\n<link rel=\"canonical\" href=\"https:\/\/www.baumbiologie.com\/?page_id=2572\" \/>\n<meta property=\"og:locale\" content=\"de_DE\" \/>\n<meta property=\"og:type\" content=\"article\" \/>\n<meta property=\"og:title\" content=\"Dendrologische Baubegleitung - Sachverst\u00e4ndigenb\u00fcro f\u00fcr Baumbiologie\" \/>\n<meta property=\"og:description\" content=\"Baumgutachten, Forschung und Seminare - Dr. Martin Leberecht - Wissenschaftlich fundiert - Baumschonend - Schnell. Im Rhein-Main-Gebiet und dar\u00fcber hinaus: Rheingau, Taunus, Wiesbaden, Mainz, Frankfurt, Gie\u00dfen, Marburg, Darmstadt, Hessen.\" \/>\n<meta property=\"og:url\" content=\"https:\/\/www.baumbiologie.com\/?page_id=2572\" \/>\n<meta property=\"og:site_name\" content=\"Sachverst\u00e4ndigenb\u00fcro f\u00fcr Baumbiologie\" \/>\n<meta property=\"article:modified_time\" content=\"2024-12-19T14:05:03+00:00\" \/>\n<meta property=\"og:image\" content=\"https:\/\/www.baumbiologie.com\/wp-content\/uploads\/2024\/12\/24-12-1700196.jpg\" \/>\n\t<meta property=\"og:image:width\" content=\"1365\" \/>\n\t<meta property=\"og:image:height\" content=\"2048\" \/>\n\t<meta property=\"og:image:type\" content=\"image\/jpeg\" \/>\n<meta name=\"twitter:card\" content=\"summary_large_image\" \/>\n<meta name=\"twitter:label1\" content=\"Gesch\u00e4tzte Lesezeit\" \/>\n\t<meta name=\"twitter:data1\" content=\"2\u00a0Minuten\" \/>\n<script type=\"application\/ld+json\" class=\"yoast-schema-graph\">{\"@context\":\"https:\\\/\\\/schema.org\",\"@graph\":[{\"@type\":\"WebPage\",\"@id\":\"https:\\\/\\\/www.baumbiologie.com\\\/?page_id=2572\",\"url\":\"https:\\\/\\\/www.baumbiologie.com\\\/?page_id=2572\",\"name\":\"Dendrologische Baubegleitung - Sachverst\u00e4ndigenb\u00fcro f\u00fcr Baumbiologie\",\"isPartOf\":{\"@id\":\"https:\\\/\\\/www.baumbiologie.com\\\/#website\"},\"primaryImageOfPage\":{\"@id\":\"https:\\\/\\\/www.baumbiologie.com\\\/?page_id=2572#primaryimage\"},\"image\":{\"@id\":\"https:\\\/\\\/www.baumbiologie.com\\\/?page_id=2572#primaryimage\"},\"thumbnailUrl\":\"https:\\\/\\\/www.baumbiologie.com\\\/wp-content\\\/uploads\\\/2024\\\/12\\\/24-12-1700196-683x1024.jpg\",\"datePublished\":\"2023-01-09T08:22:31+00:00\",\"dateModified\":\"2024-12-19T14:05:03+00:00\",\"description\":\"Baumgutachten, Forschung und Seminare - Dr. Martin Leberecht - Wissenschaftlich fundiert - Baumschonend - Schnell. Im Rhein-Main-Gebiet und dar\u00fcber hinaus: Rheingau, Taunus, Wiesbaden, Mainz, Frankfurt, Gie\u00dfen, Marburg, Darmstadt, Hessen.\",\"breadcrumb\":{\"@id\":\"https:\\\/\\\/www.baumbiologie.com\\\/?page_id=2572#breadcrumb\"},\"inLanguage\":\"de\",\"potentialAction\":[{\"@type\":\"ReadAction\",\"target\":[\"https:\\\/\\\/www.baumbiologie.com\\\/?page_id=2572\"]}]},{\"@type\":\"ImageObject\",\"inLanguage\":\"de\",\"@id\":\"https:\\\/\\\/www.baumbiologie.com\\\/?page_id=2572#primaryimage\",\"url\":\"https:\\\/\\\/www.baumbiologie.com\\\/wp-content\\\/uploads\\\/2024\\\/12\\\/24-12-1700196.jpg\",\"contentUrl\":\"https:\\\/\\\/www.baumbiologie.com\\\/wp-content\\\/uploads\\\/2024\\\/12\\\/24-12-1700196.jpg\",\"width\":1365,\"height\":2048,\"caption\":\"Pressung\"},{\"@type\":\"BreadcrumbList\",\"@id\":\"https:\\\/\\\/www.baumbiologie.com\\\/?page_id=2572#breadcrumb\",\"itemListElement\":[{\"@type\":\"ListItem\",\"position\":1,\"name\":\"Startseite\",\"item\":\"https:\\\/\\\/www.baumbiologie.com\\\/\"},{\"@type\":\"ListItem\",\"position\":2,\"name\":\"Dendrologische Baubegleitung\"}]},{\"@type\":\"WebSite\",\"@id\":\"https:\\\/\\\/www.baumbiologie.com\\\/#website\",\"url\":\"https:\\\/\\\/www.baumbiologie.com\\\/\",\"name\":\"Sachverst\u00e4ndigenb\u00fcro f\u00fcr Baumbiologie\",\"description\":\"Baumgutachten - Forschung - Seminare\",\"potentialAction\":[{\"@type\":\"SearchAction\",\"target\":{\"@type\":\"EntryPoint\",\"urlTemplate\":\"https:\\\/\\\/www.baumbiologie.com\\\/?s={search_term_string}\"},\"query-input\":{\"@type\":\"PropertyValueSpecification\",\"valueRequired\":true,\"valueName\":\"search_term_string\"}}],\"inLanguage\":\"de\"}]}<\/script>\n<!-- \/ Yoast SEO plugin. -->","yoast_head_json":{"title":"Dendrologische Baubegleitung - Sachverst\u00e4ndigenb\u00fcro f\u00fcr Baumbiologie","description":"Baumgutachten, Forschung und Seminare - Dr. Martin Leberecht - Wissenschaftlich fundiert - Baumschonend - Schnell. Im Rhein-Main-Gebiet und dar\u00fcber hinaus: Rheingau, Taunus, Wiesbaden, Mainz, Frankfurt, Gie\u00dfen, Marburg, Darmstadt, Hessen.","robots":{"index":"index","follow":"follow","max-snippet":"max-snippet:-1","max-image-preview":"max-image-preview:large","max-video-preview":"max-video-preview:-1"},"canonical":"https:\/\/www.baumbiologie.com\/?page_id=2572","og_locale":"de_DE","og_type":"article","og_title":"Dendrologische Baubegleitung - Sachverst\u00e4ndigenb\u00fcro f\u00fcr Baumbiologie","og_description":"Baumgutachten, Forschung und Seminare - Dr. Martin Leberecht - Wissenschaftlich fundiert - Baumschonend - Schnell. Im Rhein-Main-Gebiet und dar\u00fcber hinaus: Rheingau, Taunus, Wiesbaden, Mainz, Frankfurt, Gie\u00dfen, Marburg, Darmstadt, Hessen.","og_url":"https:\/\/www.baumbiologie.com\/?page_id=2572","og_site_name":"Sachverst\u00e4ndigenb\u00fcro f\u00fcr Baumbiologie","article_modified_time":"2024-12-19T14:05:03+00:00","og_image":[{"width":1365,"height":2048,"url":"https:\/\/www.baumbiologie.com\/wp-content\/uploads\/2024\/12\/24-12-1700196.jpg","type":"image\/jpeg"}],"twitter_card":"summary_large_image","twitter_misc":{"Gesch\u00e4tzte Lesezeit":"2\u00a0Minuten"},"schema":{"@context":"https:\/\/schema.org","@graph":[{"@type":"WebPage","@id":"https:\/\/www.baumbiologie.com\/?page_id=2572","url":"https:\/\/www.baumbiologie.com\/?page_id=2572","name":"Dendrologische Baubegleitung - Sachverst\u00e4ndigenb\u00fcro f\u00fcr Baumbiologie","isPartOf":{"@id":"https:\/\/www.baumbiologie.com\/#website"},"primaryImageOfPage":{"@id":"https:\/\/www.baumbiologie.com\/?page_id=2572#primaryimage"},"image":{"@id":"https:\/\/www.baumbiologie.com\/?page_id=2572#primaryimage"},"thumbnailUrl":"https:\/\/www.baumbiologie.com\/wp-content\/uploads\/2024\/12\/24-12-1700196-683x1024.jpg","datePublished":"2023-01-09T08:22:31+00:00","dateModified":"2024-12-19T14:05:03+00:00","description":"Baumgutachten, Forschung und Seminare - Dr. Martin Leberecht - Wissenschaftlich fundiert - Baumschonend - Schnell. Im Rhein-Main-Gebiet und dar\u00fcber hinaus: Rheingau, Taunus, Wiesbaden, Mainz, Frankfurt, Gie\u00dfen, Marburg, Darmstadt, Hessen.","breadcrumb":{"@id":"https:\/\/www.baumbiologie.com\/?page_id=2572#breadcrumb"},"inLanguage":"de","potentialAction":[{"@type":"ReadAction","target":["https:\/\/www.baumbiologie.com\/?page_id=2572"]}]},{"@type":"ImageObject","inLanguage":"de","@id":"https:\/\/www.baumbiologie.com\/?page_id=2572#primaryimage","url":"https:\/\/www.baumbiologie.com\/wp-content\/uploads\/2024\/12\/24-12-1700196.jpg","contentUrl":"https:\/\/www.baumbiologie.com\/wp-content\/uploads\/2024\/12\/24-12-1700196.jpg","width":1365,"height":2048,"caption":"Pressung"},{"@type":"BreadcrumbList","@id":"https:\/\/www.baumbiologie.com\/?page_id=2572#breadcrumb","itemListElement":[{"@type":"ListItem","position":1,"name":"Startseite","item":"https:\/\/www.baumbiologie.com\/"},{"@type":"ListItem","position":2,"name":"Dendrologische Baubegleitung"}]},{"@type":"WebSite","@id":"https:\/\/www.baumbiologie.com\/#website","url":"https:\/\/www.baumbiologie.com\/","name":"Sachverst\u00e4ndigenb\u00fcro f\u00fcr Baumbiologie","description":"Baumgutachten - Forschung - Seminare","potentialAction":[{"@type":"SearchAction","target":{"@type":"EntryPoint","urlTemplate":"https:\/\/www.baumbiologie.com\/?s={search_term_string}"},"query-input":{"@type":"PropertyValueSpecification","valueRequired":true,"valueName":"search_term_string"}}],"inLanguage":"de"}]}},"_links":{"self":[{"href":"https:\/\/www.baumbiologie.com\/index.php?rest_route=\/wp\/v2\/pages\/2572","targetHints":{"allow":["GET"]}}],"collection":[{"href":"https:\/\/www.baumbiologie.com\/index.php?rest_route=\/wp\/v2\/pages"}],"about":[{"href":"https:\/\/www.baumbiologie.com\/index.php?rest_route=\/wp\/v2\/types\/page"}],"author":[{"embeddable":true,"href":"https:\/\/www.baumbiologie.com\/index.php?rest_route=\/wp\/v2\/users\/1"}],"replies":[{"embeddable":true,"href":"https:\/\/www.baumbiologie.com\/index.php?rest_route=%2Fwp%2Fv2%2Fcomments&post=2572"}],"version-history":[{"count":13,"href":"https:\/\/www.baumbiologie.com\/index.php?rest_route=\/wp\/v2\/pages\/2572\/revisions"}],"predecessor-version":[{"id":3198,"href":"https:\/\/www.baumbiologie.com\/index.php?rest_route=\/wp\/v2\/pages\/2572\/revisions\/3198"}],"wp:attachment":[{"href":"https:\/\/www.baumbiologie.com\/index.php?rest_route=%2Fwp%2Fv2%2Fmedia&parent=2572"}],"curies":[{"name":"wp","href":"https:\/\/api.w.org\/{rel}","templated":true}]}}