{"id":2534,"date":"2023-01-02T14:02:36","date_gmt":"2023-01-02T14:02:36","guid":{"rendered":"https:\/\/www.baumbiologie.com\/?page_id=2534"},"modified":"2023-01-02T14:02:38","modified_gmt":"2023-01-02T14:02:38","slug":"angebotskonfigurator","status":"publish","type":"page","link":"https:\/\/www.baumbiologie.com\/?page_id=2534","title":{"rendered":"Angebotskonfigurator"},"content":{"rendered":"\n<p>Bitte f\u00fcllen Sie die nachfolgenden Felder sorgf\u00e4ltig aus. Je genauer die Angaben sind, desto besser kann ich Ihre Anfrage bearbeiten.<\/p>\n\n\n\n<div class=\"wpcf7 no-js\" id=\"wpcf7-f2535-o1\" lang=\"de-DE\" dir=\"ltr\" data-wpcf7-id=\"2535\">\n<div class=\"screen-reader-response\"><p role=\"status\" aria-live=\"polite\" aria-atomic=\"true\"><\/p> <ul><\/ul><\/div>\n<form action=\"\/index.php?rest_route=%2Fwp%2Fv2%2Fpages%2F2534#wpcf7-f2535-o1\" method=\"post\" class=\"wpcf7-form init\" aria-label=\"Kontaktformular\" enctype=\"multipart\/form-data\" novalidate=\"novalidate\" data-status=\"init\">\n<fieldset class=\"hidden-fields-container\"><input type=\"hidden\" name=\"_wpcf7\" value=\"2535\" \/><input type=\"hidden\" name=\"_wpcf7_version\" value=\"6.1.5\" \/><input type=\"hidden\" name=\"_wpcf7_locale\" value=\"de_DE\" \/><input type=\"hidden\" name=\"_wpcf7_unit_tag\" value=\"wpcf7-f2535-o1\" \/><input type=\"hidden\" name=\"_wpcf7_container_post\" value=\"0\" \/><input type=\"hidden\" name=\"_wpcf7_posted_data_hash\" value=\"\" \/><input type=\"hidden\" name=\"_wpcf7_recaptcha_response\" value=\"\" \/>\n<\/fieldset>\n<p><label> <b>Kontaktdaten<\/b><br \/>\n<\/label><label> Vorname (Pflichtfeld)<br \/>\n<span class=\"wpcf7-form-control-wrap\" data-name=\"Vorname\"><input size=\"40\" maxlength=\"400\" class=\"wpcf7-form-control wpcf7-text wpcf7-validates-as-required\" aria-required=\"true\" aria-invalid=\"false\" value=\"\" type=\"text\" name=\"Vorname\" \/><\/span> <\/label><br \/>\n<label> Nachname (Pflichtfeld)<br \/>\n<span class=\"wpcf7-form-control-wrap\" data-name=\"Nachname\"><input size=\"40\" maxlength=\"400\" class=\"wpcf7-form-control wpcf7-text wpcf7-validates-as-required\" aria-required=\"true\" aria-invalid=\"false\" value=\"\" type=\"text\" name=\"Nachname\" \/><\/span> <\/label><br \/>\n<label> Stra\u00dfe und Hausnummer<br \/>\n<span class=\"wpcf7-form-control-wrap\" data-name=\"Strasse_Hausnummer\"><input size=\"40\" maxlength=\"400\" class=\"wpcf7-form-control wpcf7-text\" aria-invalid=\"false\" value=\"\" type=\"text\" name=\"Strasse_Hausnummer\" \/><\/span> <\/label><br \/>\n<label> PLZ<br \/>\n<span class=\"wpcf7-form-control-wrap\" data-name=\"PLZ\"><input size=\"40\" maxlength=\"400\" class=\"wpcf7-form-control wpcf7-text\" aria-invalid=\"false\" value=\"\" type=\"text\" name=\"PLZ\" \/><\/span> <\/label><br \/>\n<label> Ort<br \/>\n<span class=\"wpcf7-form-control-wrap\" data-name=\"Ort\"><input size=\"40\" maxlength=\"400\" class=\"wpcf7-form-control wpcf7-text\" aria-invalid=\"false\" value=\"\" type=\"text\" name=\"Ort\" \/><\/span> <\/label><br \/>\n<label> Telefon<br \/>\n<span class=\"wpcf7-form-control-wrap\" data-name=\"Telefon\"><input size=\"40\" maxlength=\"400\" class=\"wpcf7-form-control wpcf7-tel wpcf7-text wpcf7-validates-as-tel\" aria-invalid=\"false\" value=\"\" type=\"tel\" name=\"Telefon\" \/><\/span> <\/label><br \/>\n<label> E-Mail (Pflichtfeld)<br \/>\n<span class=\"wpcf7-form-control-wrap\" data-name=\"email-374\"><input size=\"40\" maxlength=\"400\" class=\"wpcf7-form-control wpcf7-email wpcf7-validates-as-required wpcf7-text wpcf7-validates-as-email\" aria-required=\"true\" aria-invalid=\"false\" value=\"\" type=\"email\" name=\"email-374\" \/><\/span> <\/label>\n<\/p>\n<p><label> <b>Standort des Baumes<\/b><br \/>\n<\/label><label> Stra\u00dfe und Hausnummer<br \/>\n<span class=\"wpcf7-form-control-wrap\" data-name=\"Strasse_Hausnummer_Baumstandort\"><input size=\"40\" maxlength=\"400\" class=\"wpcf7-form-control wpcf7-text\" aria-invalid=\"false\" value=\"\" type=\"text\" name=\"Strasse_Hausnummer_Baumstandort\" \/><\/span> <\/label><br \/>\n<label> PLZ (Pflichtfeld)<br \/>\n<span class=\"wpcf7-form-control-wrap\" data-name=\"PLZ_Baumstandort\"><input size=\"40\" maxlength=\"400\" class=\"wpcf7-form-control wpcf7-text\" aria-invalid=\"false\" value=\"\" type=\"text\" name=\"PLZ_Baumstandort\" \/><\/span> <\/label><br \/>\n<label> Ort (Pflichtfeld)<br \/>\n<span class=\"wpcf7-form-control-wrap\" data-name=\"Ort_Baumstandort\"><input size=\"40\" maxlength=\"400\" class=\"wpcf7-form-control wpcf7-text\" aria-invalid=\"false\" value=\"\" type=\"text\" name=\"Ort_Baumstandort\" \/><\/span> <\/label>\n<\/p>\n<p><label> <b>Informationen zum Baum<\/b><br \/>\n<\/label><label> Baumart<br \/>\n<span class=\"wpcf7-form-control-wrap\" data-name=\"Baumart\"><input size=\"40\" maxlength=\"400\" class=\"wpcf7-form-control wpcf7-text\" aria-invalid=\"false\" value=\"\" type=\"text\" name=\"Baumart\" \/><\/span> <\/label><br \/>\n<label> Gesch\u00e4tzter Stammdurchmesser in 1 m H\u00f6he [m]<br \/>\n<span class=\"wpcf7-form-control-wrap\" data-name=\"Durchmesser\"><input size=\"40\" maxlength=\"400\" class=\"wpcf7-form-control wpcf7-text\" aria-invalid=\"false\" value=\"\" type=\"text\" name=\"Durchmesser\" \/><\/span> <\/label><br \/>\n<label> Gesch\u00e4tzte Baumh\u00f6he [m]<br \/>\n<span class=\"wpcf7-form-control-wrap\" data-name=\"Hoehe\"><input size=\"40\" maxlength=\"400\" class=\"wpcf7-form-control wpcf7-text\" aria-invalid=\"false\" value=\"\" type=\"text\" name=\"Hoehe\" \/><\/span> <\/label><br \/>\n<label> Schaden (Pilzbefall, Risse, ...)<br \/>\n<span class=\"wpcf7-form-control-wrap\" data-name=\"Schaden\"><input size=\"40\" maxlength=\"400\" class=\"wpcf7-form-control wpcf7-text\" aria-invalid=\"false\" value=\"\" type=\"text\" name=\"Schaden\" \/><\/span> <\/label><br \/>\n<label> Ort des Schadens (Krone, Stamm in x m H\u00f6he, Stammfu\u00df, Wurzeln)<br \/>\n<span class=\"wpcf7-form-control-wrap\" data-name=\"Schadensort\"><input size=\"40\" maxlength=\"400\" class=\"wpcf7-form-control wpcf7-text\" aria-invalid=\"false\" value=\"\" type=\"text\" name=\"Schadensort\" \/><\/span> <\/label>\n<\/p>\n<p><label> Bemerkungen<br \/>\n<span class=\"wpcf7-form-control-wrap\" data-name=\"your-message\"><textarea cols=\"40\" rows=\"10\" maxlength=\"2000\" class=\"wpcf7-form-control wpcf7-textarea\" aria-invalid=\"false\" name=\"your-message\"><\/textarea><\/span> <\/label>\n<\/p>\n<p><label> Bitte laden Sie ein Foto des Baumes hoch (max. 10 MB).<br \/>\n<span class=\"wpcf7-form-control-wrap\" data-name=\"Fotos\"><input size=\"40\" class=\"wpcf7-form-control wpcf7-file\" accept=\".jpg,.jpeg,.png,.gif,.pdf\" aria-invalid=\"false\" type=\"file\" name=\"Fotos\" \/><\/span> <\/label>\n<\/p>\n<p><label> Ich habe die <a title=\"Datenschutz\" href=\"https:\/\/www.baumbiologie.com\/?page_id=24\" target=\"_blank\">Datenschutzerkl\u00e4rung<\/a> gelesen und bin mit der Speicherung der oben angegebenen Daten einverstanden. <\/label><label><br \/>\n<input class=\"wpcf7-form-control wpcf7-submit has-spinner\" type=\"submit\" value=\"Senden\" \/><\/label>\n<\/p><div class=\"wpcf7-response-output\" aria-hidden=\"true\"><\/div>\n<\/form>\n<\/div>\n\n","protected":false},"excerpt":{"rendered":"<p>Bitte f\u00fcllen Sie die nachfolgenden Felder sorgf\u00e4ltig aus. Je genauer die Angaben sind, desto besser kann ich Ihre Anfrage bearbeiten.<\/p>\n","protected":false},"author":1,"featured_media":0,"parent":0,"menu_order":0,"comment_status":"closed","ping_status":"closed","template":"","meta":{"_monsterinsights_skip_tracking":false,"_monsterinsights_sitenote_active":false,"_monsterinsights_sitenote_note":"","_monsterinsights_sitenote_category":0,"footnotes":""},"class_list":["post-2534","page","type-page","status-publish","hentry"],"yoast_head":"<!-- This site is optimized with the Yoast SEO plugin v27.5 - https:\/\/yoast.com\/product\/yoast-seo-wordpress\/ -->\n<title>Angebotskonfigurator - Sachverst\u00e4ndigenb\u00fcro f\u00fcr Baumbiologie<\/title>\n<meta name=\"robots\" content=\"index, follow, max-snippet:-1, max-image-preview:large, max-video-preview:-1\" \/>\n<link rel=\"canonical\" href=\"https:\/\/www.baumbiologie.com\/?page_id=2534\" \/>\n<meta property=\"og:locale\" content=\"de_DE\" \/>\n<meta property=\"og:type\" content=\"article\" \/>\n<meta property=\"og:title\" content=\"Angebotskonfigurator - Sachverst\u00e4ndigenb\u00fcro f\u00fcr Baumbiologie\" \/>\n<meta property=\"og:description\" content=\"Bitte f\u00fcllen Sie die nachfolgenden Felder sorgf\u00e4ltig aus. Je genauer die Angaben sind, desto besser kann ich Ihre Anfrage bearbeiten.\" \/>\n<meta property=\"og:url\" content=\"https:\/\/www.baumbiologie.com\/?page_id=2534\" \/>\n<meta property=\"og:site_name\" content=\"Sachverst\u00e4ndigenb\u00fcro f\u00fcr Baumbiologie\" \/>\n<meta property=\"article:modified_time\" content=\"2023-01-02T14:02:38+00:00\" \/>\n<meta name=\"twitter:card\" content=\"summary_large_image\" \/>\n<meta name=\"twitter:label1\" content=\"Gesch\u00e4tzte Lesezeit\" \/>\n\t<meta name=\"twitter:data1\" content=\"1\u00a0Minute\" \/>\n<script type=\"application\/ld+json\" class=\"yoast-schema-graph\">{\"@context\":\"https:\\\/\\\/schema.org\",\"@graph\":[{\"@type\":\"WebPage\",\"@id\":\"https:\\\/\\\/www.baumbiologie.com\\\/?page_id=2534\",\"url\":\"https:\\\/\\\/www.baumbiologie.com\\\/?page_id=2534\",\"name\":\"Angebotskonfigurator - Sachverst\u00e4ndigenb\u00fcro f\u00fcr Baumbiologie\",\"isPartOf\":{\"@id\":\"https:\\\/\\\/www.baumbiologie.com\\\/#website\"},\"datePublished\":\"2023-01-02T14:02:36+00:00\",\"dateModified\":\"2023-01-02T14:02:38+00:00\",\"breadcrumb\":{\"@id\":\"https:\\\/\\\/www.baumbiologie.com\\\/?page_id=2534#breadcrumb\"},\"inLanguage\":\"de\",\"potentialAction\":[{\"@type\":\"ReadAction\",\"target\":[\"https:\\\/\\\/www.baumbiologie.com\\\/?page_id=2534\"]}]},{\"@type\":\"BreadcrumbList\",\"@id\":\"https:\\\/\\\/www.baumbiologie.com\\\/?page_id=2534#breadcrumb\",\"itemListElement\":[{\"@type\":\"ListItem\",\"position\":1,\"name\":\"Startseite\",\"item\":\"https:\\\/\\\/www.baumbiologie.com\\\/\"},{\"@type\":\"ListItem\",\"position\":2,\"name\":\"Angebotskonfigurator\"}]},{\"@type\":\"WebSite\",\"@id\":\"https:\\\/\\\/www.baumbiologie.com\\\/#website\",\"url\":\"https:\\\/\\\/www.baumbiologie.com\\\/\",\"name\":\"Sachverst\u00e4ndigenb\u00fcro f\u00fcr Baumbiologie\",\"description\":\"Baumgutachten - Forschung - Seminare\",\"potentialAction\":[{\"@type\":\"SearchAction\",\"target\":{\"@type\":\"EntryPoint\",\"urlTemplate\":\"https:\\\/\\\/www.baumbiologie.com\\\/?s={search_term_string}\"},\"query-input\":{\"@type\":\"PropertyValueSpecification\",\"valueRequired\":true,\"valueName\":\"search_term_string\"}}],\"inLanguage\":\"de\"}]}<\/script>\n<!-- \/ Yoast SEO plugin. -->","yoast_head_json":{"title":"Angebotskonfigurator - Sachverst\u00e4ndigenb\u00fcro f\u00fcr Baumbiologie","robots":{"index":"index","follow":"follow","max-snippet":"max-snippet:-1","max-image-preview":"max-image-preview:large","max-video-preview":"max-video-preview:-1"},"canonical":"https:\/\/www.baumbiologie.com\/?page_id=2534","og_locale":"de_DE","og_type":"article","og_title":"Angebotskonfigurator - Sachverst\u00e4ndigenb\u00fcro f\u00fcr Baumbiologie","og_description":"Bitte f\u00fcllen Sie die nachfolgenden Felder sorgf\u00e4ltig aus. Je genauer die Angaben sind, desto besser kann ich Ihre Anfrage bearbeiten.","og_url":"https:\/\/www.baumbiologie.com\/?page_id=2534","og_site_name":"Sachverst\u00e4ndigenb\u00fcro f\u00fcr Baumbiologie","article_modified_time":"2023-01-02T14:02:38+00:00","twitter_card":"summary_large_image","twitter_misc":{"Gesch\u00e4tzte Lesezeit":"1\u00a0Minute"},"schema":{"@context":"https:\/\/schema.org","@graph":[{"@type":"WebPage","@id":"https:\/\/www.baumbiologie.com\/?page_id=2534","url":"https:\/\/www.baumbiologie.com\/?page_id=2534","name":"Angebotskonfigurator - Sachverst\u00e4ndigenb\u00fcro f\u00fcr Baumbiologie","isPartOf":{"@id":"https:\/\/www.baumbiologie.com\/#website"},"datePublished":"2023-01-02T14:02:36+00:00","dateModified":"2023-01-02T14:02:38+00:00","breadcrumb":{"@id":"https:\/\/www.baumbiologie.com\/?page_id=2534#breadcrumb"},"inLanguage":"de","potentialAction":[{"@type":"ReadAction","target":["https:\/\/www.baumbiologie.com\/?page_id=2534"]}]},{"@type":"BreadcrumbList","@id":"https:\/\/www.baumbiologie.com\/?page_id=2534#breadcrumb","itemListElement":[{"@type":"ListItem","position":1,"name":"Startseite","item":"https:\/\/www.baumbiologie.com\/"},{"@type":"ListItem","position":2,"name":"Angebotskonfigurator"}]},{"@type":"WebSite","@id":"https:\/\/www.baumbiologie.com\/#website","url":"https:\/\/www.baumbiologie.com\/","name":"Sachverst\u00e4ndigenb\u00fcro f\u00fcr Baumbiologie","description":"Baumgutachten - Forschung - Seminare","potentialAction":[{"@type":"SearchAction","target":{"@type":"EntryPoint","urlTemplate":"https:\/\/www.baumbiologie.com\/?s={search_term_string}"},"query-input":{"@type":"PropertyValueSpecification","valueRequired":true,"valueName":"search_term_string"}}],"inLanguage":"de"}]}},"_links":{"self":[{"href":"https:\/\/www.baumbiologie.com\/index.php?rest_route=\/wp\/v2\/pages\/2534","targetHints":{"allow":["GET"]}}],"collection":[{"href":"https:\/\/www.baumbiologie.com\/index.php?rest_route=\/wp\/v2\/pages"}],"about":[{"href":"https:\/\/www.baumbiologie.com\/index.php?rest_route=\/wp\/v2\/types\/page"}],"author":[{"embeddable":true,"href":"https:\/\/www.baumbiologie.com\/index.php?rest_route=\/wp\/v2\/users\/1"}],"replies":[{"embeddable":true,"href":"https:\/\/www.baumbiologie.com\/index.php?rest_route=%2Fwp%2Fv2%2Fcomments&post=2534"}],"version-history":[{"count":3,"href":"https:\/\/www.baumbiologie.com\/index.php?rest_route=\/wp\/v2\/pages\/2534\/revisions"}],"predecessor-version":[{"id":2560,"href":"https:\/\/www.baumbiologie.com\/index.php?rest_route=\/wp\/v2\/pages\/2534\/revisions\/2560"}],"wp:attachment":[{"href":"https:\/\/www.baumbiologie.com\/index.php?rest_route=%2Fwp%2Fv2%2Fmedia&parent=2534"}],"curies":[{"name":"wp","href":"https:\/\/api.w.org\/{rel}","templated":true}]}}