{"id":24,"date":"2020-06-20T21:15:38","date_gmt":"2020-06-20T21:15:38","guid":{"rendered":"http:\/\/www.baumbiologie.com\/?page_id=24"},"modified":"2023-10-20T11:38:14","modified_gmt":"2023-10-20T11:38:14","slug":"datenschutz","status":"publish","type":"page","link":"https:\/\/www.baumbiologie.com\/?page_id=24","title":{"rendered":"Datenschutz"},"content":{"rendered":"\n<p><strong>Schutz von pers\u00f6nlichen Daten<\/strong><\/p>\n\n\n\n<p>Die Nutzung dieses Internetauftritts ist jederzeit ohne die Angabe von personenbezogenen Daten m\u00f6glich. Solche, dem Sachverst\u00e4ndigenb\u00fcro f\u00fcr Baumbiologie jedoch stets freiwillig \u00fcbermittelten Angaben (beispielsweise in Form von Namen, Anschriften, E-Mail-Adressen o. \u00e4.) werden nicht ohne Einwilligung der betreffenden Person oder Personen weitergegeben.<\/p>\n\n\n\n<p>Die Verarbeitung personenbezogener Angaben, also solche, die einer nat\u00fcrlichen Person eindeutig zugeordnet werden k\u00f6nnen, erfolgt beim<\/p>\n\n\n\n<p class=\"has-text-align-left\">     Sachverst\u00e4ndigenb\u00fcro f\u00fcr Baumbiologie<\/p>\n\n\n\n<div class=\"wp-block-group\"><div class=\"wp-block-group__inner-container is-layout-flow wp-block-group-is-layout-flow\">\n<p>     Gartenstra\u00dfe 19 | 65385 R\u00fcdesheim am Rhein<\/p>\n\n\n\n<p>     Tel.: +49 6726 \/ 839 301 5<\/p>\n\n\n\n<p>     E-Mail: info@baumbiologie.com<\/p>\n\n\n\n<p>     URL: www.baumbiologie.com<\/p>\n<\/div><\/div>\n\n\n\n<p>stets nach den Bestimmungen des deutschen Datenschutzrechts (dessen rechtlichen Grundlagen das Bundesdatenschutz- und das Telemediengesetz bilden) sowie der vorliegenden Datenschutzerkl\u00e4rung.<\/p>\n\n\n\n<p>Da die elektronische \u00dcbertragung von Daten im Internet jedoch Sicherheitsl\u00fccken aufweist, die zum Auslesen von \u00fcbermittelten Daten genutzt werden k\u00f6nnen, ist darauf hinzuweisen, dass ein absoluter Schutz der Daten vor einem Zugriff durch Dritte trotz aller getroffenen Sicherheitsma\u00dfnahmen ausgeschlossen ist.<\/p>\n\n\n\n<p><strong>Cookies<\/strong><\/p>\n\n\n\n<p>Im Zuge des Besuchs des Internetauftritts des Sachverst\u00e4ndigenb\u00fcros f\u00fcr Baumbiologie werden auf dem Endger\u00e4t, von dem aus diese Seiten angesteuert werden, Textdateien abgelegt (&#8222;Cookies&#8220;). Dementsprechend hinterl\u00e4sst ein Besuch dieser Seiten Spuren, die bei einem widerholten Aufruf eine Erkennung des hierzu genutzten Browsers (Computerprogramm zur Darstellung von Internetseiten) sowie der IP-Adresse des Endger\u00e4tes (ger\u00e4tespezifische Adresse in Computernetzen) erm\u00f6glichen.<\/p>\n\n\n\n<p>Manche dieser Cookies werden automatisch nach dem Besuch des angesteuerten Internetauftritts gel\u00f6scht (&#8222;Session-Cookies&#8220;) und andere Cookies bleiben auf dem Endger\u00e4t gespeichert, bis sie beispielsweise durch die besuchende Person gel\u00f6scht werden.<\/p>\n\n\n\n<p>Das Verhalten im Umgang mit diesen Textdateien kann \u00fcber die Einstellm\u00f6glichkeiten des genutzten Browsers modifiziert werden. Dabei ist auch ein Abstellen der Annahme von Cookies m\u00f6glich, was die Funktionalit\u00e4t des angesteuerten Internetauftritts jedoch beeintr\u00e4chtigen kann. Personen, die diese Seiten besuchen, haben damit grunds\u00e4tzlich eine M\u00f6glichkeit, Einfluss auf die Erhebung von Daten zu nehmen, die R\u00fcckschl\u00fcsse auf Sie zulassen.<\/p>\n\n\n\n<p>Zur Verwaltung der eingesetzten Cookies und \u00e4hnlichen Technologien (Tracking-Pixel, Web-Beacons etc.) und diesbez\u00fcglicher Einwilligungen setzt das Sachverst\u00e4ndigenb\u00fcro f\u00fcr Baumbiologie das Consent Tool &#8222;Real Cookie Banner&#8220; ein. Details zur Funktionsweise von &#8222;Real Cookie Banner&#8220; finden Sie unter https:\/\/devowl.io\/de\/rcb\/datenverarbeitung.<\/p>\n\n\n\n<p>Rechtsgrundlagen f\u00fcr die Verarbeitung von personenbezogenen Daten in diesem Zusammenhang sind Art. 6 Abs. 1 lit. c DS-GVO und Art. 6 Abs. 1 lit. f DS-GVO. Unser berechtigtes Interesse ist die Verwaltung der eingesetzten Cookies und \u00e4hnlichen Technologien und der diesbez\u00fcglichen Einwilligungen.<\/p>\n\n\n\n<p>Die Bereitstellung der personenbezogenen Daten ist weder vertraglich vorgeschrieben noch f\u00fcr den Abschluss eines Vertrages notwendig. Sie sind nicht verpflichtet, die personenbezogenen Daten bereitzustellen. Wenn Sie die personenbezogenen Daten nicht bereitstellen, k\u00f6nnen die Einwilligungen nicht verwaltet werden.<\/p>\n\n\n\n<p><strong>Server-Protokolle<\/strong><\/p>\n\n\n\n<p>Der Internetauftritt des Sachverst\u00e4ndigenb\u00fcros f\u00fcr Baumbiologie wird durch Rechenleistung Dritter erm\u00f6glicht. Dazu werden die hier angebotenen Seiten auf eigens dazu angemieteten Rechnern untergebracht (Webhosting durch einen Provider). Der Provider erfasst seinerseits eigenst\u00e4ndig Daten, die von den Browsern derjenigen Personen automatisch an ihn \u00fcbermittelt werden, die diesen Internetaufrritt besuchen. Hierzu geh\u00f6ren:<\/p>\n\n\n\n<p>Der Browser-Typ und Version des Browsers, das verwendete Betriebssystem, die Webseite von der aus der Besuch erfolgt (Referrer URL), die Webseite die besucht wird, das Datum und die Uhrzeit der Anfrage an den Server (Besuchszeit) sowie die IP-Adresse des Endger\u00e4tes.<\/p>\n\n\n\n<p>Diese Daten sind anonymisiert und k\u00f6nnen keiner bestimmten Person zugewiesen werden. Ihre Aufbewahrung beim Provider erfolgt bis zu 30 Tagen. Beim Sachverst\u00e4ndigenb\u00fcro f\u00fcr Baumbiologie erfolgt keine Zusammenf\u00fchrung dieser Daten mit wom\u00f6glich, jedoch stets freiwillig, \u00fcbermittelten pers\u00f6nlichen Angaben (s. o.).<\/p>\n\n\n\n<p>Gleichwohl erlauben es die Server-Protokolle, auf die das Sachverst\u00e4ndigenb\u00fcro f\u00fcr Baumbiologie jedoch ebenso wenig Zugriff hat, wie die diesen Internetauftritt besuchende Personen, bei Hinweisen auf missbr\u00e4uchliche Nutzung oder illegalen Aktivit\u00e4ten zumindest den Kreis von hierf\u00fcr in Frage kommenden Personen einzuschr\u00e4nken.<\/p>\n\n\n\n<p><strong>Kontaktdaten<\/strong><\/p>\n\n\n\n<p>Nutzern dieses Internetauftritts steht die M\u00f6glichkeit zur Kontaktaufnahme \u00fcber ein eigens daf\u00fcr eingerichtetes Kontaktformular offen. Die hinterlegten Angaben werden ausschlie\u00dflich zur anschlie\u00dfenden Kontaktaufnahme durch das Sachverst\u00e4ndigenb\u00fcro f\u00fcr Baumbiologie genutzt, gespeichert und ohne Einwilligung nicht an Dritte weitergegeben (s. o.).<\/p>\n\n\n\n<p><strong>Dauer der Speicherung von Daten<\/strong><\/p>\n\n\n\n<p>Daten werden ausnahmsweise nur dann dauerhaft archiviert, wenn gesetzliche Bestimmungen dies zwingend vorsehen. In allen anderen F\u00e4llen erfolgt die Speicherung notwendigerweise mindestens f\u00fcr die Dauer der Bearbeitung einer Anfrage bzw. einer daraus folgenden Auftragsbearbeitung.<\/p>\n\n\n\n<p><strong>Verschl\u00fcsselte Verbindungen<\/strong><\/p>\n\n\n\n<p>Die Seiten dieses Internetauftritts werden zur Erh\u00f6hung der Sicherheit in Form verschl\u00fcsselter Verbindungen aufgerufen (SSL-Verschl\u00fcsselung). Die so \u00fcbertragungsgesch\u00fctzten Seiten sind in der Adresszeile des Browsers mit einem Schloss-Symbol gekennzeichnet.<\/p>\n\n\n\n<p><strong>Auskunft \/ L\u00f6schung \/ Widerruf<\/strong><\/p>\n\n\n\n<p>Ausk\u00fcnfte zur Erhebung, der Verarbeitung oder der Nutzung von personenbezogenen Daten sowie W\u00fcnsche zu deren Berichtigung, Sperrung, der L\u00f6schung oder des Widerrufs von Angaben, k\u00f6nnen jederzeit unentgeltlich \u00fcber die oben hinterlegte Anschrift erfolgen.<\/p>\n\n\n\n<p><strong>Zust\u00e4ndige Aufsichtsbeh\u00f6rde<\/strong><\/p>\n\n\n\n<p>Landesbeauftragte f\u00fcr Datenschutz und Informationsfreiheit Hessen \u01c0 Postfach 3163 \u01c0 65021 Wiesbaden<\/p>\n","protected":false},"excerpt":{"rendered":"<p>Schutz von pers\u00f6nlichen Daten Die Nutzung dieses Internetauftritts ist jederzeit ohne die Angabe von personenbezogenen Daten m\u00f6glich. Solche, dem Sachverst\u00e4ndigenb\u00fcro &hellip; <\/p>\n","protected":false},"author":1,"featured_media":0,"parent":0,"menu_order":0,"comment_status":"closed","ping_status":"closed","template":"","meta":{"_monsterinsights_skip_tracking":false,"_monsterinsights_sitenote_active":false,"_monsterinsights_sitenote_note":"","_monsterinsights_sitenote_category":0,"footnotes":""},"class_list":["post-24","page","type-page","status-publish","hentry"],"yoast_head":"<!-- This site is optimized with the Yoast SEO plugin v27.4 - https:\/\/yoast.com\/product\/yoast-seo-wordpress\/ -->\n<title>Datenschutz - Sachverst\u00e4ndigenb\u00fcro f\u00fcr Baumbiologie<\/title>\n<meta name=\"robots\" content=\"index, follow, max-snippet:-1, max-image-preview:large, max-video-preview:-1\" \/>\n<link rel=\"canonical\" href=\"https:\/\/www.baumbiologie.com\/?page_id=24\" \/>\n<meta property=\"og:locale\" content=\"de_DE\" \/>\n<meta property=\"og:type\" content=\"article\" \/>\n<meta property=\"og:title\" content=\"Datenschutz - Sachverst\u00e4ndigenb\u00fcro f\u00fcr Baumbiologie\" \/>\n<meta property=\"og:description\" content=\"Schutz von pers\u00f6nlichen Daten Die Nutzung dieses Internetauftritts ist jederzeit ohne die Angabe von personenbezogenen Daten m\u00f6glich. Solche, dem Sachverst\u00e4ndigenb\u00fcro &hellip;\" \/>\n<meta property=\"og:url\" content=\"https:\/\/www.baumbiologie.com\/?page_id=24\" \/>\n<meta property=\"og:site_name\" content=\"Sachverst\u00e4ndigenb\u00fcro f\u00fcr Baumbiologie\" \/>\n<meta property=\"article:modified_time\" content=\"2023-10-20T11:38:14+00:00\" \/>\n<meta name=\"twitter:card\" content=\"summary_large_image\" \/>\n<meta name=\"twitter:label1\" content=\"Gesch\u00e4tzte Lesezeit\" \/>\n\t<meta name=\"twitter:data1\" content=\"5\u00a0Minuten\" \/>\n<script type=\"application\/ld+json\" class=\"yoast-schema-graph\">{\"@context\":\"https:\\\/\\\/schema.org\",\"@graph\":[{\"@type\":\"WebPage\",\"@id\":\"https:\\\/\\\/www.baumbiologie.com\\\/?page_id=24\",\"url\":\"https:\\\/\\\/www.baumbiologie.com\\\/?page_id=24\",\"name\":\"Datenschutz - Sachverst\u00e4ndigenb\u00fcro f\u00fcr Baumbiologie\",\"isPartOf\":{\"@id\":\"https:\\\/\\\/www.baumbiologie.com\\\/#website\"},\"datePublished\":\"2020-06-20T21:15:38+00:00\",\"dateModified\":\"2023-10-20T11:38:14+00:00\",\"breadcrumb\":{\"@id\":\"https:\\\/\\\/www.baumbiologie.com\\\/?page_id=24#breadcrumb\"},\"inLanguage\":\"de\",\"potentialAction\":[{\"@type\":\"ReadAction\",\"target\":[\"https:\\\/\\\/www.baumbiologie.com\\\/?page_id=24\"]}]},{\"@type\":\"BreadcrumbList\",\"@id\":\"https:\\\/\\\/www.baumbiologie.com\\\/?page_id=24#breadcrumb\",\"itemListElement\":[{\"@type\":\"ListItem\",\"position\":1,\"name\":\"Startseite\",\"item\":\"https:\\\/\\\/www.baumbiologie.com\\\/\"},{\"@type\":\"ListItem\",\"position\":2,\"name\":\"Datenschutz\"}]},{\"@type\":\"WebSite\",\"@id\":\"https:\\\/\\\/www.baumbiologie.com\\\/#website\",\"url\":\"https:\\\/\\\/www.baumbiologie.com\\\/\",\"name\":\"Sachverst\u00e4ndigenb\u00fcro f\u00fcr Baumbiologie\",\"description\":\"Baumgutachten - Forschung - Seminare\",\"potentialAction\":[{\"@type\":\"SearchAction\",\"target\":{\"@type\":\"EntryPoint\",\"urlTemplate\":\"https:\\\/\\\/www.baumbiologie.com\\\/?s={search_term_string}\"},\"query-input\":{\"@type\":\"PropertyValueSpecification\",\"valueRequired\":true,\"valueName\":\"search_term_string\"}}],\"inLanguage\":\"de\"}]}<\/script>\n<!-- \/ Yoast SEO plugin. -->","yoast_head_json":{"title":"Datenschutz - Sachverst\u00e4ndigenb\u00fcro f\u00fcr Baumbiologie","robots":{"index":"index","follow":"follow","max-snippet":"max-snippet:-1","max-image-preview":"max-image-preview:large","max-video-preview":"max-video-preview:-1"},"canonical":"https:\/\/www.baumbiologie.com\/?page_id=24","og_locale":"de_DE","og_type":"article","og_title":"Datenschutz - Sachverst\u00e4ndigenb\u00fcro f\u00fcr Baumbiologie","og_description":"Schutz von pers\u00f6nlichen Daten Die Nutzung dieses Internetauftritts ist jederzeit ohne die Angabe von personenbezogenen Daten m\u00f6glich. Solche, dem Sachverst\u00e4ndigenb\u00fcro &hellip;","og_url":"https:\/\/www.baumbiologie.com\/?page_id=24","og_site_name":"Sachverst\u00e4ndigenb\u00fcro f\u00fcr Baumbiologie","article_modified_time":"2023-10-20T11:38:14+00:00","twitter_card":"summary_large_image","twitter_misc":{"Gesch\u00e4tzte Lesezeit":"5\u00a0Minuten"},"schema":{"@context":"https:\/\/schema.org","@graph":[{"@type":"WebPage","@id":"https:\/\/www.baumbiologie.com\/?page_id=24","url":"https:\/\/www.baumbiologie.com\/?page_id=24","name":"Datenschutz - Sachverst\u00e4ndigenb\u00fcro f\u00fcr Baumbiologie","isPartOf":{"@id":"https:\/\/www.baumbiologie.com\/#website"},"datePublished":"2020-06-20T21:15:38+00:00","dateModified":"2023-10-20T11:38:14+00:00","breadcrumb":{"@id":"https:\/\/www.baumbiologie.com\/?page_id=24#breadcrumb"},"inLanguage":"de","potentialAction":[{"@type":"ReadAction","target":["https:\/\/www.baumbiologie.com\/?page_id=24"]}]},{"@type":"BreadcrumbList","@id":"https:\/\/www.baumbiologie.com\/?page_id=24#breadcrumb","itemListElement":[{"@type":"ListItem","position":1,"name":"Startseite","item":"https:\/\/www.baumbiologie.com\/"},{"@type":"ListItem","position":2,"name":"Datenschutz"}]},{"@type":"WebSite","@id":"https:\/\/www.baumbiologie.com\/#website","url":"https:\/\/www.baumbiologie.com\/","name":"Sachverst\u00e4ndigenb\u00fcro f\u00fcr Baumbiologie","description":"Baumgutachten - Forschung - Seminare","potentialAction":[{"@type":"SearchAction","target":{"@type":"EntryPoint","urlTemplate":"https:\/\/www.baumbiologie.com\/?s={search_term_string}"},"query-input":{"@type":"PropertyValueSpecification","valueRequired":true,"valueName":"search_term_string"}}],"inLanguage":"de"}]}},"_links":{"self":[{"href":"https:\/\/www.baumbiologie.com\/index.php?rest_route=\/wp\/v2\/pages\/24","targetHints":{"allow":["GET"]}}],"collection":[{"href":"https:\/\/www.baumbiologie.com\/index.php?rest_route=\/wp\/v2\/pages"}],"about":[{"href":"https:\/\/www.baumbiologie.com\/index.php?rest_route=\/wp\/v2\/types\/page"}],"author":[{"embeddable":true,"href":"https:\/\/www.baumbiologie.com\/index.php?rest_route=\/wp\/v2\/users\/1"}],"replies":[{"embeddable":true,"href":"https:\/\/www.baumbiologie.com\/index.php?rest_route=%2Fwp%2Fv2%2Fcomments&post=24"}],"version-history":[{"count":5,"href":"https:\/\/www.baumbiologie.com\/index.php?rest_route=\/wp\/v2\/pages\/24\/revisions"}],"predecessor-version":[{"id":2959,"href":"https:\/\/www.baumbiologie.com\/index.php?rest_route=\/wp\/v2\/pages\/24\/revisions\/2959"}],"wp:attachment":[{"href":"https:\/\/www.baumbiologie.com\/index.php?rest_route=%2Fwp%2Fv2%2Fmedia&parent=24"}],"curies":[{"name":"wp","href":"https:\/\/api.w.org\/{rel}","templated":true}]}}