{"id":2097,"date":"2021-04-22T08:00:04","date_gmt":"2021-04-22T08:00:04","guid":{"rendered":"https:\/\/www.baumbiologie.com\/?page_id=2097"},"modified":"2022-07-07T11:59:43","modified_gmt":"2022-07-07T11:59:43","slug":"endoskopie","status":"publish","type":"page","link":"https:\/\/www.baumbiologie.com\/?page_id=2097","title":{"rendered":"Endoskopie"},"content":{"rendered":"\n<p>Baumh\u00f6hlen sind oft Fortpflanzungs- oder Ruhest\u00e4tten von besonders oder streng gesch\u00fctzten Arten nach \u00a7\u00a7 44 BNatSchG. Wenn Baumpflegema\u00dfnahmen an solchen B\u00e4umen geplant sind, m\u00fcssen diese Baumh\u00f6hlen vorher untersucht werden. Auch vor Bauma\u00dfnahmen, von denen H\u00f6hlenb\u00e4ume betroffen sind, sind H\u00f6hlenuntersuchungen notwendig. Mit Hilfe eine einer Endoskopkamera k\u00f6nnen Innenaufnahmen von Baumh\u00f6hlen gemacht werden. Durch den Einsatz von <a href=\"https:\/\/www.baumbiologie.com\/?page_id=45\">Seilklettertechnik<\/a> ist dies auch hoch oben am Stamm oder in der Krone m\u00f6glich. Aufgrund von direktem Nachweis der Tiere oder deren Spuren k\u00f6nnen gesch\u00fctzte Arten nachgewiesen werden.<\/p>\n","protected":false},"excerpt":{"rendered":"<p>Baumh\u00f6hlen sind oft Fortpflanzungs- oder Ruhest\u00e4tten von besonders oder streng gesch\u00fctzten Arten nach \u00a7\u00a7 44 BNatSchG. Wenn Baumpflegema\u00dfnahmen an solchen &hellip; <\/p>\n","protected":false},"author":1,"featured_media":0,"parent":0,"menu_order":0,"comment_status":"closed","ping_status":"closed","template":"","meta":{"_monsterinsights_skip_tracking":false,"_monsterinsights_sitenote_active":false,"_monsterinsights_sitenote_note":"","_monsterinsights_sitenote_category":0,"footnotes":""},"class_list":["post-2097","page","type-page","status-publish","hentry"],"yoast_head":"<!-- This site is optimized with the Yoast SEO plugin v27.6 - https:\/\/yoast.com\/product\/yoast-seo-wordpress\/ -->\n<title>Endoskopie - Sachverst\u00e4ndigenb\u00fcro f\u00fcr Baumbiologie<\/title>\n<meta name=\"robots\" content=\"index, follow, max-snippet:-1, max-image-preview:large, max-video-preview:-1\" \/>\n<link rel=\"canonical\" href=\"https:\/\/www.baumbiologie.com\/?page_id=2097\" \/>\n<meta property=\"og:locale\" content=\"de_DE\" \/>\n<meta property=\"og:type\" content=\"article\" \/>\n<meta property=\"og:title\" content=\"Endoskopie - Sachverst\u00e4ndigenb\u00fcro f\u00fcr Baumbiologie\" \/>\n<meta property=\"og:description\" content=\"Baumh\u00f6hlen sind oft Fortpflanzungs- oder Ruhest\u00e4tten von besonders oder streng gesch\u00fctzten Arten nach \u00a7\u00a7 44 BNatSchG. Wenn Baumpflegema\u00dfnahmen an solchen &hellip;\" \/>\n<meta property=\"og:url\" content=\"https:\/\/www.baumbiologie.com\/?page_id=2097\" \/>\n<meta property=\"og:site_name\" content=\"Sachverst\u00e4ndigenb\u00fcro f\u00fcr Baumbiologie\" \/>\n<meta property=\"article:modified_time\" content=\"2022-07-07T11:59:43+00:00\" \/>\n<meta name=\"twitter:card\" content=\"summary_large_image\" \/>\n<meta name=\"twitter:label1\" content=\"Gesch\u00e4tzte Lesezeit\" \/>\n\t<meta name=\"twitter:data1\" content=\"1\u00a0Minute\" \/>\n<script type=\"application\/ld+json\" class=\"yoast-schema-graph\">{\"@context\":\"https:\\\/\\\/schema.org\",\"@graph\":[{\"@type\":\"WebPage\",\"@id\":\"https:\\\/\\\/www.baumbiologie.com\\\/?page_id=2097\",\"url\":\"https:\\\/\\\/www.baumbiologie.com\\\/?page_id=2097\",\"name\":\"Endoskopie - Sachverst\u00e4ndigenb\u00fcro f\u00fcr Baumbiologie\",\"isPartOf\":{\"@id\":\"https:\\\/\\\/www.baumbiologie.com\\\/#website\"},\"datePublished\":\"2021-04-22T08:00:04+00:00\",\"dateModified\":\"2022-07-07T11:59:43+00:00\",\"breadcrumb\":{\"@id\":\"https:\\\/\\\/www.baumbiologie.com\\\/?page_id=2097#breadcrumb\"},\"inLanguage\":\"de\",\"potentialAction\":[{\"@type\":\"ReadAction\",\"target\":[\"https:\\\/\\\/www.baumbiologie.com\\\/?page_id=2097\"]}]},{\"@type\":\"BreadcrumbList\",\"@id\":\"https:\\\/\\\/www.baumbiologie.com\\\/?page_id=2097#breadcrumb\",\"itemListElement\":[{\"@type\":\"ListItem\",\"position\":1,\"name\":\"Startseite\",\"item\":\"https:\\\/\\\/www.baumbiologie.com\\\/\"},{\"@type\":\"ListItem\",\"position\":2,\"name\":\"Endoskopie\"}]},{\"@type\":\"WebSite\",\"@id\":\"https:\\\/\\\/www.baumbiologie.com\\\/#website\",\"url\":\"https:\\\/\\\/www.baumbiologie.com\\\/\",\"name\":\"Sachverst\u00e4ndigenb\u00fcro f\u00fcr Baumbiologie\",\"description\":\"Baumgutachten - Forschung - Seminare\",\"potentialAction\":[{\"@type\":\"SearchAction\",\"target\":{\"@type\":\"EntryPoint\",\"urlTemplate\":\"https:\\\/\\\/www.baumbiologie.com\\\/?s={search_term_string}\"},\"query-input\":{\"@type\":\"PropertyValueSpecification\",\"valueRequired\":true,\"valueName\":\"search_term_string\"}}],\"inLanguage\":\"de\"}]}<\/script>\n<!-- \/ Yoast SEO plugin. -->","yoast_head_json":{"title":"Endoskopie - Sachverst\u00e4ndigenb\u00fcro f\u00fcr Baumbiologie","robots":{"index":"index","follow":"follow","max-snippet":"max-snippet:-1","max-image-preview":"max-image-preview:large","max-video-preview":"max-video-preview:-1"},"canonical":"https:\/\/www.baumbiologie.com\/?page_id=2097","og_locale":"de_DE","og_type":"article","og_title":"Endoskopie - Sachverst\u00e4ndigenb\u00fcro f\u00fcr Baumbiologie","og_description":"Baumh\u00f6hlen sind oft Fortpflanzungs- oder Ruhest\u00e4tten von besonders oder streng gesch\u00fctzten Arten nach \u00a7\u00a7 44 BNatSchG. Wenn Baumpflegema\u00dfnahmen an solchen &hellip;","og_url":"https:\/\/www.baumbiologie.com\/?page_id=2097","og_site_name":"Sachverst\u00e4ndigenb\u00fcro f\u00fcr Baumbiologie","article_modified_time":"2022-07-07T11:59:43+00:00","twitter_card":"summary_large_image","twitter_misc":{"Gesch\u00e4tzte Lesezeit":"1\u00a0Minute"},"schema":{"@context":"https:\/\/schema.org","@graph":[{"@type":"WebPage","@id":"https:\/\/www.baumbiologie.com\/?page_id=2097","url":"https:\/\/www.baumbiologie.com\/?page_id=2097","name":"Endoskopie - Sachverst\u00e4ndigenb\u00fcro f\u00fcr Baumbiologie","isPartOf":{"@id":"https:\/\/www.baumbiologie.com\/#website"},"datePublished":"2021-04-22T08:00:04+00:00","dateModified":"2022-07-07T11:59:43+00:00","breadcrumb":{"@id":"https:\/\/www.baumbiologie.com\/?page_id=2097#breadcrumb"},"inLanguage":"de","potentialAction":[{"@type":"ReadAction","target":["https:\/\/www.baumbiologie.com\/?page_id=2097"]}]},{"@type":"BreadcrumbList","@id":"https:\/\/www.baumbiologie.com\/?page_id=2097#breadcrumb","itemListElement":[{"@type":"ListItem","position":1,"name":"Startseite","item":"https:\/\/www.baumbiologie.com\/"},{"@type":"ListItem","position":2,"name":"Endoskopie"}]},{"@type":"WebSite","@id":"https:\/\/www.baumbiologie.com\/#website","url":"https:\/\/www.baumbiologie.com\/","name":"Sachverst\u00e4ndigenb\u00fcro f\u00fcr Baumbiologie","description":"Baumgutachten - Forschung - Seminare","potentialAction":[{"@type":"SearchAction","target":{"@type":"EntryPoint","urlTemplate":"https:\/\/www.baumbiologie.com\/?s={search_term_string}"},"query-input":{"@type":"PropertyValueSpecification","valueRequired":true,"valueName":"search_term_string"}}],"inLanguage":"de"}]}},"_links":{"self":[{"href":"https:\/\/www.baumbiologie.com\/index.php?rest_route=\/wp\/v2\/pages\/2097","targetHints":{"allow":["GET"]}}],"collection":[{"href":"https:\/\/www.baumbiologie.com\/index.php?rest_route=\/wp\/v2\/pages"}],"about":[{"href":"https:\/\/www.baumbiologie.com\/index.php?rest_route=\/wp\/v2\/types\/page"}],"author":[{"embeddable":true,"href":"https:\/\/www.baumbiologie.com\/index.php?rest_route=\/wp\/v2\/users\/1"}],"replies":[{"embeddable":true,"href":"https:\/\/www.baumbiologie.com\/index.php?rest_route=%2Fwp%2Fv2%2Fcomments&post=2097"}],"version-history":[{"count":2,"href":"https:\/\/www.baumbiologie.com\/index.php?rest_route=\/wp\/v2\/pages\/2097\/revisions"}],"predecessor-version":[{"id":2325,"href":"https:\/\/www.baumbiologie.com\/index.php?rest_route=\/wp\/v2\/pages\/2097\/revisions\/2325"}],"wp:attachment":[{"href":"https:\/\/www.baumbiologie.com\/index.php?rest_route=%2Fwp%2Fv2%2Fmedia&parent=2097"}],"curies":[{"name":"wp","href":"https:\/\/api.w.org\/{rel}","templated":true}]}}