{"id":20,"date":"2020-06-20T21:14:36","date_gmt":"2020-06-20T21:14:36","guid":{"rendered":"http:\/\/www.baumbiologie.com\/?page_id=20"},"modified":"2025-08-27T11:04:45","modified_gmt":"2025-08-27T11:04:45","slug":"impressum","status":"publish","type":"page","link":"https:\/\/www.baumbiologie.com\/?page_id=20","title":{"rendered":"Impressum"},"content":{"rendered":"\n<p><strong>Sachverst\u00e4ndigenb\u00fcro f\u00fcr Baumbiologie<\/strong><\/p>\n\n\n\n<p>Dr. Martin Leberecht<\/p>\n\n\n\n<p>Gartenstra\u00dfe 19 | 65385 R\u00fcdesheim am Rhein<\/p>\n\n\n\n<p>Tel.: +49 6726 \/ 839 301 5<\/p>\n\n\n\n<p>E-Mail: info@baumbiologie.com<\/p>\n\n\n\n<p>URL: www.baumbiologie.com<\/p>\n\n\n\n<p>Steuernummer 037 841 00660<\/p>\n\n\n\n<p>\u00d6ffentlich bestellte und vereidigte Sachverst\u00e4ndige sind nach \u00a7 36 GewO t\u00e4tig. Dr. Martin Leberecht wurde durch das Regierungspr\u00e4sidium Kassel f\u00fcr das Sachgebiet 2.4.4 (Baumpflege, Verkehrssicherheit von B\u00e4umen und Baumwertermittlung) \u00f6ffentlich bestellt und vereidigt. Er unterliegt der <a href=\"https:\/\/www.rv.hessenrecht.hessen.de\/bshe\/document\/jlr-LwSachvVHE2021rahmen\">Verordnung \u00fcber die \u00f6ffentliche Bestellung von Sachverst\u00e4ndigen auf dem Gebiet der Land- und Forstwirtschaft, des Garten- und Weinbaus sowie der Fischerei<\/a> vom 28.11.2021.<\/p>\n\n\n\n<p><strong>Verantwortlich im Sinne des Medienrechts (gem\u00e4\u00df \u00a75 TMG und \u00a755 RStV):<\/strong><\/p>\n\n\n\n<p>Dr. Martin Leberecht (Anschrift s. oben)<\/p>\n\n\n\n<p><strong>Haftung f\u00fcr Inhalte<\/strong><\/p>\n\n\n\n<p>Trotz der Bem\u00fchung stets qualitativ hochwertige und neueste Informationen zur Verf\u00fcgung zu stellen, wird insbesondere f\u00fcr deren Aktualit\u00e4t und Vollst\u00e4ndigkeit keine Gew\u00e4hr \u00fcbernommen. Haftungsanspr\u00fcche gegen\u00fcber dem Autor, welche durch die Nutzung oder Nichtnutzung der dargebotenen Informationen bzw. durch die Nutzung fehlerhafter und unvollst\u00e4ndiger Informationen verursacht wurden, sind grunds\u00e4tzlich ausgeschlossen. Dies gilt auch unabh\u00e4ngig davon, ob diese sich auf Sch\u00e4den materieller oder ideeller Art beziehen. Der Autor beh\u00e4lt es sich ausdr\u00fccklich vor, Teile der Seiten oder das gesamte Angebot ohne gesonderte Ank\u00fcndigung zu ver\u00e4ndern, zu erg\u00e4nzen, zu l\u00f6schen oder die Ver\u00f6ffentlichung zeitweise oder endg\u00fcltig einzustellen.<\/p>\n\n\n\n<p><strong>Haftung f\u00fcr Links<\/strong><\/p>\n\n\n\n<p>Dieser Internetauftritt enth\u00e4lt sowohl direkte als auch indirekte Verweise zu externen Webseiten Dritter. Diese Webseiten unterliegen der Haftung der jeweiligen Betreiber und liegen au\u00dferhalb des Verantwortungsbereiches des Autors. Trotz der inhaltlichen Kontrolle der verlinkten Quellen \u00fcbernimmt der Autor keine Haftung f\u00fcr deren Inhalt und hat dar\u00fcber hinaus keinen Einfluss auf die aktuelle und zuk\u00fcnftige Gestaltung sowie auf die Inhalte der verkn\u00fcpften Seiten. F\u00fcr dar\u00fcber hinausgehende Inhalte und insbesondere f\u00fcr Sch\u00e4den, die aus der Nutzung oder Nichtnutzung solcherart dargebotener Informationen entstehen, haftet allein der Anbieter der verkn\u00fcpften Seiten, nicht derjenige, der \u00fcber Links lediglich auf diese verweist.<\/p>\n\n\n\n<p><strong>Urheberrecht<\/strong><\/p>\n\n\n\n<p>Die Inhalte dieses Internetauftritts sind urheberrechtlich gesch\u00fctzt. Dies betrifft sowohl die hier ver\u00f6ffentlichten Texte als auch die dargestellten Abbildungen. Jede vom deutschen Urheberrecht nicht zugelassene Verwertung bedarf der vorherigen schriftlichen Zustimmung des Autors bzw. Urhebers. Dies gilt insbesondere f\u00fcr die Vervielf\u00e4ltigung, Bearbeitung, \u00dcbersetzung, Einspeicherung, Verarbeitung und\/oder Wiedergabe von Inhalten in Datenbanken oder anderen elektronischen Medien und Systemen. Die unerlaubte Vervielf\u00e4ltigung oder Weitergabe einzelner Inhalte oder kompletter Seiten ist nicht gestattet und strafbar. Die Darstellung dieser Webseite in fremden Frames ist ebenfalls nur mit Erlaubnis zul\u00e4ssig.<\/p>\n\n\n\n<p>Alle verwendeten Abbildungen stammen vom Autor. Der Autor ist bestrebt, in allen Publikationen die Urheberrechte der verwendeten Grafiken und Texte zu beachten, von ihm selbst erstellte Grafiken und Texte zu nutzen oder auf lizenzfreie Grafiken und Texte zur\u00fcckzugreifen. Sollten sich auf den jeweiligen Seiten dieses Internetauftritts wider Erwarten dennoch ungekennzeichnete, aber durch fremdes Copyright gesch\u00fctzte Grafiken oder Texte befinden, so konnte das Copyright vom Autor nicht festgestellt werden. Im Falle einer solchen unbeabsichtigten Copyrightverletzung wird der Autor das entsprechende Objekt nach Benachrichtigung aus seiner Publikation entfernen bzw. mit dementsprechenden Copyright kenntlich machen.<\/p>\n\n\n\n<p><strong>Rechtswirksamkeit<\/strong><\/p>\n\n\n\n<p>Dieser Haftungsausschluss ist als Teil des Internetangebotes zu betrachten, von dem aus auf diese Seite verwiesen wurde. Sofern Teile oder einzelne Formulierungen dieses Textes der geltenden Rechtslage nicht, nicht mehr oder nicht vollst\u00e4ndig entsprechen sollten, bleiben die \u00fcbrigen Teile des Dokumentes in ihrem Inhalt und ihrer G\u00fcltigkeit davon unber\u00fchrt.<\/p>\n","protected":false},"excerpt":{"rendered":"<p>Sachverst\u00e4ndigenb\u00fcro f\u00fcr Baumbiologie Dr. Martin Leberecht Gartenstra\u00dfe 19 | 65385 R\u00fcdesheim am Rhein Tel.: +49 6726 \/ 839 301 5 &hellip; <\/p>\n","protected":false},"author":1,"featured_media":0,"parent":0,"menu_order":0,"comment_status":"closed","ping_status":"closed","template":"","meta":{"_monsterinsights_skip_tracking":false,"_monsterinsights_sitenote_active":false,"_monsterinsights_sitenote_note":"","_monsterinsights_sitenote_category":0,"footnotes":""},"class_list":["post-20","page","type-page","status-publish","hentry"],"yoast_head":"<!-- This site is optimized with the Yoast SEO plugin v27.5 - https:\/\/yoast.com\/product\/yoast-seo-wordpress\/ -->\n<title>Impressum - Sachverst\u00e4ndigenb\u00fcro f\u00fcr Baumbiologie<\/title>\n<meta name=\"description\" content=\"Dr. Martin Leberecht Sachverst\u00e4ndigenb\u00fcro f\u00fcr Baumbiologie Gartenstra\u00dfe 19 65385 R\u00fcdesheim am Rhein\" \/>\n<meta name=\"robots\" content=\"index, follow, max-snippet:-1, max-image-preview:large, max-video-preview:-1\" \/>\n<link rel=\"canonical\" href=\"https:\/\/www.baumbiologie.com\/?page_id=20\" \/>\n<meta property=\"og:locale\" content=\"de_DE\" \/>\n<meta property=\"og:type\" content=\"article\" \/>\n<meta property=\"og:title\" content=\"Impressum - Sachverst\u00e4ndigenb\u00fcro f\u00fcr Baumbiologie\" \/>\n<meta property=\"og:description\" content=\"Dr. Martin Leberecht Sachverst\u00e4ndigenb\u00fcro f\u00fcr Baumbiologie Gartenstra\u00dfe 19 65385 R\u00fcdesheim am Rhein\" \/>\n<meta property=\"og:url\" content=\"https:\/\/www.baumbiologie.com\/?page_id=20\" \/>\n<meta property=\"og:site_name\" content=\"Sachverst\u00e4ndigenb\u00fcro f\u00fcr Baumbiologie\" \/>\n<meta property=\"article:modified_time\" content=\"2025-08-27T11:04:45+00:00\" \/>\n<meta name=\"twitter:card\" content=\"summary_large_image\" \/>\n<meta name=\"twitter:label1\" content=\"Gesch\u00e4tzte Lesezeit\" \/>\n\t<meta name=\"twitter:data1\" content=\"3\u00a0Minuten\" \/>\n<script type=\"application\/ld+json\" class=\"yoast-schema-graph\">{\"@context\":\"https:\\\/\\\/schema.org\",\"@graph\":[{\"@type\":\"WebPage\",\"@id\":\"https:\\\/\\\/www.baumbiologie.com\\\/?page_id=20\",\"url\":\"https:\\\/\\\/www.baumbiologie.com\\\/?page_id=20\",\"name\":\"Impressum - Sachverst\u00e4ndigenb\u00fcro f\u00fcr Baumbiologie\",\"isPartOf\":{\"@id\":\"https:\\\/\\\/www.baumbiologie.com\\\/#website\"},\"datePublished\":\"2020-06-20T21:14:36+00:00\",\"dateModified\":\"2025-08-27T11:04:45+00:00\",\"description\":\"Dr. Martin Leberecht Sachverst\u00e4ndigenb\u00fcro f\u00fcr Baumbiologie Gartenstra\u00dfe 19 65385 R\u00fcdesheim am Rhein\",\"breadcrumb\":{\"@id\":\"https:\\\/\\\/www.baumbiologie.com\\\/?page_id=20#breadcrumb\"},\"inLanguage\":\"de\",\"potentialAction\":[{\"@type\":\"ReadAction\",\"target\":[\"https:\\\/\\\/www.baumbiologie.com\\\/?page_id=20\"]}]},{\"@type\":\"BreadcrumbList\",\"@id\":\"https:\\\/\\\/www.baumbiologie.com\\\/?page_id=20#breadcrumb\",\"itemListElement\":[{\"@type\":\"ListItem\",\"position\":1,\"name\":\"Startseite\",\"item\":\"https:\\\/\\\/www.baumbiologie.com\\\/\"},{\"@type\":\"ListItem\",\"position\":2,\"name\":\"Impressum\"}]},{\"@type\":\"WebSite\",\"@id\":\"https:\\\/\\\/www.baumbiologie.com\\\/#website\",\"url\":\"https:\\\/\\\/www.baumbiologie.com\\\/\",\"name\":\"Sachverst\u00e4ndigenb\u00fcro f\u00fcr Baumbiologie\",\"description\":\"Baumgutachten - Forschung - Seminare\",\"potentialAction\":[{\"@type\":\"SearchAction\",\"target\":{\"@type\":\"EntryPoint\",\"urlTemplate\":\"https:\\\/\\\/www.baumbiologie.com\\\/?s={search_term_string}\"},\"query-input\":{\"@type\":\"PropertyValueSpecification\",\"valueRequired\":true,\"valueName\":\"search_term_string\"}}],\"inLanguage\":\"de\"}]}<\/script>\n<!-- \/ Yoast SEO plugin. -->","yoast_head_json":{"title":"Impressum - Sachverst\u00e4ndigenb\u00fcro f\u00fcr Baumbiologie","description":"Dr. Martin Leberecht Sachverst\u00e4ndigenb\u00fcro f\u00fcr Baumbiologie Gartenstra\u00dfe 19 65385 R\u00fcdesheim am Rhein","robots":{"index":"index","follow":"follow","max-snippet":"max-snippet:-1","max-image-preview":"max-image-preview:large","max-video-preview":"max-video-preview:-1"},"canonical":"https:\/\/www.baumbiologie.com\/?page_id=20","og_locale":"de_DE","og_type":"article","og_title":"Impressum - Sachverst\u00e4ndigenb\u00fcro f\u00fcr Baumbiologie","og_description":"Dr. Martin Leberecht Sachverst\u00e4ndigenb\u00fcro f\u00fcr Baumbiologie Gartenstra\u00dfe 19 65385 R\u00fcdesheim am Rhein","og_url":"https:\/\/www.baumbiologie.com\/?page_id=20","og_site_name":"Sachverst\u00e4ndigenb\u00fcro f\u00fcr Baumbiologie","article_modified_time":"2025-08-27T11:04:45+00:00","twitter_card":"summary_large_image","twitter_misc":{"Gesch\u00e4tzte Lesezeit":"3\u00a0Minuten"},"schema":{"@context":"https:\/\/schema.org","@graph":[{"@type":"WebPage","@id":"https:\/\/www.baumbiologie.com\/?page_id=20","url":"https:\/\/www.baumbiologie.com\/?page_id=20","name":"Impressum - Sachverst\u00e4ndigenb\u00fcro f\u00fcr Baumbiologie","isPartOf":{"@id":"https:\/\/www.baumbiologie.com\/#website"},"datePublished":"2020-06-20T21:14:36+00:00","dateModified":"2025-08-27T11:04:45+00:00","description":"Dr. Martin Leberecht Sachverst\u00e4ndigenb\u00fcro f\u00fcr Baumbiologie Gartenstra\u00dfe 19 65385 R\u00fcdesheim am Rhein","breadcrumb":{"@id":"https:\/\/www.baumbiologie.com\/?page_id=20#breadcrumb"},"inLanguage":"de","potentialAction":[{"@type":"ReadAction","target":["https:\/\/www.baumbiologie.com\/?page_id=20"]}]},{"@type":"BreadcrumbList","@id":"https:\/\/www.baumbiologie.com\/?page_id=20#breadcrumb","itemListElement":[{"@type":"ListItem","position":1,"name":"Startseite","item":"https:\/\/www.baumbiologie.com\/"},{"@type":"ListItem","position":2,"name":"Impressum"}]},{"@type":"WebSite","@id":"https:\/\/www.baumbiologie.com\/#website","url":"https:\/\/www.baumbiologie.com\/","name":"Sachverst\u00e4ndigenb\u00fcro f\u00fcr Baumbiologie","description":"Baumgutachten - Forschung - Seminare","potentialAction":[{"@type":"SearchAction","target":{"@type":"EntryPoint","urlTemplate":"https:\/\/www.baumbiologie.com\/?s={search_term_string}"},"query-input":{"@type":"PropertyValueSpecification","valueRequired":true,"valueName":"search_term_string"}}],"inLanguage":"de"}]}},"_links":{"self":[{"href":"https:\/\/www.baumbiologie.com\/index.php?rest_route=\/wp\/v2\/pages\/20","targetHints":{"allow":["GET"]}}],"collection":[{"href":"https:\/\/www.baumbiologie.com\/index.php?rest_route=\/wp\/v2\/pages"}],"about":[{"href":"https:\/\/www.baumbiologie.com\/index.php?rest_route=\/wp\/v2\/types\/page"}],"author":[{"embeddable":true,"href":"https:\/\/www.baumbiologie.com\/index.php?rest_route=\/wp\/v2\/users\/1"}],"replies":[{"embeddable":true,"href":"https:\/\/www.baumbiologie.com\/index.php?rest_route=%2Fwp%2Fv2%2Fcomments&post=20"}],"version-history":[{"count":8,"href":"https:\/\/www.baumbiologie.com\/index.php?rest_route=\/wp\/v2\/pages\/20\/revisions"}],"predecessor-version":[{"id":3224,"href":"https:\/\/www.baumbiologie.com\/index.php?rest_route=\/wp\/v2\/pages\/20\/revisions\/3224"}],"wp:attachment":[{"href":"https:\/\/www.baumbiologie.com\/index.php?rest_route=%2Fwp%2Fv2%2Fmedia&parent=20"}],"curies":[{"name":"wp","href":"https:\/\/api.w.org\/{rel}","templated":true}]}}