{"id":1878,"date":"2021-01-08T14:33:25","date_gmt":"2021-01-08T14:33:25","guid":{"rendered":"https:\/\/www.baumbiologie.com\/?page_id=1878"},"modified":"2025-12-11T13:31:24","modified_gmt":"2025-12-11T13:31:24","slug":"baumbiologie-2","status":"publish","type":"page","link":"https:\/\/www.baumbiologie.com\/?page_id=1878","title":{"rendered":"Baumbiologie"},"content":{"rendered":"\n<p>Wie schaffen es B\u00e4ume, deutlich \u00fcber 100 m hoch zu werden und mehrere tausend Jahre alt zu werden? Wie passen Sie sich an die unterschiedlichsten Bedingungen an? Daf\u00fcr m\u00fcssen sehr komplexe anatomische und physiologische Voraussetzungen erf\u00fcllt werden. Manchmal gelingt dies auch nur mit Hilfe von anderen Organismen, z.B. durch Mykorrhizapilze.<\/p>\n\n\n\n<p>In diesem Kurs lernen Sie vertiefend, wie ein Baum funktioniert. Mit Ihrem neuen Wissen werden Sie die physiologischen Reaktionen von B\u00e4umen besser einsch\u00e4tzen und interpretieren k\u00f6nnen.<\/p>\n\n\n\n<p>Der Kurs eignet sich f\u00fcr ambitionierte Baumkontrolleure und Baumpfleger, die in die Gutachtert\u00e4tigkeit einsteigen wollen oder einfach mehr wissen wollen.<\/p>\n\n\n\n<p>Eine optimale Erg\u00e4nzung ist der Kurs \u201e<a href=\"https:\/\/www.baumbiologie.com\/?page_id=1874\">Holzanatomie<\/a>\u201c am Tag zuvor.<\/p>\n\n\n\n<h2 class=\"wp-block-heading\">Kursinhalte<\/h2>\n\n\n\n<ul class=\"wp-block-list\">\n<li>Mykorrhiza und Wurzeln<\/li>\n\n\n\n<li>Kronenarchitektur<\/li>\n\n\n\n<li>Blattfunktionen<\/li>\n\n\n\n<li>Langstreckentransport von Wasser, N\u00e4hrstoffen und Assimilaten<\/li>\n\n\n\n<li>Stressphysiologie<\/li>\n\n\n\n<li>Baummonitoring<\/li>\n\n\n\n<li>\u00dcbungen<\/li>\n<\/ul>\n\n\n\n<h2 class=\"wp-block-heading\"><strong>Teilnahmevoraussetzungen<\/strong><\/h2>\n\n\n\n<ul class=\"wp-block-list\">\n<li>Grundkenntnisse der Baumbiologie<\/li>\n<\/ul>\n\n\n\n<h2 class=\"wp-block-heading\"><strong>Termine&nbsp;und Buchung<\/strong><\/h2>\n\n\n\n<p>Zur Zeit werden aufgrund der hohen Auslastung durch die gutachterlichen T\u00e4tigkeiten keine Termine angeboten.<\/p>\n\n\n\n<p>Im Preis sind Seminarunterlagen und Tagungsgetr\u00e4nke enthalten. <\/p>\n","protected":false},"excerpt":{"rendered":"<p>Wie schaffen es B\u00e4ume, deutlich \u00fcber 100 m hoch zu werden und mehrere tausend Jahre alt zu werden? Wie passen &hellip; <\/p>\n","protected":false},"author":1,"featured_media":0,"parent":0,"menu_order":0,"comment_status":"closed","ping_status":"closed","template":"","meta":{"_monsterinsights_skip_tracking":false,"_monsterinsights_sitenote_active":false,"_monsterinsights_sitenote_note":"","_monsterinsights_sitenote_category":0,"footnotes":""},"class_list":["post-1878","page","type-page","status-publish","hentry"],"yoast_head":"<!-- This site is optimized with the Yoast SEO plugin v27.5 - https:\/\/yoast.com\/product\/yoast-seo-wordpress\/ -->\n<title>Baumbiologie - Sachverst\u00e4ndigenb\u00fcro f\u00fcr Baumbiologie<\/title>\n<meta name=\"description\" content=\"Baumkontrolleur-Ausbildung im Rhein-Main-Gebiet f\u00fcr Frankfurt, Wiesbaden, Mainz, Rheingau, Taunus\" \/>\n<meta name=\"robots\" content=\"index, follow, max-snippet:-1, max-image-preview:large, max-video-preview:-1\" \/>\n<link rel=\"canonical\" href=\"https:\/\/www.baumbiologie.com\/?page_id=1878\" \/>\n<meta property=\"og:locale\" content=\"de_DE\" \/>\n<meta property=\"og:type\" content=\"article\" \/>\n<meta property=\"og:title\" content=\"Baumbiologie - Sachverst\u00e4ndigenb\u00fcro f\u00fcr Baumbiologie\" \/>\n<meta property=\"og:description\" content=\"Baumkontrolleur-Ausbildung im Rhein-Main-Gebiet f\u00fcr Frankfurt, Wiesbaden, Mainz, Rheingau, Taunus\" \/>\n<meta property=\"og:url\" content=\"https:\/\/www.baumbiologie.com\/?page_id=1878\" \/>\n<meta property=\"og:site_name\" content=\"Sachverst\u00e4ndigenb\u00fcro f\u00fcr Baumbiologie\" \/>\n<meta property=\"article:modified_time\" content=\"2025-12-11T13:31:24+00:00\" \/>\n<meta name=\"twitter:card\" content=\"summary_large_image\" \/>\n<meta name=\"twitter:label1\" content=\"Gesch\u00e4tzte Lesezeit\" \/>\n\t<meta name=\"twitter:data1\" content=\"1\u00a0Minute\" \/>\n<script type=\"application\/ld+json\" class=\"yoast-schema-graph\">{\"@context\":\"https:\\\/\\\/schema.org\",\"@graph\":[{\"@type\":\"WebPage\",\"@id\":\"https:\\\/\\\/www.baumbiologie.com\\\/?page_id=1878\",\"url\":\"https:\\\/\\\/www.baumbiologie.com\\\/?page_id=1878\",\"name\":\"Baumbiologie - Sachverst\u00e4ndigenb\u00fcro f\u00fcr Baumbiologie\",\"isPartOf\":{\"@id\":\"https:\\\/\\\/www.baumbiologie.com\\\/#website\"},\"datePublished\":\"2021-01-08T14:33:25+00:00\",\"dateModified\":\"2025-12-11T13:31:24+00:00\",\"description\":\"Baumkontrolleur-Ausbildung im Rhein-Main-Gebiet f\u00fcr Frankfurt, Wiesbaden, Mainz, Rheingau, Taunus\",\"breadcrumb\":{\"@id\":\"https:\\\/\\\/www.baumbiologie.com\\\/?page_id=1878#breadcrumb\"},\"inLanguage\":\"de\",\"potentialAction\":[{\"@type\":\"ReadAction\",\"target\":[\"https:\\\/\\\/www.baumbiologie.com\\\/?page_id=1878\"]}]},{\"@type\":\"BreadcrumbList\",\"@id\":\"https:\\\/\\\/www.baumbiologie.com\\\/?page_id=1878#breadcrumb\",\"itemListElement\":[{\"@type\":\"ListItem\",\"position\":1,\"name\":\"Startseite\",\"item\":\"https:\\\/\\\/www.baumbiologie.com\\\/\"},{\"@type\":\"ListItem\",\"position\":2,\"name\":\"Baumbiologie\"}]},{\"@type\":\"WebSite\",\"@id\":\"https:\\\/\\\/www.baumbiologie.com\\\/#website\",\"url\":\"https:\\\/\\\/www.baumbiologie.com\\\/\",\"name\":\"Sachverst\u00e4ndigenb\u00fcro f\u00fcr Baumbiologie\",\"description\":\"Baumgutachten - Forschung - Seminare\",\"potentialAction\":[{\"@type\":\"SearchAction\",\"target\":{\"@type\":\"EntryPoint\",\"urlTemplate\":\"https:\\\/\\\/www.baumbiologie.com\\\/?s={search_term_string}\"},\"query-input\":{\"@type\":\"PropertyValueSpecification\",\"valueRequired\":true,\"valueName\":\"search_term_string\"}}],\"inLanguage\":\"de\"}]}<\/script>\n<!-- \/ Yoast SEO plugin. -->","yoast_head_json":{"title":"Baumbiologie - Sachverst\u00e4ndigenb\u00fcro f\u00fcr Baumbiologie","description":"Baumkontrolleur-Ausbildung im Rhein-Main-Gebiet f\u00fcr Frankfurt, Wiesbaden, Mainz, Rheingau, Taunus","robots":{"index":"index","follow":"follow","max-snippet":"max-snippet:-1","max-image-preview":"max-image-preview:large","max-video-preview":"max-video-preview:-1"},"canonical":"https:\/\/www.baumbiologie.com\/?page_id=1878","og_locale":"de_DE","og_type":"article","og_title":"Baumbiologie - Sachverst\u00e4ndigenb\u00fcro f\u00fcr Baumbiologie","og_description":"Baumkontrolleur-Ausbildung im Rhein-Main-Gebiet f\u00fcr Frankfurt, Wiesbaden, Mainz, Rheingau, Taunus","og_url":"https:\/\/www.baumbiologie.com\/?page_id=1878","og_site_name":"Sachverst\u00e4ndigenb\u00fcro f\u00fcr Baumbiologie","article_modified_time":"2025-12-11T13:31:24+00:00","twitter_card":"summary_large_image","twitter_misc":{"Gesch\u00e4tzte Lesezeit":"1\u00a0Minute"},"schema":{"@context":"https:\/\/schema.org","@graph":[{"@type":"WebPage","@id":"https:\/\/www.baumbiologie.com\/?page_id=1878","url":"https:\/\/www.baumbiologie.com\/?page_id=1878","name":"Baumbiologie - Sachverst\u00e4ndigenb\u00fcro f\u00fcr Baumbiologie","isPartOf":{"@id":"https:\/\/www.baumbiologie.com\/#website"},"datePublished":"2021-01-08T14:33:25+00:00","dateModified":"2025-12-11T13:31:24+00:00","description":"Baumkontrolleur-Ausbildung im Rhein-Main-Gebiet f\u00fcr Frankfurt, Wiesbaden, Mainz, Rheingau, Taunus","breadcrumb":{"@id":"https:\/\/www.baumbiologie.com\/?page_id=1878#breadcrumb"},"inLanguage":"de","potentialAction":[{"@type":"ReadAction","target":["https:\/\/www.baumbiologie.com\/?page_id=1878"]}]},{"@type":"BreadcrumbList","@id":"https:\/\/www.baumbiologie.com\/?page_id=1878#breadcrumb","itemListElement":[{"@type":"ListItem","position":1,"name":"Startseite","item":"https:\/\/www.baumbiologie.com\/"},{"@type":"ListItem","position":2,"name":"Baumbiologie"}]},{"@type":"WebSite","@id":"https:\/\/www.baumbiologie.com\/#website","url":"https:\/\/www.baumbiologie.com\/","name":"Sachverst\u00e4ndigenb\u00fcro f\u00fcr Baumbiologie","description":"Baumgutachten - Forschung - Seminare","potentialAction":[{"@type":"SearchAction","target":{"@type":"EntryPoint","urlTemplate":"https:\/\/www.baumbiologie.com\/?s={search_term_string}"},"query-input":{"@type":"PropertyValueSpecification","valueRequired":true,"valueName":"search_term_string"}}],"inLanguage":"de"}]}},"_links":{"self":[{"href":"https:\/\/www.baumbiologie.com\/index.php?rest_route=\/wp\/v2\/pages\/1878","targetHints":{"allow":["GET"]}}],"collection":[{"href":"https:\/\/www.baumbiologie.com\/index.php?rest_route=\/wp\/v2\/pages"}],"about":[{"href":"https:\/\/www.baumbiologie.com\/index.php?rest_route=\/wp\/v2\/types\/page"}],"author":[{"embeddable":true,"href":"https:\/\/www.baumbiologie.com\/index.php?rest_route=\/wp\/v2\/users\/1"}],"replies":[{"embeddable":true,"href":"https:\/\/www.baumbiologie.com\/index.php?rest_route=%2Fwp%2Fv2%2Fcomments&post=1878"}],"version-history":[{"count":21,"href":"https:\/\/www.baumbiologie.com\/index.php?rest_route=\/wp\/v2\/pages\/1878\/revisions"}],"predecessor-version":[{"id":3260,"href":"https:\/\/www.baumbiologie.com\/index.php?rest_route=\/wp\/v2\/pages\/1878\/revisions\/3260"}],"wp:attachment":[{"href":"https:\/\/www.baumbiologie.com\/index.php?rest_route=%2Fwp%2Fv2%2Fmedia&parent=1878"}],"curies":[{"name":"wp","href":"https:\/\/api.w.org\/{rel}","templated":true}]}}