{"id":1872,"date":"2021-01-08T14:33:35","date_gmt":"2021-01-08T14:33:35","guid":{"rendered":"https:\/\/www.baumbiologie.com\/?page_id=1872"},"modified":"2025-12-11T13:32:28","modified_gmt":"2025-12-11T13:32:28","slug":"holzzersetzende-pilze-2","status":"publish","type":"page","link":"https:\/\/www.baumbiologie.com\/?page_id=1872","title":{"rendered":"Holzzersetzende Pilze"},"content":{"rendered":"\n<figure class=\"wp-block-gallery has-nested-images columns-default is-cropped wp-block-gallery-1 is-layout-flex wp-block-gallery-is-layout-flex\">\n<figure class=\"wp-block-image size-large\"><img fetchpriority=\"high\" decoding=\"async\" width=\"1024\" height=\"683\" data-id=\"3022\" src=\"https:\/\/www.baumbiologie.com\/wp-content\/uploads\/2024\/02\/Phaeolus_schweinitzii_Kiefern-Braunporling_Kammerforst_Douglasie_23_08_11-1024x683.jpg\" alt=\"\" class=\"wp-image-3022\" srcset=\"https:\/\/www.baumbiologie.com\/wp-content\/uploads\/2024\/02\/Phaeolus_schweinitzii_Kiefern-Braunporling_Kammerforst_Douglasie_23_08_11-1024x683.jpg 1024w, https:\/\/www.baumbiologie.com\/wp-content\/uploads\/2024\/02\/Phaeolus_schweinitzii_Kiefern-Braunporling_Kammerforst_Douglasie_23_08_11-300x200.jpg 300w, https:\/\/www.baumbiologie.com\/wp-content\/uploads\/2024\/02\/Phaeolus_schweinitzii_Kiefern-Braunporling_Kammerforst_Douglasie_23_08_11-768x512.jpg 768w, https:\/\/www.baumbiologie.com\/wp-content\/uploads\/2024\/02\/Phaeolus_schweinitzii_Kiefern-Braunporling_Kammerforst_Douglasie_23_08_11-1536x1024.jpg 1536w, https:\/\/www.baumbiologie.com\/wp-content\/uploads\/2024\/02\/Phaeolus_schweinitzii_Kiefern-Braunporling_Kammerforst_Douglasie_23_08_11.jpg 2048w\" sizes=\"(max-width: 1024px) 100vw, 1024px\" \/><\/figure>\n\n\n\n<figure class=\"wp-block-image size-large\"><img decoding=\"async\" width=\"1024\" height=\"683\" data-id=\"3023\" data-src=\"https:\/\/www.baumbiologie.com\/wp-content\/uploads\/2024\/02\/Bulgaria_inquinans_Gemeiner_Schmutzbecherling_Weissenturm_Eiche_23_10_21-1024x683.jpg\" alt=\"\" class=\"wp-image-3023 lazyload\" data-srcset=\"https:\/\/www.baumbiologie.com\/wp-content\/uploads\/2024\/02\/Bulgaria_inquinans_Gemeiner_Schmutzbecherling_Weissenturm_Eiche_23_10_21-1024x683.jpg 1024w, https:\/\/www.baumbiologie.com\/wp-content\/uploads\/2024\/02\/Bulgaria_inquinans_Gemeiner_Schmutzbecherling_Weissenturm_Eiche_23_10_21-300x200.jpg 300w, https:\/\/www.baumbiologie.com\/wp-content\/uploads\/2024\/02\/Bulgaria_inquinans_Gemeiner_Schmutzbecherling_Weissenturm_Eiche_23_10_21-768x512.jpg 768w, https:\/\/www.baumbiologie.com\/wp-content\/uploads\/2024\/02\/Bulgaria_inquinans_Gemeiner_Schmutzbecherling_Weissenturm_Eiche_23_10_21-1536x1024.jpg 1536w, https:\/\/www.baumbiologie.com\/wp-content\/uploads\/2024\/02\/Bulgaria_inquinans_Gemeiner_Schmutzbecherling_Weissenturm_Eiche_23_10_21.jpg 2048w\" data-sizes=\"(max-width: 1024px) 100vw, 1024px\" src=\"data:image\/svg+xml;base64,PHN2ZyB3aWR0aD0iMSIgaGVpZ2h0PSIxIiB4bWxucz0iaHR0cDovL3d3dy53My5vcmcvMjAwMC9zdmciPjwvc3ZnPg==\" style=\"--smush-placeholder-width: 1024px; --smush-placeholder-aspect-ratio: 1024\/683;\" \/><\/figure>\n\n\n\n<figure class=\"wp-block-image size-large\"><img decoding=\"async\" width=\"1024\" height=\"683\" data-id=\"3024\" data-src=\"https:\/\/www.baumbiologie.com\/wp-content\/uploads\/2024\/02\/Pycnoporus_cinnabarinus_Zinnoberrote-Tramete_Presberg_Kirsche_24_01_05_XXX-1024x683.jpg\" alt=\"\" class=\"wp-image-3024 lazyload\" data-srcset=\"https:\/\/www.baumbiologie.com\/wp-content\/uploads\/2024\/02\/Pycnoporus_cinnabarinus_Zinnoberrote-Tramete_Presberg_Kirsche_24_01_05_XXX-1024x683.jpg 1024w, https:\/\/www.baumbiologie.com\/wp-content\/uploads\/2024\/02\/Pycnoporus_cinnabarinus_Zinnoberrote-Tramete_Presberg_Kirsche_24_01_05_XXX-300x200.jpg 300w, https:\/\/www.baumbiologie.com\/wp-content\/uploads\/2024\/02\/Pycnoporus_cinnabarinus_Zinnoberrote-Tramete_Presberg_Kirsche_24_01_05_XXX-768x512.jpg 768w, https:\/\/www.baumbiologie.com\/wp-content\/uploads\/2024\/02\/Pycnoporus_cinnabarinus_Zinnoberrote-Tramete_Presberg_Kirsche_24_01_05_XXX-1536x1024.jpg 1536w, https:\/\/www.baumbiologie.com\/wp-content\/uploads\/2024\/02\/Pycnoporus_cinnabarinus_Zinnoberrote-Tramete_Presberg_Kirsche_24_01_05_XXX.jpg 2048w\" data-sizes=\"(max-width: 1024px) 100vw, 1024px\" src=\"data:image\/svg+xml;base64,PHN2ZyB3aWR0aD0iMSIgaGVpZ2h0PSIxIiB4bWxucz0iaHR0cDovL3d3dy53My5vcmcvMjAwMC9zdmciPjwvc3ZnPg==\" style=\"--smush-placeholder-width: 1024px; --smush-placeholder-aspect-ratio: 1024\/683;\" \/><\/figure>\n<\/figure>\n\n\n\n<p>Holzzersetzende Pilze sind ein h\u00e4ufiger Grund f\u00fcr nicht bruch- oder standsichere B\u00e4ume. Um einen Pilzbefall richtig zu interpretieren, ist die Bestimmung der Pilzart sehr wichtig. In diesem Kurs lernen Sie, mit Bestimmungsliteratur umzugehen und so die richtige Basis f\u00fcr Ihre Entscheidungen zu legen. Sie bekommen auch einen Einblick in die f\u00fcr eine exakte Bestimmung oft unerl\u00e4sslich Pilzmikroskopie.<\/p>\n\n\n\n<p>Zus\u00e4tzlich werden Sie Details der visuellen Diagnose zur Einsch\u00e4tzung von F\u00e4ulesch\u00e4den sowie die \u00dcberlebensstrategien und F\u00e4uleformen der Pilze vertiefend kennenlernen. Mit dem Ziel, Ihre Artenkenntnis zu erweitern, werden wir den Kurs mit einer Exkursion abschlie\u00dfen<\/p>\n\n\n\n<p>Der Kurs eignet sich f\u00fcr ambitionierte Baumkontrolleure und Baumpfleger, die in die Gutachtert\u00e4tigkeit einsteigen wollen oder einfach mehr wissen wollen.<\/p>\n\n\n\n<p>Eine optimale Erg\u00e4nzung ist der Kurs \u201eEingehende Untersuchung\u201c am Tag zuvor.<\/p>\n\n\n\n<h2 class=\"wp-block-heading\">Kursinhalte<\/h2>\n\n\n\n<ul class=\"wp-block-list\">\n<li>Grundlagen der Pilzbestimmung<\/li>\n\n\n\n<li>Lebensweise und Strategien holzzerst\u00f6render Pilze<\/li>\n\n\n\n<li>Visuelle Ansprache von B\u00e4umen mit Pilzbefall<\/li>\n\n\n\n<li>Anleitung zur makroskopischen und mikroskopischen Pilzbestimmung<\/li>\n\n\n\n<li>Pilzexkursion<\/li>\n<\/ul>\n\n\n\n<h2 class=\"wp-block-heading\"><strong>Teilnahmevoraussetzungen<\/strong><\/h2>\n\n\n\n<ul class=\"wp-block-list\">\n<li>Grundkenntnisse der Holzanatomie und des Zellwandaufbaus<\/li>\n\n\n\n<li>Grundkenntnisse holzzersetzender Pilze<\/li>\n<\/ul>\n\n\n\n<h2 class=\"wp-block-heading\"><strong>Termine&nbsp;und Buchung<\/strong><\/h2>\n\n\n\n<p>Zur Zeit werden aufgrund der hohen Auslastung durch die gutachterlichen T\u00e4tigkeiten keine Termine angeboten.<\/p>\n\n\n\n<p>Im Preis sind Seminarunterlagen und Tagungsgetr\u00e4nke enthalten. <\/p>\n","protected":false},"excerpt":{"rendered":"<p>Holzzersetzende Pilze sind ein h\u00e4ufiger Grund f\u00fcr nicht bruch- oder standsichere B\u00e4ume. Um einen Pilzbefall richtig zu interpretieren, ist die &hellip; <\/p>\n","protected":false},"author":1,"featured_media":0,"parent":0,"menu_order":0,"comment_status":"closed","ping_status":"closed","template":"","meta":{"_monsterinsights_skip_tracking":false,"_monsterinsights_sitenote_active":false,"_monsterinsights_sitenote_note":"","_monsterinsights_sitenote_category":0,"footnotes":""},"class_list":["post-1872","page","type-page","status-publish","hentry"],"yoast_head":"<!-- This site is optimized with the Yoast SEO plugin v27.5 - https:\/\/yoast.com\/product\/yoast-seo-wordpress\/ -->\n<title>Holzzersetzende Pilze - Sachverst\u00e4ndigenb\u00fcro f\u00fcr Baumbiologie<\/title>\n<meta name=\"description\" content=\"Baumkontrolleur-Ausbildung im Rhein-Main-Gebiet f\u00fcr Frankfurt, Wiesbaden, Mainz, Rheingau, Taunus\" \/>\n<meta name=\"robots\" content=\"index, follow, max-snippet:-1, max-image-preview:large, max-video-preview:-1\" \/>\n<link rel=\"canonical\" href=\"https:\/\/www.baumbiologie.com\/?page_id=1872\" \/>\n<meta property=\"og:locale\" content=\"de_DE\" \/>\n<meta property=\"og:type\" content=\"article\" \/>\n<meta property=\"og:title\" content=\"Holzzersetzende Pilze - Sachverst\u00e4ndigenb\u00fcro f\u00fcr Baumbiologie\" \/>\n<meta property=\"og:description\" content=\"Baumkontrolleur-Ausbildung im Rhein-Main-Gebiet f\u00fcr Frankfurt, Wiesbaden, Mainz, Rheingau, Taunus\" \/>\n<meta property=\"og:url\" content=\"https:\/\/www.baumbiologie.com\/?page_id=1872\" \/>\n<meta property=\"og:site_name\" content=\"Sachverst\u00e4ndigenb\u00fcro f\u00fcr Baumbiologie\" \/>\n<meta property=\"article:modified_time\" content=\"2025-12-11T13:32:28+00:00\" \/>\n<meta property=\"og:image\" content=\"https:\/\/www.baumbiologie.com\/wp-content\/uploads\/2024\/02\/Phaeolus_schweinitzii_Kiefern-Braunporling_Kammerforst_Douglasie_23_08_11.jpg\" \/>\n\t<meta property=\"og:image:width\" content=\"2048\" \/>\n\t<meta property=\"og:image:height\" content=\"1365\" \/>\n\t<meta property=\"og:image:type\" content=\"image\/jpeg\" \/>\n<meta name=\"twitter:card\" content=\"summary_large_image\" \/>\n<script type=\"application\/ld+json\" class=\"yoast-schema-graph\">{\"@context\":\"https:\\\/\\\/schema.org\",\"@graph\":[{\"@type\":\"WebPage\",\"@id\":\"https:\\\/\\\/www.baumbiologie.com\\\/?page_id=1872\",\"url\":\"https:\\\/\\\/www.baumbiologie.com\\\/?page_id=1872\",\"name\":\"Holzzersetzende Pilze - Sachverst\u00e4ndigenb\u00fcro f\u00fcr Baumbiologie\",\"isPartOf\":{\"@id\":\"https:\\\/\\\/www.baumbiologie.com\\\/#website\"},\"primaryImageOfPage\":{\"@id\":\"https:\\\/\\\/www.baumbiologie.com\\\/?page_id=1872#primaryimage\"},\"image\":{\"@id\":\"https:\\\/\\\/www.baumbiologie.com\\\/?page_id=1872#primaryimage\"},\"thumbnailUrl\":\"https:\\\/\\\/www.baumbiologie.com\\\/wp-content\\\/uploads\\\/2024\\\/02\\\/Phaeolus_schweinitzii_Kiefern-Braunporling_Kammerforst_Douglasie_23_08_11-1024x683.jpg\",\"datePublished\":\"2021-01-08T14:33:35+00:00\",\"dateModified\":\"2025-12-11T13:32:28+00:00\",\"description\":\"Baumkontrolleur-Ausbildung im Rhein-Main-Gebiet f\u00fcr Frankfurt, Wiesbaden, Mainz, Rheingau, Taunus\",\"breadcrumb\":{\"@id\":\"https:\\\/\\\/www.baumbiologie.com\\\/?page_id=1872#breadcrumb\"},\"inLanguage\":\"de\",\"potentialAction\":[{\"@type\":\"ReadAction\",\"target\":[\"https:\\\/\\\/www.baumbiologie.com\\\/?page_id=1872\"]}]},{\"@type\":\"ImageObject\",\"inLanguage\":\"de\",\"@id\":\"https:\\\/\\\/www.baumbiologie.com\\\/?page_id=1872#primaryimage\",\"url\":\"https:\\\/\\\/www.baumbiologie.com\\\/wp-content\\\/uploads\\\/2024\\\/02\\\/Phaeolus_schweinitzii_Kiefern-Braunporling_Kammerforst_Douglasie_23_08_11.jpg\",\"contentUrl\":\"https:\\\/\\\/www.baumbiologie.com\\\/wp-content\\\/uploads\\\/2024\\\/02\\\/Phaeolus_schweinitzii_Kiefern-Braunporling_Kammerforst_Douglasie_23_08_11.jpg\",\"width\":2048,\"height\":1365},{\"@type\":\"BreadcrumbList\",\"@id\":\"https:\\\/\\\/www.baumbiologie.com\\\/?page_id=1872#breadcrumb\",\"itemListElement\":[{\"@type\":\"ListItem\",\"position\":1,\"name\":\"Startseite\",\"item\":\"https:\\\/\\\/www.baumbiologie.com\\\/\"},{\"@type\":\"ListItem\",\"position\":2,\"name\":\"Holzzersetzende Pilze\"}]},{\"@type\":\"WebSite\",\"@id\":\"https:\\\/\\\/www.baumbiologie.com\\\/#website\",\"url\":\"https:\\\/\\\/www.baumbiologie.com\\\/\",\"name\":\"Sachverst\u00e4ndigenb\u00fcro f\u00fcr Baumbiologie\",\"description\":\"Baumgutachten - Forschung - Seminare\",\"potentialAction\":[{\"@type\":\"SearchAction\",\"target\":{\"@type\":\"EntryPoint\",\"urlTemplate\":\"https:\\\/\\\/www.baumbiologie.com\\\/?s={search_term_string}\"},\"query-input\":{\"@type\":\"PropertyValueSpecification\",\"valueRequired\":true,\"valueName\":\"search_term_string\"}}],\"inLanguage\":\"de\"}]}<\/script>\n<!-- \/ Yoast SEO plugin. -->","yoast_head_json":{"title":"Holzzersetzende Pilze - Sachverst\u00e4ndigenb\u00fcro f\u00fcr Baumbiologie","description":"Baumkontrolleur-Ausbildung im Rhein-Main-Gebiet f\u00fcr Frankfurt, Wiesbaden, Mainz, Rheingau, Taunus","robots":{"index":"index","follow":"follow","max-snippet":"max-snippet:-1","max-image-preview":"max-image-preview:large","max-video-preview":"max-video-preview:-1"},"canonical":"https:\/\/www.baumbiologie.com\/?page_id=1872","og_locale":"de_DE","og_type":"article","og_title":"Holzzersetzende Pilze - Sachverst\u00e4ndigenb\u00fcro f\u00fcr Baumbiologie","og_description":"Baumkontrolleur-Ausbildung im Rhein-Main-Gebiet f\u00fcr Frankfurt, Wiesbaden, Mainz, Rheingau, Taunus","og_url":"https:\/\/www.baumbiologie.com\/?page_id=1872","og_site_name":"Sachverst\u00e4ndigenb\u00fcro f\u00fcr Baumbiologie","article_modified_time":"2025-12-11T13:32:28+00:00","og_image":[{"width":2048,"height":1365,"url":"https:\/\/www.baumbiologie.com\/wp-content\/uploads\/2024\/02\/Phaeolus_schweinitzii_Kiefern-Braunporling_Kammerforst_Douglasie_23_08_11.jpg","type":"image\/jpeg"}],"twitter_card":"summary_large_image","schema":{"@context":"https:\/\/schema.org","@graph":[{"@type":"WebPage","@id":"https:\/\/www.baumbiologie.com\/?page_id=1872","url":"https:\/\/www.baumbiologie.com\/?page_id=1872","name":"Holzzersetzende Pilze - Sachverst\u00e4ndigenb\u00fcro f\u00fcr Baumbiologie","isPartOf":{"@id":"https:\/\/www.baumbiologie.com\/#website"},"primaryImageOfPage":{"@id":"https:\/\/www.baumbiologie.com\/?page_id=1872#primaryimage"},"image":{"@id":"https:\/\/www.baumbiologie.com\/?page_id=1872#primaryimage"},"thumbnailUrl":"https:\/\/www.baumbiologie.com\/wp-content\/uploads\/2024\/02\/Phaeolus_schweinitzii_Kiefern-Braunporling_Kammerforst_Douglasie_23_08_11-1024x683.jpg","datePublished":"2021-01-08T14:33:35+00:00","dateModified":"2025-12-11T13:32:28+00:00","description":"Baumkontrolleur-Ausbildung im Rhein-Main-Gebiet f\u00fcr Frankfurt, Wiesbaden, Mainz, Rheingau, Taunus","breadcrumb":{"@id":"https:\/\/www.baumbiologie.com\/?page_id=1872#breadcrumb"},"inLanguage":"de","potentialAction":[{"@type":"ReadAction","target":["https:\/\/www.baumbiologie.com\/?page_id=1872"]}]},{"@type":"ImageObject","inLanguage":"de","@id":"https:\/\/www.baumbiologie.com\/?page_id=1872#primaryimage","url":"https:\/\/www.baumbiologie.com\/wp-content\/uploads\/2024\/02\/Phaeolus_schweinitzii_Kiefern-Braunporling_Kammerforst_Douglasie_23_08_11.jpg","contentUrl":"https:\/\/www.baumbiologie.com\/wp-content\/uploads\/2024\/02\/Phaeolus_schweinitzii_Kiefern-Braunporling_Kammerforst_Douglasie_23_08_11.jpg","width":2048,"height":1365},{"@type":"BreadcrumbList","@id":"https:\/\/www.baumbiologie.com\/?page_id=1872#breadcrumb","itemListElement":[{"@type":"ListItem","position":1,"name":"Startseite","item":"https:\/\/www.baumbiologie.com\/"},{"@type":"ListItem","position":2,"name":"Holzzersetzende Pilze"}]},{"@type":"WebSite","@id":"https:\/\/www.baumbiologie.com\/#website","url":"https:\/\/www.baumbiologie.com\/","name":"Sachverst\u00e4ndigenb\u00fcro f\u00fcr Baumbiologie","description":"Baumgutachten - Forschung - Seminare","potentialAction":[{"@type":"SearchAction","target":{"@type":"EntryPoint","urlTemplate":"https:\/\/www.baumbiologie.com\/?s={search_term_string}"},"query-input":{"@type":"PropertyValueSpecification","valueRequired":true,"valueName":"search_term_string"}}],"inLanguage":"de"}]}},"_links":{"self":[{"href":"https:\/\/www.baumbiologie.com\/index.php?rest_route=\/wp\/v2\/pages\/1872","targetHints":{"allow":["GET"]}}],"collection":[{"href":"https:\/\/www.baumbiologie.com\/index.php?rest_route=\/wp\/v2\/pages"}],"about":[{"href":"https:\/\/www.baumbiologie.com\/index.php?rest_route=\/wp\/v2\/types\/page"}],"author":[{"embeddable":true,"href":"https:\/\/www.baumbiologie.com\/index.php?rest_route=\/wp\/v2\/users\/1"}],"replies":[{"embeddable":true,"href":"https:\/\/www.baumbiologie.com\/index.php?rest_route=%2Fwp%2Fv2%2Fcomments&post=1872"}],"version-history":[{"count":25,"href":"https:\/\/www.baumbiologie.com\/index.php?rest_route=\/wp\/v2\/pages\/1872\/revisions"}],"predecessor-version":[{"id":3263,"href":"https:\/\/www.baumbiologie.com\/index.php?rest_route=\/wp\/v2\/pages\/1872\/revisions\/3263"}],"wp:attachment":[{"href":"https:\/\/www.baumbiologie.com\/index.php?rest_route=%2Fwp%2Fv2%2Fmedia&parent=1872"}],"curies":[{"name":"wp","href":"https:\/\/api.w.org\/{rel}","templated":true}]}}