{"id":1849,"date":"2021-02-25T10:20:25","date_gmt":"2021-02-25T10:20:25","guid":{"rendered":"https:\/\/www.baumbiologie.com\/?page_id=1849"},"modified":"2025-12-11T13:30:58","modified_gmt":"2025-12-11T13:30:58","slug":"kurse-zum-fll-zertifizierten-baumkontrolleur","status":"publish","type":"page","link":"https:\/\/www.baumbiologie.com\/?page_id=1849","title":{"rendered":"Kurse zum FLL-zertifizierten Baumkontrolleur"},"content":{"rendered":"\n<p>FLL-zertifizierte Baumkontrolleure \u00fcberpr\u00fcfen die Verkehrssicherheit von B\u00e4umen. Ein Baumkontrolleur untersucht daf\u00fcr den Baum visuell und mit einfachen Werkzeugen. Aus den Sch\u00e4den und Schadsymptomen leitet er baumpflegerische Ma\u00dfnahmen ab.<\/p>\n\n\n\n<p>Alle Kenntnisse und Fertigkeiten, die f\u00fcr diese T\u00e4tigkeit notwendig sind, lernen Sie in diesem Kurs in Theorie und Praxis. Nach bestandener Pr\u00fcfung erhalten Sie ein Zertifikat und eine ID-Card der FLL.<\/p>\n\n\n\n<p>Der Kurs richtet sich an Personen, die bereits in der Baumpflege t\u00e4tig sind oder vergleichbare Erfahrungen haben (s. Zulassungsvoraussetzungen).<\/p>\n\n\n\n<h2 class=\"wp-block-heading\"><strong>Ihre Vorteile<\/strong><\/h2>\n\n\n\n<ul class=\"wp-block-list\">\n<li>Kursstandorte mit spektakul\u00e4ren Altb\u00e4umen in der <a href=\"https:\/\/www.rheingau.com\/#\">Wein- und Urlaubsregion Rheingau<\/a><\/li>\n\n\n\n<li>Hoher \u00dcbungsanteil mit Top-Ausstattung der Kursteilnehmer (z.B. Ferngl\u00e4sern von Leica oder Zeiss)<\/li>\n\n\n\n<li>Kleingruppen mit maximal 10 Personen<\/li>\n\n\n\n<li><a href=\"https:\/\/www.baumbiologie.com\/?page_id=115\">Langj\u00e4hrige Lehrerfahrung<\/a> des Referenten an Hochschulen und privaten Einrichtungen<\/li>\n\n\n\n<li>Ber\u00fccksichtigung <a href=\"https:\/\/www.baumbiologie.com\/?page_id=113\">neuester Erkenntnisse aus Wissenschaft und Praxis<\/a><\/li>\n\n\n\n<li><a href=\"https:\/\/www.baumbiologie.com\/?page_id=111\">20 Jahre Erfahrung im Umgang mit B\u00e4umen<\/a><\/li>\n<\/ul>\n\n\n\n<h2 class=\"wp-block-heading\">Kursinhalte<\/h2>\n\n\n\n<ul class=\"wp-block-list\">\n<li>Rechtliche Grundlagen der Baumkontrolle<\/li>\n\n\n\n<li>Baumbiologische Grundlagen<\/li>\n\n\n\n<li>Artenkenntnis und Vitalit\u00e4tsbeurteilung von B\u00e4umen<\/li>\n\n\n\n<li>Sch\u00e4den und Schadsymptome erkennen und beurteilen (K\u00f6rpersprache der B\u00e4ume)<\/li>\n\n\n\n<li>Holzzersetzende Pilze erkennen und beurteilen<\/li>\n\n\n\n<li>Baumpflegema\u00dfnahmen in der Krone und am Boden<\/li>\n\n\n\n<li>Praktische Durchf\u00fchrung von Baumkontrollen<\/li>\n\n\n\n<li>Handlungsbedarf festlegen (nach ZTV-Baumpflege)<\/li>\n<\/ul>\n\n\n<div id=\"accordions-2007\" class=\"accordions-2007 accordions\" data-accordions={&quot;lazyLoad&quot;:true,&quot;id&quot;:&quot;2007&quot;,&quot;event&quot;:&quot;click&quot;,&quot;collapsible&quot;:&quot;true&quot;,&quot;heightStyle&quot;:&quot;content&quot;,&quot;animateStyle&quot;:&quot;swing&quot;,&quot;animateDelay&quot;:1000,&quot;navigation&quot;:true,&quot;active&quot;:999,&quot;expandedOther&quot;:&quot;yes&quot;}>\r\n                <div id=\"accordions-lazy-2007\" class=\"accordions-lazy\" accordionsId=\"2007\">\r\n                    <\/div>\r\n\r\n    <div class=\"items\"  style=\"display:none\" >\r\n    \r\n            <div post_id=\"2007\" itemcount=\"0\"  header_id=\"header-1614264223325\" id=\"header-1614264223325\" style=\"\" class=\"accordions-head head1614264223325 border-none\" toggle-text=\"\" main-text=\"Tag 1: Recht, Baumbiologie und VTA\">\r\n                                    <span id=\"accordion-icons-1614264223325\" class=\"accordion-icons\">\r\n                        <span class=\"accordion-icon-active accordion-plus\"><i class=\"fas fa-chevron-up\"><\/i><\/span>\r\n                        <span class=\"accordion-icon-inactive accordion-minus\"><i class=\"fas fa-chevron-right\"><\/i><\/span>\r\n                    <\/span>\r\n                    <span id=\"header-text-1614264223325\" class=\"accordions-head-title\">Tag 1: Recht, Baumbiologie und VTA<\/span>\r\n                            <\/div>\r\n            <div class=\"accordion-content content1614264223325 \">\r\n                <p>Baumkontrollen werden durchgef\u00fchrt, um die Verkehrssicherheit eines Baumbestandes zu gew\u00e4hrleisten. Sie werden lernen, wie ein Baumkataster und die Baumkontrollen gestaltet sein m\u00fcssen, um rechtssicher zu sein.<\/p>\n<p>Baumbiologisches Wissen z.B. zum Holzaufbau, zur Vitalit\u00e4t und Stress und \u00fcber die \u201eK\u00f6rpersprache\u201c der B\u00e4ume, wird Sie in die Lage versetzten, als Baumkontrolleur fachlich begr\u00fcndete Entscheidungen treffen zu k\u00f6nnen. Alle Themen werden im Rahmen von \u00dcbungen vertieft. W\u00e4hrend der \u00dcbungen sind Sie mit aktuellen Ferngl\u00e4sern von Leica oder Zeiss ausgestattet, um alle Symptome bestm\u00f6glich sehen zu k\u00f6nnen.<\/p>\n            <\/div>\r\n    \r\n            <div post_id=\"2007\" itemcount=\"1\"  header_id=\"header-1614264274568\" id=\"header-1614264274568\" style=\"\" class=\"accordions-head head1614264274568 border-none\" toggle-text=\"\" main-text=\"Tag 2: Baumpflegema\u00dfnahmen\">\r\n                                    <span id=\"accordion-icons-1614264274568\" class=\"accordion-icons\">\r\n                        <span class=\"accordion-icon-active accordion-plus\"><i class=\"fas fa-chevron-up\"><\/i><\/span>\r\n                        <span class=\"accordion-icon-inactive accordion-minus\"><i class=\"fas fa-chevron-right\"><\/i><\/span>\r\n                    <\/span>\r\n                    <span id=\"header-text-1614264274568\" class=\"accordions-head-title\">Tag 2: Baumpflegema\u00dfnahmen<\/span>\r\n                            <\/div>\r\n            <div class=\"accordion-content content1614264274568 \">\r\n                <p>Ziel der Baumkontrollen ist es, einen langfristig sicheren und gesunden Baumbestand zu erhalten. Dies erfordert Baumpflegema\u00dfnahmen nach der ZTV Baumpflege, dem Branchenstandard. Sie werden erfahren, welche Baumpflegema\u00dfnahmen es gibt (Baumschnitt, Kronensicherungen, \u2026) und wie diese eingesetzt werden, ohne den Baum zu sch\u00e4digen. Auch der Standort mit dem Wurzelraum wird mitber\u00fccksichtigt. Durch Ihre zahlreichen Baumkontrollen im \u00dcbungsteil werden Sie lernen, aus der vorgefundenen Situation die richtigen Ma\u00dfnahmen abzuleiten.<\/p>\n            <\/div>\r\n    \r\n            <div post_id=\"2007\" itemcount=\"2\"  header_id=\"header-1614265629973\" id=\"header-1614265629973\" style=\"\" class=\"accordions-head head1614265629973 border-none\" toggle-text=\"\" main-text=\"Tag 3: Holzzersetzende Pilze\">\r\n                                    <span id=\"accordion-icons-1614265629973\" class=\"accordion-icons\">\r\n                        <span class=\"accordion-icon-active accordion-plus\"><i class=\"fas fa-chevron-up\"><\/i><\/span>\r\n                        <span class=\"accordion-icon-inactive accordion-minus\"><i class=\"fas fa-chevron-right\"><\/i><\/span>\r\n                    <\/span>\r\n                    <span id=\"header-text-1614265629973\" class=\"accordions-head-title\">Tag 3: Holzzersetzende Pilze<\/span>\r\n                            <\/div>\r\n            <div class=\"accordion-content content1614265629973 \">\r\n                <p>Holzzersetzende Pilze sind eine der Hauptursachen f\u00fcr Schadensf\u00e4lle mit B\u00e4umen. Daher ist es f\u00fcr den Baumkontrolleur entscheidend, die h\u00e4ufigsten Baumpilze zu erkennen und den Schaden einsch\u00e4tzen zu k\u00f6nnen. Sie werden verschiedenen Pilze und F\u00e4ulearten in Theorie und Praxis kennenlernen. Auch die Reaktionsm\u00f6glichkeiten der B\u00e4ume auf Pilzbefall werden besprochen.<\/p>\n            <\/div>\r\n    \r\n            <div post_id=\"2007\" itemcount=\"3\"  header_id=\"header-1614265670259\" id=\"header-1614265670259\" style=\"\" class=\"accordions-head head1614265670259 border-none\" toggle-text=\"\" main-text=\"Tag 4: Baumartenspezifische Baumkontrolle\">\r\n                                    <span id=\"accordion-icons-1614265670259\" class=\"accordion-icons\">\r\n                        <span class=\"accordion-icon-active accordion-plus\"><i class=\"fas fa-chevron-up\"><\/i><\/span>\r\n                        <span class=\"accordion-icon-inactive accordion-minus\"><i class=\"fas fa-chevron-right\"><\/i><\/span>\r\n                    <\/span>\r\n                    <span id=\"header-text-1614265670259\" class=\"accordions-head-title\">Tag 4: Baumartenspezifische Baumkontrolle<\/span>\r\n                            <\/div>\r\n            <div class=\"accordion-content content1614265670259 \">\r\n                <p>Jede Baumart hat spezifische Wuchsformen und typische Sch\u00e4dlinge, Pilze und Schadsymptome. Sie werden zun\u00e4chst lernen, wie Sie die wichtigsten Baumarten sicher unterscheiden k\u00f6nnen. Im Anschluss werden die typischen (Schad-)Symptome an Ahorn, Birke, Buche, Eiche, Esche, Hainbuche, Kirsche, Linde, Mehlbeere, Pappel, Platane, Robinie, Rosskastanie, Weide und Wei\u00dfdorn vertiefend behandelt. Der praktische Teil bereitet Sie abschlie\u00dfend gezielt auf die Pr\u00fcfungsaufgaben am n\u00e4chsten Tag vor.<\/p>\n            <\/div>\r\n    \r\n            <div post_id=\"2007\" itemcount=\"4\"  header_id=\"header-1614265744064\" id=\"header-1614265744064\" style=\"\" class=\"accordions-head head1614265744064 border-none\" toggle-text=\"\" main-text=\"Tag 5: Pr\u00fcfung\">\r\n                                    <span id=\"accordion-icons-1614265744064\" class=\"accordion-icons\">\r\n                        <span class=\"accordion-icon-active accordion-plus\"><i class=\"fas fa-chevron-up\"><\/i><\/span>\r\n                        <span class=\"accordion-icon-inactive accordion-minus\"><i class=\"fas fa-chevron-right\"><\/i><\/span>\r\n                    <\/span>\r\n                    <span id=\"header-text-1614265744064\" class=\"accordions-head-title\">Tag 5: Pr\u00fcfung<\/span>\r\n                            <\/div>\r\n            <div class=\"accordion-content content1614265744064 \">\r\n                <p>Die Pr\u00fcfung zum FLL-zertifizierten Baumkontrolleur umfasst einen schriftlichen und einen m\u00fcndlich praktischen Teil. Im schriftlichen Teil m\u00fcssen innerhalb von 60 Minuten 50 von der FLL vorgegebene Fragen beantwortet werden. 50 % der Fragen m\u00fcssen richtig beantwortet werden. Der m\u00fcndlich-praktischer Teil besteht aus mehreren Regelkontrollen. Vorhandenen Schadmerkmale werden dabei erfasst und die Auswirkungen eingesch\u00e4tzt. Zum Schluss werden gegebenenfalls Ma\u00dfnahmen f\u00fcr den Baum festgelegt. Die m\u00fcndlich-praktische Pr\u00fcfung dauert 45 - 60 Minuten. Nach bestandener Pr\u00fcfung erhalten Sie ein Zertifikat und eine ID-Card der FLL. Zus\u00e4tzlich werden Sie im Verzeichnis aller zertifizierten Baumkontrolleure auf der Homepage der FLL eingetragen.<\/p>\n            <\/div>\r\n    <\/div>\r\n\r\n\r\n\r\n            <\/div>\n\n\n\n<p><\/p>\n\n\n\n<h2 class=\"wp-block-heading\"><strong>Zulassungsvoraussetzungen zur Pr\u00fcfung<\/strong><\/h2>\n\n\n\n<p>Laut Zertifizierungsverordnung m\u00fcssen folgende Voraussetzungen zur Teilnahme an der Pr\u00fcfung erf\u00fcllt werden:<\/p>\n\n\n\n<ul class=\"wp-block-list\">\n<li>Mindestalter 18 Jahre<\/li>\n\n\n\n<li>Mindestens einj\u00e4hrige T\u00e4tigkeit in der Baumpflege\/Baumkontrolle (oder anderweitiger Nachweis \u00fcber ausreichende praktische und theoretische Kenntnisse; \u00fcber die Zulassung entscheidet die Pr\u00fcfungskommission)<\/li>\n<\/ul>\n\n\n\n<p><\/p>\n\n\n\n<p><\/p>\n\n\n\n<h2 class=\"wp-block-heading\">Termine und Buchung<\/h2>\n\n\n\n<p>Zur Zeit werden aufgrund der hohen Auslastung durch die gutachterlichen T\u00e4tigkeiten keine Termine angeboten.<\/p>\n\n\n\n<p>Im Preis sind Seminarunterlagen und Tagungsgetr\u00e4nke enthalten.<\/p>\n\n\n\n<p><\/p>\n","protected":false},"excerpt":{"rendered":"<p>FLL-zertifizierte Baumkontrolleure \u00fcberpr\u00fcfen die Verkehrssicherheit von B\u00e4umen. Ein Baumkontrolleur untersucht daf\u00fcr den Baum visuell und mit einfachen Werkzeugen. Aus den &hellip; <\/p>\n","protected":false},"author":1,"featured_media":0,"parent":0,"menu_order":0,"comment_status":"closed","ping_status":"closed","template":"","meta":{"_monsterinsights_skip_tracking":false,"_monsterinsights_sitenote_active":false,"_monsterinsights_sitenote_note":"","_monsterinsights_sitenote_category":0,"footnotes":""},"class_list":["post-1849","page","type-page","status-publish","hentry"],"yoast_head":"<!-- This site is optimized with the Yoast SEO plugin v27.4 - https:\/\/yoast.com\/product\/yoast-seo-wordpress\/ -->\n<title>Kurse zum FLL-zertifizierten Baumkontrolleur - Sachverst\u00e4ndigenb\u00fcro f\u00fcr Baumbiologie<\/title>\n<meta name=\"description\" content=\"Baumkontrolleur-Ausbildung im Rhein-Main-Gebiet f\u00fcr Frankfurt, Wiesbaden, Mainz, Rheingau, Taunus\" \/>\n<meta name=\"robots\" content=\"index, follow, max-snippet:-1, max-image-preview:large, max-video-preview:-1\" \/>\n<link rel=\"canonical\" href=\"https:\/\/www.baumbiologie.com\/?page_id=1849\" \/>\n<meta property=\"og:locale\" content=\"de_DE\" \/>\n<meta property=\"og:type\" content=\"article\" \/>\n<meta property=\"og:title\" content=\"Kurse zum FLL-zertifizierten Baumkontrolleur - Sachverst\u00e4ndigenb\u00fcro f\u00fcr Baumbiologie\" \/>\n<meta property=\"og:description\" content=\"Baumkontrolleur-Ausbildung im Rhein-Main-Gebiet f\u00fcr Frankfurt, Wiesbaden, Mainz, Rheingau, Taunus\" \/>\n<meta property=\"og:url\" content=\"https:\/\/www.baumbiologie.com\/?page_id=1849\" \/>\n<meta property=\"og:site_name\" content=\"Sachverst\u00e4ndigenb\u00fcro f\u00fcr Baumbiologie\" \/>\n<meta property=\"article:modified_time\" content=\"2025-12-11T13:30:58+00:00\" \/>\n<meta name=\"twitter:card\" content=\"summary_large_image\" \/>\n<meta name=\"twitter:label1\" content=\"Gesch\u00e4tzte Lesezeit\" \/>\n\t<meta name=\"twitter:data1\" content=\"2\u00a0Minuten\" \/>\n<script type=\"application\/ld+json\" class=\"yoast-schema-graph\">{\"@context\":\"https:\\\/\\\/schema.org\",\"@graph\":[{\"@type\":\"WebPage\",\"@id\":\"https:\\\/\\\/www.baumbiologie.com\\\/?page_id=1849\",\"url\":\"https:\\\/\\\/www.baumbiologie.com\\\/?page_id=1849\",\"name\":\"Kurse zum FLL-zertifizierten Baumkontrolleur - Sachverst\u00e4ndigenb\u00fcro f\u00fcr Baumbiologie\",\"isPartOf\":{\"@id\":\"https:\\\/\\\/www.baumbiologie.com\\\/#website\"},\"datePublished\":\"2021-02-25T10:20:25+00:00\",\"dateModified\":\"2025-12-11T13:30:58+00:00\",\"description\":\"Baumkontrolleur-Ausbildung im Rhein-Main-Gebiet f\u00fcr Frankfurt, Wiesbaden, Mainz, Rheingau, Taunus\",\"breadcrumb\":{\"@id\":\"https:\\\/\\\/www.baumbiologie.com\\\/?page_id=1849#breadcrumb\"},\"inLanguage\":\"de\",\"potentialAction\":[{\"@type\":\"ReadAction\",\"target\":[\"https:\\\/\\\/www.baumbiologie.com\\\/?page_id=1849\"]}]},{\"@type\":\"BreadcrumbList\",\"@id\":\"https:\\\/\\\/www.baumbiologie.com\\\/?page_id=1849#breadcrumb\",\"itemListElement\":[{\"@type\":\"ListItem\",\"position\":1,\"name\":\"Startseite\",\"item\":\"https:\\\/\\\/www.baumbiologie.com\\\/\"},{\"@type\":\"ListItem\",\"position\":2,\"name\":\"Kurse zum FLL-zertifizierten Baumkontrolleur\"}]},{\"@type\":\"WebSite\",\"@id\":\"https:\\\/\\\/www.baumbiologie.com\\\/#website\",\"url\":\"https:\\\/\\\/www.baumbiologie.com\\\/\",\"name\":\"Sachverst\u00e4ndigenb\u00fcro f\u00fcr Baumbiologie\",\"description\":\"Baumgutachten - Forschung - Seminare\",\"potentialAction\":[{\"@type\":\"SearchAction\",\"target\":{\"@type\":\"EntryPoint\",\"urlTemplate\":\"https:\\\/\\\/www.baumbiologie.com\\\/?s={search_term_string}\"},\"query-input\":{\"@type\":\"PropertyValueSpecification\",\"valueRequired\":true,\"valueName\":\"search_term_string\"}}],\"inLanguage\":\"de\"}]}<\/script>\n<!-- \/ Yoast SEO plugin. -->","yoast_head_json":{"title":"Kurse zum FLL-zertifizierten Baumkontrolleur - Sachverst\u00e4ndigenb\u00fcro f\u00fcr Baumbiologie","description":"Baumkontrolleur-Ausbildung im Rhein-Main-Gebiet f\u00fcr Frankfurt, Wiesbaden, Mainz, Rheingau, Taunus","robots":{"index":"index","follow":"follow","max-snippet":"max-snippet:-1","max-image-preview":"max-image-preview:large","max-video-preview":"max-video-preview:-1"},"canonical":"https:\/\/www.baumbiologie.com\/?page_id=1849","og_locale":"de_DE","og_type":"article","og_title":"Kurse zum FLL-zertifizierten Baumkontrolleur - Sachverst\u00e4ndigenb\u00fcro f\u00fcr Baumbiologie","og_description":"Baumkontrolleur-Ausbildung im Rhein-Main-Gebiet f\u00fcr Frankfurt, Wiesbaden, Mainz, Rheingau, Taunus","og_url":"https:\/\/www.baumbiologie.com\/?page_id=1849","og_site_name":"Sachverst\u00e4ndigenb\u00fcro f\u00fcr Baumbiologie","article_modified_time":"2025-12-11T13:30:58+00:00","twitter_card":"summary_large_image","twitter_misc":{"Gesch\u00e4tzte Lesezeit":"2\u00a0Minuten"},"schema":{"@context":"https:\/\/schema.org","@graph":[{"@type":"WebPage","@id":"https:\/\/www.baumbiologie.com\/?page_id=1849","url":"https:\/\/www.baumbiologie.com\/?page_id=1849","name":"Kurse zum FLL-zertifizierten Baumkontrolleur - Sachverst\u00e4ndigenb\u00fcro f\u00fcr Baumbiologie","isPartOf":{"@id":"https:\/\/www.baumbiologie.com\/#website"},"datePublished":"2021-02-25T10:20:25+00:00","dateModified":"2025-12-11T13:30:58+00:00","description":"Baumkontrolleur-Ausbildung im Rhein-Main-Gebiet f\u00fcr Frankfurt, Wiesbaden, Mainz, Rheingau, Taunus","breadcrumb":{"@id":"https:\/\/www.baumbiologie.com\/?page_id=1849#breadcrumb"},"inLanguage":"de","potentialAction":[{"@type":"ReadAction","target":["https:\/\/www.baumbiologie.com\/?page_id=1849"]}]},{"@type":"BreadcrumbList","@id":"https:\/\/www.baumbiologie.com\/?page_id=1849#breadcrumb","itemListElement":[{"@type":"ListItem","position":1,"name":"Startseite","item":"https:\/\/www.baumbiologie.com\/"},{"@type":"ListItem","position":2,"name":"Kurse zum FLL-zertifizierten Baumkontrolleur"}]},{"@type":"WebSite","@id":"https:\/\/www.baumbiologie.com\/#website","url":"https:\/\/www.baumbiologie.com\/","name":"Sachverst\u00e4ndigenb\u00fcro f\u00fcr Baumbiologie","description":"Baumgutachten - Forschung - Seminare","potentialAction":[{"@type":"SearchAction","target":{"@type":"EntryPoint","urlTemplate":"https:\/\/www.baumbiologie.com\/?s={search_term_string}"},"query-input":{"@type":"PropertyValueSpecification","valueRequired":true,"valueName":"search_term_string"}}],"inLanguage":"de"}]}},"_links":{"self":[{"href":"https:\/\/www.baumbiologie.com\/index.php?rest_route=\/wp\/v2\/pages\/1849","targetHints":{"allow":["GET"]}}],"collection":[{"href":"https:\/\/www.baumbiologie.com\/index.php?rest_route=\/wp\/v2\/pages"}],"about":[{"href":"https:\/\/www.baumbiologie.com\/index.php?rest_route=\/wp\/v2\/types\/page"}],"author":[{"embeddable":true,"href":"https:\/\/www.baumbiologie.com\/index.php?rest_route=\/wp\/v2\/users\/1"}],"replies":[{"embeddable":true,"href":"https:\/\/www.baumbiologie.com\/index.php?rest_route=%2Fwp%2Fv2%2Fcomments&post=1849"}],"version-history":[{"count":81,"href":"https:\/\/www.baumbiologie.com\/index.php?rest_route=\/wp\/v2\/pages\/1849\/revisions"}],"predecessor-version":[{"id":3259,"href":"https:\/\/www.baumbiologie.com\/index.php?rest_route=\/wp\/v2\/pages\/1849\/revisions\/3259"}],"wp:attachment":[{"href":"https:\/\/www.baumbiologie.com\/index.php?rest_route=%2Fwp%2Fv2%2Fmedia&parent=1849"}],"curies":[{"name":"wp","href":"https:\/\/api.w.org\/{rel}","templated":true}]}}