{"id":115,"date":"2020-07-02T14:07:21","date_gmt":"2020-07-02T14:07:21","guid":{"rendered":"http:\/\/www.baumbiologie.com\/?page_id=115"},"modified":"2023-10-17T11:43:10","modified_gmt":"2023-10-17T11:43:10","slug":"lehrtaetigkeiten","status":"publish","type":"page","link":"https:\/\/www.baumbiologie.com\/?page_id=115","title":{"rendered":"Lehrt\u00e4tigkeiten"},"content":{"rendered":"\n<p><strong>Lehrbeauftragter an der <a href=\"https:\/\/www.hs-geisenheim.de\/\">Hochschule Geisenheim<\/a> (seit 2023)<\/strong><\/p>\n\n\n\n<p><strong><a href=\"https:\/\/www.baumbiologie.com\/?page_id=59\">Eigenst\u00e4ndige Kursveranstaltungen<\/a> (seit 2021)<\/strong><\/p>\n\n\n\n<ul class=\"wp-block-list\">\n<li><a href=\"https:\/\/www.baumbiologie.com\/?page_id=1849\">FLL-zertifizierter Baumkontrolleur<\/a><\/li>\n\n\n\n<li><a href=\"https:\/\/www.baumbiologie.com\/?page_id=1874\">Holzanatomie<\/a><\/li>\n\n\n\n<li><a href=\"https:\/\/www.baumbiologie.com\/?page_id=1878\">Baumbiologie<\/a><\/li>\n\n\n\n<li><a href=\"https:\/\/www.baumbiologie.com\/?page_id=1872\">Holzzersetzende Pilze<\/a><\/li>\n\n\n\n<li><a href=\"https:\/\/www.baumbiologie.com\/?page_id=2497\">Eingehende Untersuchungen<\/a><\/li>\n<\/ul>\n\n\n\n<p><strong><a href=\"https:\/\/nuernbergerschule.de\/\">N\u00fcrnberger Schule<\/a> (seit 2020)<\/strong><\/p>\n\n\n\n<ul class=\"wp-block-list\">\n<li><a href=\"https:\/\/nuernbergerschule.de\/kursangebot\/sachverstaendiger\/\">Baumsachverst\u00e4ndigenausbildung<\/a>\n<ul class=\"wp-block-list\">\n<li>Holzanatomie<\/li>\n\n\n\n<li>Baumbiologie<\/li>\n\n\n\n<li>Holzzersetzende Pilze<\/li>\n<\/ul>\n<\/li>\n<\/ul>\n\n\n\n<p><strong><a href=\"https:\/\/www.hs-geisenheim.de\/\">Hochschule Geisenheim<\/a> (2015-2020)<\/strong><\/p>\n\n\n\n<ul class=\"wp-block-list\">\n<li>Studiengang <a href=\"https:\/\/www.hs-geisenheim.de\/gartenbau-bsc\/\">B.Sc. Gartenbau<\/a>\n<ul class=\"wp-block-list\">\n<li>\u00dcbungen zum Fachgebiet Baumschule, \u00dcbung<\/li>\n\n\n\n<li>Exkursionen zum Fachgebiet Baumschule, Exkursion<\/li>\n\n\n\n<li>Baumschule, Vorlesung<\/li>\n\n\n\n<li>Spezielle Geh\u00f6lzphysiologie, Vorlesung<\/li>\n\n\n\n<li>Geh\u00f6lzmorphologische \u00dcbungen, \u00dcbung<\/li>\n\n\n\n<li>Geh\u00f6lzverwendung, Vorlesung mit \u00dcbungen<\/li>\n\n\n\n<li>Berufspraktisches Projektsemester, Betreuung<\/li>\n<\/ul>\n<\/li>\n\n\n\n<li>Studiengang <a href=\"https:\/\/www.hs-geisenheim.de\/landschaftsarchitektur-beng\/\">B.Sc. Landschaftsarchitektur<\/a>\n<ul class=\"wp-block-list\">\n<li>Modul Gr\u00fcnfl\u00e4chenmanagement, Baumpflege, Vorlesung<\/li>\n<\/ul>\n<\/li>\n\n\n\n<li>Studieng\u00e4nge <a href=\"https:\/\/www.hs-geisenheim.de\/gartenbauwissenschaft-msc\/\">M.Sc. Gartenbauwissenschaften<\/a> \/ <a href=\"https:\/\/www.hs-geisenheim.de\/landschaftsarchitektur-msc\/\">Landschaftsarchitektur<\/a>\n<ul class=\"wp-block-list\">\n<li>Grundlagen der Arboristik, Vorlesung<\/li>\n\n\n\n<li>Baumkontrolle und Baumgutachten, \u00dcbung<\/li>\n\n\n\n<li>Forschungsmodul II, Betreuung<\/li>\n\n\n\n<li>Baumgutachterliche Methoden f\u00fcr Fortgeschrittene, Vorlesung mit \u00dcbung<\/li>\n\n\n\n<li>Wissenschaftliche Ergebnisse aus der Baumpflege und Baumdiagnostik, Seminar<\/li>\n<\/ul>\n<\/li>\n<\/ul>\n\n\n\n<p><strong><a href=\"https:\/\/www.uni-goettingen.de\/\">Universit\u00e4t G\u00f6ttingen<\/a> (2011-2013)<\/strong><\/p>\n\n\n\n<ul class=\"wp-block-list\">\n<li>Studiengang <a href=\"https:\/\/www.uni-goettingen.de\/de\/m.sc.+%22forstwissenschaften+und+wald%C3%B6kologie%22+%28deutschsprachiger+studiengang%29\/73415.html\">M.Sc. Forstwissenschaften und Wald\u00f6kologie<\/a>\n<ul class=\"wp-block-list\">\n<li>Stressphysiologie der Geh\u00f6lze, Vorlesung mit \u00dcbung und Exkursion<\/li>\n<\/ul>\n<\/li>\n<\/ul>\n\n\n\n<p><strong>Abschlussarbeiten<\/strong><\/p>\n\n\n\n<p>Betreuung von zahlreichen Bachelor- und\/oder Masterarbeiten der Philipps-Universit\u00e4t Marburg, der Hochschule Geisenheim und der Georg-August-Universit\u00e4t G\u00f6ttingen.<\/p>\n","protected":false},"excerpt":{"rendered":"<p>Lehrbeauftragter an der Hochschule Geisenheim (seit 2023) Eigenst\u00e4ndige Kursveranstaltungen (seit 2021) N\u00fcrnberger Schule (seit 2020) Hochschule Geisenheim (2015-2020) Universit\u00e4t G\u00f6ttingen &hellip; <\/p>\n","protected":false},"author":1,"featured_media":0,"parent":0,"menu_order":0,"comment_status":"closed","ping_status":"closed","template":"","meta":{"_monsterinsights_skip_tracking":false,"_monsterinsights_sitenote_active":false,"_monsterinsights_sitenote_note":"","_monsterinsights_sitenote_category":0,"footnotes":""},"class_list":["post-115","page","type-page","status-publish","hentry"],"yoast_head":"<!-- This site is optimized with the Yoast SEO plugin v27.4 - https:\/\/yoast.com\/product\/yoast-seo-wordpress\/ -->\n<title>Lehrt\u00e4tigkeiten - Sachverst\u00e4ndigenb\u00fcro f\u00fcr Baumbiologie<\/title>\n<meta name=\"robots\" content=\"index, follow, max-snippet:-1, max-image-preview:large, max-video-preview:-1\" \/>\n<link rel=\"canonical\" href=\"https:\/\/www.baumbiologie.com\/?page_id=115\" \/>\n<meta property=\"og:locale\" content=\"de_DE\" \/>\n<meta property=\"og:type\" content=\"article\" \/>\n<meta property=\"og:title\" content=\"Lehrt\u00e4tigkeiten - Sachverst\u00e4ndigenb\u00fcro f\u00fcr Baumbiologie\" \/>\n<meta property=\"og:description\" content=\"Lehrbeauftragter an der Hochschule Geisenheim (seit 2023) Eigenst\u00e4ndige Kursveranstaltungen (seit 2021) N\u00fcrnberger Schule (seit 2020) Hochschule Geisenheim (2015-2020) Universit\u00e4t G\u00f6ttingen &hellip;\" \/>\n<meta property=\"og:url\" content=\"https:\/\/www.baumbiologie.com\/?page_id=115\" \/>\n<meta property=\"og:site_name\" content=\"Sachverst\u00e4ndigenb\u00fcro f\u00fcr Baumbiologie\" \/>\n<meta property=\"article:modified_time\" content=\"2023-10-17T11:43:10+00:00\" \/>\n<meta name=\"twitter:card\" content=\"summary_large_image\" \/>\n<meta name=\"twitter:label1\" content=\"Gesch\u00e4tzte Lesezeit\" \/>\n\t<meta name=\"twitter:data1\" content=\"1\u00a0Minute\" \/>\n<script type=\"application\/ld+json\" class=\"yoast-schema-graph\">{\"@context\":\"https:\\\/\\\/schema.org\",\"@graph\":[{\"@type\":\"WebPage\",\"@id\":\"https:\\\/\\\/www.baumbiologie.com\\\/?page_id=115\",\"url\":\"https:\\\/\\\/www.baumbiologie.com\\\/?page_id=115\",\"name\":\"Lehrt\u00e4tigkeiten - Sachverst\u00e4ndigenb\u00fcro f\u00fcr Baumbiologie\",\"isPartOf\":{\"@id\":\"https:\\\/\\\/www.baumbiologie.com\\\/#website\"},\"datePublished\":\"2020-07-02T14:07:21+00:00\",\"dateModified\":\"2023-10-17T11:43:10+00:00\",\"breadcrumb\":{\"@id\":\"https:\\\/\\\/www.baumbiologie.com\\\/?page_id=115#breadcrumb\"},\"inLanguage\":\"de\",\"potentialAction\":[{\"@type\":\"ReadAction\",\"target\":[\"https:\\\/\\\/www.baumbiologie.com\\\/?page_id=115\"]}]},{\"@type\":\"BreadcrumbList\",\"@id\":\"https:\\\/\\\/www.baumbiologie.com\\\/?page_id=115#breadcrumb\",\"itemListElement\":[{\"@type\":\"ListItem\",\"position\":1,\"name\":\"Startseite\",\"item\":\"https:\\\/\\\/www.baumbiologie.com\\\/\"},{\"@type\":\"ListItem\",\"position\":2,\"name\":\"Lehrt\u00e4tigkeiten\"}]},{\"@type\":\"WebSite\",\"@id\":\"https:\\\/\\\/www.baumbiologie.com\\\/#website\",\"url\":\"https:\\\/\\\/www.baumbiologie.com\\\/\",\"name\":\"Sachverst\u00e4ndigenb\u00fcro f\u00fcr Baumbiologie\",\"description\":\"Baumgutachten - Forschung - Seminare\",\"potentialAction\":[{\"@type\":\"SearchAction\",\"target\":{\"@type\":\"EntryPoint\",\"urlTemplate\":\"https:\\\/\\\/www.baumbiologie.com\\\/?s={search_term_string}\"},\"query-input\":{\"@type\":\"PropertyValueSpecification\",\"valueRequired\":true,\"valueName\":\"search_term_string\"}}],\"inLanguage\":\"de\"}]}<\/script>\n<!-- \/ Yoast SEO plugin. -->","yoast_head_json":{"title":"Lehrt\u00e4tigkeiten - Sachverst\u00e4ndigenb\u00fcro f\u00fcr Baumbiologie","robots":{"index":"index","follow":"follow","max-snippet":"max-snippet:-1","max-image-preview":"max-image-preview:large","max-video-preview":"max-video-preview:-1"},"canonical":"https:\/\/www.baumbiologie.com\/?page_id=115","og_locale":"de_DE","og_type":"article","og_title":"Lehrt\u00e4tigkeiten - Sachverst\u00e4ndigenb\u00fcro f\u00fcr Baumbiologie","og_description":"Lehrbeauftragter an der Hochschule Geisenheim (seit 2023) Eigenst\u00e4ndige Kursveranstaltungen (seit 2021) N\u00fcrnberger Schule (seit 2020) Hochschule Geisenheim (2015-2020) Universit\u00e4t G\u00f6ttingen &hellip;","og_url":"https:\/\/www.baumbiologie.com\/?page_id=115","og_site_name":"Sachverst\u00e4ndigenb\u00fcro f\u00fcr Baumbiologie","article_modified_time":"2023-10-17T11:43:10+00:00","twitter_card":"summary_large_image","twitter_misc":{"Gesch\u00e4tzte Lesezeit":"1\u00a0Minute"},"schema":{"@context":"https:\/\/schema.org","@graph":[{"@type":"WebPage","@id":"https:\/\/www.baumbiologie.com\/?page_id=115","url":"https:\/\/www.baumbiologie.com\/?page_id=115","name":"Lehrt\u00e4tigkeiten - Sachverst\u00e4ndigenb\u00fcro f\u00fcr Baumbiologie","isPartOf":{"@id":"https:\/\/www.baumbiologie.com\/#website"},"datePublished":"2020-07-02T14:07:21+00:00","dateModified":"2023-10-17T11:43:10+00:00","breadcrumb":{"@id":"https:\/\/www.baumbiologie.com\/?page_id=115#breadcrumb"},"inLanguage":"de","potentialAction":[{"@type":"ReadAction","target":["https:\/\/www.baumbiologie.com\/?page_id=115"]}]},{"@type":"BreadcrumbList","@id":"https:\/\/www.baumbiologie.com\/?page_id=115#breadcrumb","itemListElement":[{"@type":"ListItem","position":1,"name":"Startseite","item":"https:\/\/www.baumbiologie.com\/"},{"@type":"ListItem","position":2,"name":"Lehrt\u00e4tigkeiten"}]},{"@type":"WebSite","@id":"https:\/\/www.baumbiologie.com\/#website","url":"https:\/\/www.baumbiologie.com\/","name":"Sachverst\u00e4ndigenb\u00fcro f\u00fcr Baumbiologie","description":"Baumgutachten - Forschung - Seminare","potentialAction":[{"@type":"SearchAction","target":{"@type":"EntryPoint","urlTemplate":"https:\/\/www.baumbiologie.com\/?s={search_term_string}"},"query-input":{"@type":"PropertyValueSpecification","valueRequired":true,"valueName":"search_term_string"}}],"inLanguage":"de"}]}},"_links":{"self":[{"href":"https:\/\/www.baumbiologie.com\/index.php?rest_route=\/wp\/v2\/pages\/115","targetHints":{"allow":["GET"]}}],"collection":[{"href":"https:\/\/www.baumbiologie.com\/index.php?rest_route=\/wp\/v2\/pages"}],"about":[{"href":"https:\/\/www.baumbiologie.com\/index.php?rest_route=\/wp\/v2\/types\/page"}],"author":[{"embeddable":true,"href":"https:\/\/www.baumbiologie.com\/index.php?rest_route=\/wp\/v2\/users\/1"}],"replies":[{"embeddable":true,"href":"https:\/\/www.baumbiologie.com\/index.php?rest_route=%2Fwp%2Fv2%2Fcomments&post=115"}],"version-history":[{"count":12,"href":"https:\/\/www.baumbiologie.com\/index.php?rest_route=\/wp\/v2\/pages\/115\/revisions"}],"predecessor-version":[{"id":2949,"href":"https:\/\/www.baumbiologie.com\/index.php?rest_route=\/wp\/v2\/pages\/115\/revisions\/2949"}],"wp:attachment":[{"href":"https:\/\/www.baumbiologie.com\/index.php?rest_route=%2Fwp%2Fv2%2Fmedia&parent=115"}],"curies":[{"name":"wp","href":"https:\/\/api.w.org\/{rel}","templated":true}]}}