{"id":111,"date":"2020-07-02T14:05:57","date_gmt":"2020-07-02T14:05:57","guid":{"rendered":"http:\/\/www.baumbiologie.com\/?page_id=111"},"modified":"2026-04-22T11:27:12","modified_gmt":"2026-04-22T11:27:12","slug":"lebenslauf","status":"publish","type":"page","link":"https:\/\/www.baumbiologie.com\/?page_id=111","title":{"rendered":"Lebenslauf"},"content":{"rendered":"\n<ul class=\"wp-block-list\">\n<li>Seit 2025: \u00d6ffentliche Bestellung und Vereidigung als Sachverst\u00e4ndiger durch das Regierungspr\u00e4sidium Kassel im Sachgebiet 2.4.4 (Baumpflege, Verkehrssicherheit von B\u00e4umen und Baumwertermittlung)<\/li>\n<\/ul>\n\n\n\n<ul class=\"wp-block-list\">\n<li>Seit 2023: Lehrbeauftragter an der <a href=\"https:\/\/www.hs-geisenheim.de\/\">Hochschule Geisenheim<\/a><\/li>\n<\/ul>\n\n\n\n<ul class=\"wp-block-list\">\n<li>Seit 2020: T\u00e4tigkeit als selbst\u00e4ndiger Baumgutachter und Gr\u00fcndung des <a href=\"https:\/\/www.baumbiologie.com\/\">Sachverst\u00e4ndigenb\u00fcros f\u00fcr Baumbiologie<\/a> (R\u00fcdesheim am Rhein)<\/li>\n<\/ul>\n\n\n\n<ul class=\"wp-block-list\">\n<li>2019 &#8211; 2022: Wissenschaftlicher Mitarbeiter in der <a href=\"https:\/\/www.uni-marburg.de\/de\/fb17\/fachgebiete\/oekologie\/ag-opgenoorth\" target=\"_blank\" rel=\"noreferrer noopener\">AG Pflanzen\u00f6kologie und Geobotanik<\/a> der Philipps-Universit\u00e4t Marburg im Projekt <a href=\"https:\/\/www.uni-marburg.de\/de\/fb19\/natur40\" target=\"_blank\" rel=\"noreferrer noopener\">Natur 4.0<\/a>; Themenschwerpunkt: Monitoring und Stressphysiologie von Einzelb\u00e4umen<\/li>\n<\/ul>\n\n\n\n<ul class=\"wp-block-list\">\n<li>2015 &#8211; 2020: Wissenschaftlicher Mitarbeiter am <a href=\"https:\/\/www.hs-geisenheim.de\/forschung\/institute\/urbaner-gartenbau-und-pflanzenverwendung\/ueberblick-institut-fuer-urbanen-gartenbau-und-pflanzenverwendung\/\" target=\"_blank\" rel=\"noreferrer noopener\">Institut f\u00fcr Urbanen Gartenbau &amp; Pflanzenverwendung <\/a>der Hochschule Geisenheim; Themenschwerpunkte: Baumschule, Baumphysiologie und Arboristik<\/li>\n<\/ul>\n\n\n\n<ul class=\"wp-block-list\">\n<li>2014: Baumsachverst\u00e4ndiger im <a href=\"https:\/\/www.sv-siegert.de\/\" target=\"_blank\" rel=\"noreferrer noopener\">Sachverst\u00e4ndigenb\u00fcro Siegert<\/a> (N\u00fcrnberg) und selbst\u00e4ndiger Baumsachverst\u00e4ndiger (G\u00f6ttingen)<\/li>\n<\/ul>\n\n\n\n<ul class=\"wp-block-list\">\n<li>2010 &#8211; 2014: Wissenschaftlicher Mitarbeiter am B\u00fcsgen-Institut, <a href=\"https:\/\/www.uni-goettingen.de\/de\/67024.html\" target=\"_blank\" rel=\"noreferrer noopener\">Abt. Forstbotanik und Baumphysiologie<\/a>, Georg-August-Universit\u00e4t G\u00f6ttingen, Promotion im Fachgebiet Forstwissenschaften, Thema der Dissertation:&nbsp; <a href=\"https:\/\/ediss.uni-goettingen.de\/handle\/11858\/00-1735-0000-0022-5E87-0?show=full\" target=\"_blank\" rel=\"noreferrer noopener\">Mykorrhizafunktion bei der Konkurrenz um Stickstoff in Kalkbuchenw\u00e4ldern<\/a>, Beurteilung: <em>magna cum laude<\/em><\/li>\n<\/ul>\n\n\n\n<ul class=\"wp-block-list\">\n<li>2008 &#8211; 2010: B\u00fcroleiter und stellv. Gesch\u00e4ftsf\u00fchrer der <a href=\"https:\/\/baumkletterschule.de\/cms\/\" target=\"_blank\" rel=\"noreferrer noopener\">M\u00fcnchner Baumkletterschule<\/a>, Gilching (Bundesweite Organisation von Kursen f\u00fcr professionelle Baumpfleger: SKT A\/B, AS Baum I\/II, FLL-zert. Baumkontrolleur, Fachagrarwirt Baumpflege, European Tree Worker\/Technician)<\/li>\n<\/ul>\n\n\n\n<ul class=\"wp-block-list\">\n<li>2008: Kartierung und Bestimmung von Geh\u00f6lzen im <a href=\"https:\/\/www.hessen-forst.de\/arboretum\/\" target=\"_blank\" rel=\"noreferrer noopener\">Arboretum Main-Taunus<\/a> als Hilfswissenschaftler<\/li>\n<\/ul>\n\n\n\n<ul class=\"wp-block-list\">\n<li>2005 &#8211; 2008: <a href=\"https:\/\/www.uni-goettingen.de\/de\/m.sc.+%22forstwissenschaften+und+wald%c3%b6kologie%22+%28deutschsprachiger+studiengang%29\/73415.html\" target=\"_blank\" rel=\"noreferrer noopener\">Master-Studium der Forstwissenschaften und Wald\u00f6kologie<\/a> an der Georg-August-Universit\u00e4t G\u00f6ttingen, Schwerpunkt \u201eHolzbiologie und Holztechnologie\u201c, Thema der Masterarbeit: \u201eSchalltomographische Untersuchung simulierter Defekte in Baumscheiben und der Einfluss von Temperatur und Holzfeuchte auf die Schallgeschwindigkeit\u201c<\/li>\n<\/ul>\n\n\n\n<ul class=\"wp-block-list\">\n<li>2002 &#8211; 2005: <a href=\"https:\/\/www.uni-goettingen.de\/de\/studium\/74283.html\" target=\"_blank\" rel=\"noreferrer noopener\">Bachelor-Studium der Forstwissenschaften und Wald\u00f6kologie<\/a> an der Georg-August-Universit\u00e4t G\u00f6ttingen<\/li>\n<\/ul>\n\n\n\n<ul class=\"wp-block-list\"><\/ul>\n\n\n\n<ul class=\"wp-block-list\"><\/ul>\n\n\n\n<h2 class=\"wp-block-heading\">Mitgliedschaften<\/h2>\n\n\n\n<ul class=\"wp-block-list\">\n<li>DDG (Deutsche Dendrologische Gesellschaft)<\/li>\n\n\n\n<li>DGfM (Deutsche Gesellschaft f\u00fcr Mykologie)<\/li>\n<\/ul>\n\n\n\n<p><\/p>\n","protected":false},"excerpt":{"rendered":"<p>Mitgliedschaften<\/p>\n","protected":false},"author":1,"featured_media":0,"parent":0,"menu_order":0,"comment_status":"closed","ping_status":"closed","template":"","meta":{"_monsterinsights_skip_tracking":false,"_monsterinsights_sitenote_active":false,"_monsterinsights_sitenote_note":"","_monsterinsights_sitenote_category":0,"footnotes":""},"class_list":["post-111","page","type-page","status-publish","hentry"],"yoast_head":"<!-- This site is optimized with the Yoast SEO plugin v27.5 - https:\/\/yoast.com\/product\/yoast-seo-wordpress\/ -->\n<title>Lebenslauf - Sachverst\u00e4ndigenb\u00fcro f\u00fcr Baumbiologie<\/title>\n<meta name=\"robots\" content=\"index, follow, max-snippet:-1, max-image-preview:large, max-video-preview:-1\" \/>\n<link rel=\"canonical\" href=\"https:\/\/www.baumbiologie.com\/?page_id=111\" \/>\n<meta property=\"og:locale\" content=\"de_DE\" \/>\n<meta property=\"og:type\" content=\"article\" \/>\n<meta property=\"og:title\" content=\"Lebenslauf - Sachverst\u00e4ndigenb\u00fcro f\u00fcr Baumbiologie\" \/>\n<meta property=\"og:description\" content=\"Mitgliedschaften\" \/>\n<meta property=\"og:url\" content=\"https:\/\/www.baumbiologie.com\/?page_id=111\" \/>\n<meta property=\"og:site_name\" content=\"Sachverst\u00e4ndigenb\u00fcro f\u00fcr Baumbiologie\" \/>\n<meta property=\"article:modified_time\" content=\"2026-04-22T11:27:12+00:00\" \/>\n<meta name=\"twitter:card\" content=\"summary_large_image\" \/>\n<meta name=\"twitter:label1\" content=\"Gesch\u00e4tzte Lesezeit\" \/>\n\t<meta name=\"twitter:data1\" content=\"2\u00a0Minuten\" \/>\n<script type=\"application\/ld+json\" class=\"yoast-schema-graph\">{\"@context\":\"https:\\\/\\\/schema.org\",\"@graph\":[{\"@type\":\"WebPage\",\"@id\":\"https:\\\/\\\/www.baumbiologie.com\\\/?page_id=111\",\"url\":\"https:\\\/\\\/www.baumbiologie.com\\\/?page_id=111\",\"name\":\"Lebenslauf - Sachverst\u00e4ndigenb\u00fcro f\u00fcr Baumbiologie\",\"isPartOf\":{\"@id\":\"https:\\\/\\\/www.baumbiologie.com\\\/#website\"},\"datePublished\":\"2020-07-02T14:05:57+00:00\",\"dateModified\":\"2026-04-22T11:27:12+00:00\",\"breadcrumb\":{\"@id\":\"https:\\\/\\\/www.baumbiologie.com\\\/?page_id=111#breadcrumb\"},\"inLanguage\":\"de\",\"potentialAction\":[{\"@type\":\"ReadAction\",\"target\":[\"https:\\\/\\\/www.baumbiologie.com\\\/?page_id=111\"]}]},{\"@type\":\"BreadcrumbList\",\"@id\":\"https:\\\/\\\/www.baumbiologie.com\\\/?page_id=111#breadcrumb\",\"itemListElement\":[{\"@type\":\"ListItem\",\"position\":1,\"name\":\"Startseite\",\"item\":\"https:\\\/\\\/www.baumbiologie.com\\\/\"},{\"@type\":\"ListItem\",\"position\":2,\"name\":\"Lebenslauf\"}]},{\"@type\":\"WebSite\",\"@id\":\"https:\\\/\\\/www.baumbiologie.com\\\/#website\",\"url\":\"https:\\\/\\\/www.baumbiologie.com\\\/\",\"name\":\"Sachverst\u00e4ndigenb\u00fcro f\u00fcr Baumbiologie\",\"description\":\"Baumgutachten - Forschung - Seminare\",\"potentialAction\":[{\"@type\":\"SearchAction\",\"target\":{\"@type\":\"EntryPoint\",\"urlTemplate\":\"https:\\\/\\\/www.baumbiologie.com\\\/?s={search_term_string}\"},\"query-input\":{\"@type\":\"PropertyValueSpecification\",\"valueRequired\":true,\"valueName\":\"search_term_string\"}}],\"inLanguage\":\"de\"}]}<\/script>\n<!-- \/ Yoast SEO plugin. -->","yoast_head_json":{"title":"Lebenslauf - Sachverst\u00e4ndigenb\u00fcro f\u00fcr Baumbiologie","robots":{"index":"index","follow":"follow","max-snippet":"max-snippet:-1","max-image-preview":"max-image-preview:large","max-video-preview":"max-video-preview:-1"},"canonical":"https:\/\/www.baumbiologie.com\/?page_id=111","og_locale":"de_DE","og_type":"article","og_title":"Lebenslauf - Sachverst\u00e4ndigenb\u00fcro f\u00fcr Baumbiologie","og_description":"Mitgliedschaften","og_url":"https:\/\/www.baumbiologie.com\/?page_id=111","og_site_name":"Sachverst\u00e4ndigenb\u00fcro f\u00fcr Baumbiologie","article_modified_time":"2026-04-22T11:27:12+00:00","twitter_card":"summary_large_image","twitter_misc":{"Gesch\u00e4tzte Lesezeit":"2\u00a0Minuten"},"schema":{"@context":"https:\/\/schema.org","@graph":[{"@type":"WebPage","@id":"https:\/\/www.baumbiologie.com\/?page_id=111","url":"https:\/\/www.baumbiologie.com\/?page_id=111","name":"Lebenslauf - Sachverst\u00e4ndigenb\u00fcro f\u00fcr Baumbiologie","isPartOf":{"@id":"https:\/\/www.baumbiologie.com\/#website"},"datePublished":"2020-07-02T14:05:57+00:00","dateModified":"2026-04-22T11:27:12+00:00","breadcrumb":{"@id":"https:\/\/www.baumbiologie.com\/?page_id=111#breadcrumb"},"inLanguage":"de","potentialAction":[{"@type":"ReadAction","target":["https:\/\/www.baumbiologie.com\/?page_id=111"]}]},{"@type":"BreadcrumbList","@id":"https:\/\/www.baumbiologie.com\/?page_id=111#breadcrumb","itemListElement":[{"@type":"ListItem","position":1,"name":"Startseite","item":"https:\/\/www.baumbiologie.com\/"},{"@type":"ListItem","position":2,"name":"Lebenslauf"}]},{"@type":"WebSite","@id":"https:\/\/www.baumbiologie.com\/#website","url":"https:\/\/www.baumbiologie.com\/","name":"Sachverst\u00e4ndigenb\u00fcro f\u00fcr Baumbiologie","description":"Baumgutachten - Forschung - Seminare","potentialAction":[{"@type":"SearchAction","target":{"@type":"EntryPoint","urlTemplate":"https:\/\/www.baumbiologie.com\/?s={search_term_string}"},"query-input":{"@type":"PropertyValueSpecification","valueRequired":true,"valueName":"search_term_string"}}],"inLanguage":"de"}]}},"_links":{"self":[{"href":"https:\/\/www.baumbiologie.com\/index.php?rest_route=\/wp\/v2\/pages\/111","targetHints":{"allow":["GET"]}}],"collection":[{"href":"https:\/\/www.baumbiologie.com\/index.php?rest_route=\/wp\/v2\/pages"}],"about":[{"href":"https:\/\/www.baumbiologie.com\/index.php?rest_route=\/wp\/v2\/types\/page"}],"author":[{"embeddable":true,"href":"https:\/\/www.baumbiologie.com\/index.php?rest_route=\/wp\/v2\/users\/1"}],"replies":[{"embeddable":true,"href":"https:\/\/www.baumbiologie.com\/index.php?rest_route=%2Fwp%2Fv2%2Fcomments&post=111"}],"version-history":[{"count":28,"href":"https:\/\/www.baumbiologie.com\/index.php?rest_route=\/wp\/v2\/pages\/111\/revisions"}],"predecessor-version":[{"id":3278,"href":"https:\/\/www.baumbiologie.com\/index.php?rest_route=\/wp\/v2\/pages\/111\/revisions\/3278"}],"wp:attachment":[{"href":"https:\/\/www.baumbiologie.com\/index.php?rest_route=%2Fwp%2Fv2%2Fmedia&parent=111"}],"curies":[{"name":"wp","href":"https:\/\/api.w.org\/{rel}","templated":true}]}}