{"id":109,"date":"2020-07-02T14:04:53","date_gmt":"2020-07-02T14:04:53","guid":{"rendered":"http:\/\/www.baumbiologie.com\/?page_id=109"},"modified":"2020-11-20T16:13:21","modified_gmt":"2020-11-20T16:13:21","slug":"startseite-2","status":"publish","type":"page","link":"https:\/\/www.baumbiologie.com\/","title":{"rendered":"Startseite"},"content":{"rendered":"","protected":false},"excerpt":{"rendered":"","protected":false},"author":1,"featured_media":0,"parent":0,"menu_order":0,"comment_status":"closed","ping_status":"closed","template":"","meta":{"_monsterinsights_skip_tracking":false,"_monsterinsights_sitenote_active":false,"_monsterinsights_sitenote_note":"","_monsterinsights_sitenote_category":0,"footnotes":""},"class_list":["post-109","page","type-page","status-publish","hentry"],"yoast_head":"<!-- This site is optimized with the Yoast SEO plugin v27.5 - https:\/\/yoast.com\/product\/yoast-seo-wordpress\/ -->\n<title>Startseite - Sachverst\u00e4ndigenb\u00fcro f\u00fcr Baumbiologie<\/title>\n<meta name=\"description\" content=\"Baumgutachten, Forschung und Seminare - Dr. Martin Leberecht - Wissenschaftlich fundiert - Baumschonend - Schnell. Im Rhein-Main-Gebiet und dar\u00fcber hinaus: Rheingau, Taunus, Wiesbaden, Mainz, Darmstadt, Frankfurt, Gie\u00dfen, Marburg, Darmstadt.\" \/>\n<meta name=\"robots\" content=\"index, follow, max-snippet:-1, max-image-preview:large, max-video-preview:-1\" \/>\n<link rel=\"canonical\" href=\"https:\/\/www.baumbiologie.com\/\" \/>\n<meta property=\"og:locale\" content=\"de_DE\" \/>\n<meta property=\"og:type\" content=\"article\" \/>\n<meta property=\"og:title\" content=\"Startseite - Sachverst\u00e4ndigenb\u00fcro f\u00fcr Baumbiologie\" \/>\n<meta property=\"og:description\" content=\"Baumgutachten, Forschung und Seminare - Dr. Martin Leberecht - Wissenschaftlich fundiert - Baumschonend - Schnell. Im Rhein-Main-Gebiet und dar\u00fcber hinaus: Rheingau, Taunus, Wiesbaden, Mainz, Darmstadt, Frankfurt, Gie\u00dfen, Marburg, Darmstadt.\" \/>\n<meta property=\"og:url\" content=\"https:\/\/www.baumbiologie.com\/\" \/>\n<meta property=\"og:site_name\" content=\"Sachverst\u00e4ndigenb\u00fcro f\u00fcr Baumbiologie\" \/>\n<meta property=\"article:modified_time\" content=\"2020-11-20T16:13:21+00:00\" \/>\n<meta name=\"twitter:card\" content=\"summary_large_image\" \/>\n<script type=\"application\/ld+json\" class=\"yoast-schema-graph\">{\"@context\":\"https:\\\/\\\/schema.org\",\"@graph\":[{\"@type\":\"WebPage\",\"@id\":\"https:\\\/\\\/www.baumbiologie.com\\\/\",\"url\":\"https:\\\/\\\/www.baumbiologie.com\\\/\",\"name\":\"Startseite - Sachverst\u00e4ndigenb\u00fcro f\u00fcr Baumbiologie\",\"isPartOf\":{\"@id\":\"https:\\\/\\\/www.baumbiologie.com\\\/#website\"},\"datePublished\":\"2020-07-02T14:04:53+00:00\",\"dateModified\":\"2020-11-20T16:13:21+00:00\",\"description\":\"Baumgutachten, Forschung und Seminare - Dr. Martin Leberecht - Wissenschaftlich fundiert - Baumschonend - Schnell. Im Rhein-Main-Gebiet und dar\u00fcber hinaus: Rheingau, Taunus, Wiesbaden, Mainz, Darmstadt, Frankfurt, Gie\u00dfen, Marburg, Darmstadt.\",\"breadcrumb\":{\"@id\":\"https:\\\/\\\/www.baumbiologie.com\\\/#breadcrumb\"},\"inLanguage\":\"de\",\"potentialAction\":[{\"@type\":\"ReadAction\",\"target\":[\"https:\\\/\\\/www.baumbiologie.com\\\/\"]}]},{\"@type\":\"BreadcrumbList\",\"@id\":\"https:\\\/\\\/www.baumbiologie.com\\\/#breadcrumb\",\"itemListElement\":[{\"@type\":\"ListItem\",\"position\":1,\"name\":\"Startseite\",\"item\":\"https:\\\/\\\/www.baumbiologie.com\\\/\"},{\"@type\":\"ListItem\",\"position\":2,\"name\":\"Startseite\"}]},{\"@type\":\"WebSite\",\"@id\":\"https:\\\/\\\/www.baumbiologie.com\\\/#website\",\"url\":\"https:\\\/\\\/www.baumbiologie.com\\\/\",\"name\":\"Sachverst\u00e4ndigenb\u00fcro f\u00fcr Baumbiologie\",\"description\":\"Baumgutachten - Forschung - Seminare\",\"potentialAction\":[{\"@type\":\"SearchAction\",\"target\":{\"@type\":\"EntryPoint\",\"urlTemplate\":\"https:\\\/\\\/www.baumbiologie.com\\\/?s={search_term_string}\"},\"query-input\":{\"@type\":\"PropertyValueSpecification\",\"valueRequired\":true,\"valueName\":\"search_term_string\"}}],\"inLanguage\":\"de\"}]}<\/script>\n<!-- \/ Yoast SEO plugin. -->","yoast_head_json":{"title":"Startseite - Sachverst\u00e4ndigenb\u00fcro f\u00fcr Baumbiologie","description":"Baumgutachten, Forschung und Seminare - Dr. Martin Leberecht - Wissenschaftlich fundiert - Baumschonend - Schnell. Im Rhein-Main-Gebiet und dar\u00fcber hinaus: Rheingau, Taunus, Wiesbaden, Mainz, Darmstadt, Frankfurt, Gie\u00dfen, Marburg, Darmstadt.","robots":{"index":"index","follow":"follow","max-snippet":"max-snippet:-1","max-image-preview":"max-image-preview:large","max-video-preview":"max-video-preview:-1"},"canonical":"https:\/\/www.baumbiologie.com\/","og_locale":"de_DE","og_type":"article","og_title":"Startseite - Sachverst\u00e4ndigenb\u00fcro f\u00fcr Baumbiologie","og_description":"Baumgutachten, Forschung und Seminare - Dr. Martin Leberecht - Wissenschaftlich fundiert - Baumschonend - Schnell. Im Rhein-Main-Gebiet und dar\u00fcber hinaus: Rheingau, Taunus, Wiesbaden, Mainz, Darmstadt, Frankfurt, Gie\u00dfen, Marburg, Darmstadt.","og_url":"https:\/\/www.baumbiologie.com\/","og_site_name":"Sachverst\u00e4ndigenb\u00fcro f\u00fcr Baumbiologie","article_modified_time":"2020-11-20T16:13:21+00:00","twitter_card":"summary_large_image","schema":{"@context":"https:\/\/schema.org","@graph":[{"@type":"WebPage","@id":"https:\/\/www.baumbiologie.com\/","url":"https:\/\/www.baumbiologie.com\/","name":"Startseite - Sachverst\u00e4ndigenb\u00fcro f\u00fcr Baumbiologie","isPartOf":{"@id":"https:\/\/www.baumbiologie.com\/#website"},"datePublished":"2020-07-02T14:04:53+00:00","dateModified":"2020-11-20T16:13:21+00:00","description":"Baumgutachten, Forschung und Seminare - Dr. Martin Leberecht - Wissenschaftlich fundiert - Baumschonend - Schnell. Im Rhein-Main-Gebiet und dar\u00fcber hinaus: Rheingau, Taunus, Wiesbaden, Mainz, Darmstadt, Frankfurt, Gie\u00dfen, Marburg, Darmstadt.","breadcrumb":{"@id":"https:\/\/www.baumbiologie.com\/#breadcrumb"},"inLanguage":"de","potentialAction":[{"@type":"ReadAction","target":["https:\/\/www.baumbiologie.com\/"]}]},{"@type":"BreadcrumbList","@id":"https:\/\/www.baumbiologie.com\/#breadcrumb","itemListElement":[{"@type":"ListItem","position":1,"name":"Startseite","item":"https:\/\/www.baumbiologie.com\/"},{"@type":"ListItem","position":2,"name":"Startseite"}]},{"@type":"WebSite","@id":"https:\/\/www.baumbiologie.com\/#website","url":"https:\/\/www.baumbiologie.com\/","name":"Sachverst\u00e4ndigenb\u00fcro f\u00fcr Baumbiologie","description":"Baumgutachten - Forschung - Seminare","potentialAction":[{"@type":"SearchAction","target":{"@type":"EntryPoint","urlTemplate":"https:\/\/www.baumbiologie.com\/?s={search_term_string}"},"query-input":{"@type":"PropertyValueSpecification","valueRequired":true,"valueName":"search_term_string"}}],"inLanguage":"de"}]}},"_links":{"self":[{"href":"https:\/\/www.baumbiologie.com\/index.php?rest_route=\/wp\/v2\/pages\/109","targetHints":{"allow":["GET"]}}],"collection":[{"href":"https:\/\/www.baumbiologie.com\/index.php?rest_route=\/wp\/v2\/pages"}],"about":[{"href":"https:\/\/www.baumbiologie.com\/index.php?rest_route=\/wp\/v2\/types\/page"}],"author":[{"embeddable":true,"href":"https:\/\/www.baumbiologie.com\/index.php?rest_route=\/wp\/v2\/users\/1"}],"replies":[{"embeddable":true,"href":"https:\/\/www.baumbiologie.com\/index.php?rest_route=%2Fwp%2Fv2%2Fcomments&post=109"}],"version-history":[{"count":4,"href":"https:\/\/www.baumbiologie.com\/index.php?rest_route=\/wp\/v2\/pages\/109\/revisions"}],"predecessor-version":[{"id":1817,"href":"https:\/\/www.baumbiologie.com\/index.php?rest_route=\/wp\/v2\/pages\/109\/revisions\/1817"}],"wp:attachment":[{"href":"https:\/\/www.baumbiologie.com\/index.php?rest_route=%2Fwp%2Fv2%2Fmedia&parent=109"}],"curies":[{"name":"wp","href":"https:\/\/api.w.org\/{rel}","templated":true}]}}